{"id":748,"date":"2016-02-14T15:02:34","date_gmt":"2016-02-14T15:02:34","guid":{"rendered":"http:\/\/site.kartonnagejoye.be\/?page_id=748&#038;lang=de"},"modified":"2023-11-28T12:36:44","modified_gmt":"2023-11-28T11:36:44","slug":"kartonnage-joye","status":"publish","type":"page","link":"https:\/\/kartonnagejoye.be\/de\/kartonnage-joye\/","title":{"rendered":"Kartonnage Joye"},"content":{"rendered":"<div class=\"wpb-content-wrapper\"><p>[vc_row][vc_column]<div class=\"ind-title-wrap\"><h1 style=\"\" class=\"ind-title\">\u00dcber Kartonnage Joye<\/h1><\/div>[vc_empty_space height=&#8220;50px&#8220;][vc_single_image image=&#8220;8213&#8243; img_size=&#8220;794&#215;419&#8243; alignment=&#8220;center&#8220; onclick=&#8220;img_link_large&#8220; img_link_target=&#8220;_blank&#8220; el_class=&#8220;img-cw&#8220;][vc_empty_space height=&#8220;50px&#8220;][vc_column_text]Kartonnage Joye ist ein fester Name, wenn es um Papprollen geht. Bei uns erhalten Sie <a href=\"https:\/\/kartonnagejoye.be\/de\/papprollen\/\" target=\"_blank\" rel=\"noopener\"><u>Papprollen<\/u><\/a> und <a href=\"https:\/\/kartonnagejoye.be\/de\/kantenschutzpappen\/\" target=\"_blank\" rel=\"noopener\"><u>Kantenschutzpappen<\/u><\/a> f\u00fcr alle Anforderungen und Anwendungen. Sie erhalten ausschlie\u00dflich hochwertige Produkte, die speziell an Ihre konkreten individuellen Bed\u00fcrfnisse angepasst sind.<\/p>\n<p>In unserem 11.000\u00a0m<sup>2<\/sup> gro\u00dfen Werk im belgischen Ronse stellen wir spiral- und parallelgewickelte Papprollen her. In unserem polnischen Tochtergesellschaft werden <a href=\"https:\/\/kartonnagejoye.be\/de\/kantenschutzpappen\/\" target=\"_blank\" rel=\"noopener\"><u>Kantenschutzpappen<\/u><\/a> gefertigt, mit denen Sie Ihre Produkte w\u00e4hrend des Transports optimal sch\u00fctzen k\u00f6nnen.[\/vc_column_text][vc_empty_space height=&#8220;30px&#8220;][vc_column_text]<\/p>\n<blockquote><p>Wir bieten eine gro\u00dfe Bandbreite an Papprollen mit nahezu allen Durchmessern von 21 bis 720 mm. Zu unserer Produktpalette geh\u00f6ren au\u00dferdem auch verschiedenste Kantenschutzpappen in Ma\u00dfen von 30 \u00d7 30 bis 100 \u00d7 100 mm.<\/p>\n<p>&nbsp;<\/p><\/blockquote>\n<p>[\/vc_column_text][vc_empty_space height=&#8220;30px&#8220;]<div class=\"ind-title-wrap\"><h2 style=\"\" class=\"ind-title\">Kartonnage Joye \u2013 \u00fcber 50 Jahre Erfahrung<\/h2><\/div>[vc_empty_space height=&#8220;25px&#8220;][\/vc_column][\/vc_row][vc_row full_width=&#8220;stretch_row&#8220; css=&#8220;.vc_custom_1692630171913{padding-top: 15px !important;padding-bottom: 15px !important;background-color: #027859 !important;}&#8220;][vc_column][vc_single_image image=&#8220;8209&#8243; img_size=&#8220;793&#215;447&#8243; alignment=&#8220;center&#8220; onclick=&#8220;img_link_large&#8220; img_link_target=&#8220;_blank&#8220; el_class=&#8220;img-cw&#8220;][\/vc_column][\/vc_row][vc_row][vc_column][vc_empty_space height=&#8220;35px&#8220;][vc_column_text]Kartonnage Joye ist schon seit mehr als 50\u00a0Jahren im Bereich Papprollen aktiv. Dank unserer langj\u00e4hrigen Erfahrung kennen wir die Bed\u00fcrfnisse unserer Kunden so gut wie niemand sonst.<\/p>\n<p>Mit den hochmodernen Maschinen f\u00fcr die kontinuierliche Produktion in unseren eigenen Produktionsst\u00e4tten, engagierten und bestens ausgebildeten Besch\u00e4ftigten, unserem gro\u00dfen Lager und einer eigenen Spedition beliefern wir Sie innerhalb nur einer Woche, wenn n\u00f6tig auch noch schneller!<\/p>\n<blockquote><p><em>Jeder einzelne Auftrag wird individuell erledigt: Sie sagen uns, was Sie brauchen, und wir setzen Ihre W\u00fcnsche um.<\/em><\/p><\/blockquote>\n<p>Wir \u00fcbernehmen jeden Aspekt der Papprollen-Fertigung, vom Entwurf \u00fcber das Prototyping bis zur Massenfertigung. Dabei bearbeiten wir jeden Auftrag mit der gr\u00f6\u00dften Sorgfalt und liefern stets Papprollen von h\u00f6chster Qualit\u00e4t.[\/vc_column_text][vc_empty_space height=&#8220;30px&#8220;]<div class=\"ind-title-wrap\"><h2 style=\"\" class=\"ind-title\">Warum sollten Sie sich f\u00fcr Kartonnage Joye entscheiden?<\/h2><\/div>[vc_empty_space height=&#8220;15px&#8220;][vc_column_text]Wir produzieren immer mit gr\u00f6\u00dfter Sorgfalt. Bei uns k\u00f6nnen Sie sich stets auf <strong>eine schnelle Antwort<\/strong> und eine ebenso <strong>schnelle Lieferung<\/strong> sowie <strong>Kundenservice auf allerh\u00f6chstem Niveau<\/strong> verlassen.<\/p>\n<p>Wir sind ein flexibles belgisches Unternehmen und entwickeln unseren Betrieb sowie unsere Produkte und Prozesse kontinuierlich weiter.<\/p>\n<p>Auch die pers\u00f6nliche und berufliche Weiterentwicklung unserer Besch\u00e4ftigten liegt uns sehr am Herzen. Wir legen Wert auf Chancengleichheit und einen respektvollen Umgang miteinander.<\/p>\n<blockquote><p><em>Ein hoher Standard im Hinblick auf pers\u00f6nliche Ethik und Integrit\u00e4t ist uns sehr wichtig.<\/em><\/p><\/blockquote>\n<p>Wir glauben an eine z\u00fcgige, effiziente und kompetente, gleichzeitig aber menschliche und freundliche Herangehensweise sowie eine transparente Kommunikation.[\/vc_column_text][vc_empty_space height=&#8220;30px&#8220;]<div class=\"ind-title-wrap\"><h2 style=\"\" class=\"ind-title\">Nachhaltigkeit wird bei Kartonnage Joye gro\u00dfgeschrieben<\/h2><\/div>[vc_empty_space height=&#8220;15px&#8220;][vc_column_text]In den f\u00fcnf Jahrzehnten unserer Unternehmensgeschichte haben wir in vielen Bereichen zahlreiche kleine und gro\u00dfe Initiativen ergriffen, so auch beim Thema Nachhaltigkeit.<\/p>\n<p>Wir achten darauf, dass unsere gesamte Produktion sowie Verpackung und Transport so nachhaltig wie m\u00f6glich sind. Unsere Lieferfahrzeuge gehen stets nur voll beladen auf Tour, und die Routen werden durch optimale Planung m\u00f6glichst kurz gehalten.<\/p>\n<blockquote><p><em>Einwegpaletten haben wir vollst\u00e4ndig durch Mehrwegpaletten ersetzt. Ferner verwenden wir keine unn\u00f6tigen Verpackungen.<\/em><\/p><\/blockquote>\n<p>Auch in der Produktion leisten wir unseren Beitrag zum Umweltschutz: Unsere Papprollen werden ausschlie\u00dflich aus Recyclingkarton hergestellt und mit wasserbasiertem Leim verklebt. Wir vermeiden Abfall soweit es geht, und nat\u00fcrlich sortieren wir alles f\u00fcr das Recycling.<\/p>\n<p>Und das Sahneh\u00e4ubchen sind die 2.500\u00a0Solarmodule auf unserem Dach, mit denen wir unseren Energiebedarf vollst\u00e4ndig selbst decken k\u00f6nnen.[\/vc_column_text][vc_empty_space height=&#8220;30px&#8220;][\/vc_column][\/vc_row][vc_row][vc_column]<div class=\"ind-title-wrap\"><h2 style=\"\" class=\"ind-title\">Die Unternehmensgeschichte von Kartonnage Joye auf einen Blick<\/h2><\/div>[vc_empty_space height=&#8220;10px&#8220;][vc_column_text]Seit der Gr\u00fcndung unseres Unternehmens im Jahr\u00a01970 hat sich vieles ver\u00e4ndert, doch das Wesentliche ist gleich geblieben: Wir sind und bleiben ein Unternehmen, das umfassende Fachkenntnis mit pragmatischen L\u00f6sungen kombiniert und hohe Qualit\u00e4t stets an die erste Stelle setzt.[\/vc_column_text][vc_empty_space height=&#8220;30px&#8220;]<div class=\"ind-title-wrap\"><h3 style=\"\" class=\"ind-title\">Wer sind wir?<\/h3><\/div>[\/vc_column][\/vc_row][vc_row css=&#8220;.vc_custom_1688566980300{margin-top: 50px !important;}&#8220;][vc_column][vc_single_image image=&#8220;8346&#8243; img_size=&#8220;full&#8220; alignment=&#8220;center&#8220; onclick=&#8220;img_link_large&#8220; img_link_target=&#8220;_blank&#8220; el_class=&#8220;img-cw&#8220; el_id=&#8220;tijdlijn&#8220;][vc_empty_space height=&#8220;15px&#8220; el_class=&#8220;tijdlijn&#8220;]<div class=\"ind-title-wrap\"><h3 style=\"\" class=\"ind-title\">Haben wir Ihr Interesse geweckt?<\/h3><\/div>[vc_empty_space height=&#8220;15px&#8220;][vc_column_text]<a href=\"https:\/\/www.kartonnagejoye.be\/de\/contact\/\">Dann nehmen Sie Kontakt zu uns auf.<\/a> Wir helfen Ihnen gerne weiter![\/vc_column_text][\/vc_column][\/vc_row]<\/p>\n<\/div>","protected":false},"excerpt":{"rendered":"<p>[vc_row][vc_column][vc_empty_space height=&#8220;50px&#8220;][vc_single_image image=&#8220;8213&#8243; img_size=&#8220;794&#215;419&#8243; alignment=&#8220;center&#8220; onclick=&#8220;img_link_large&#8220; img_link_target=&#8220;_blank&#8220; el_class=&#8220;img-cw&#8220;][vc_empty_space height=&#8220;50px&#8220;][vc_column_text]Kartonnage Joye ist ein fester Name, wenn es um Papprollen geht. Bei uns erhalten Sie Papprollen und Kantenschutzpappen f\u00fcr alle Anforderungen und Anwendungen. Sie erhalten ausschlie\u00dflich hochwertige Produkte, die speziell an Ihre konkreten individuellen Bed\u00fcrfnisse angepasst sind. In unserem 11.000\u00a0m2 gro\u00dfen Werk im belgischen Ronse stellen wir [&hellip;]<\/p>\n","protected":false},"author":1,"featured_media":0,"parent":0,"menu_order":0,"comment_status":"closed","ping_status":"closed","template":"","meta":{"footnotes":""},"yoast_head":"<!-- This site is optimized with the Yoast SEO plugin v23.5 - https:\/\/yoast.com\/wordpress\/plugins\/seo\/ -->\n<title>Kartonnage Joye: Papprollen und Kantenschutzpappen<\/title>\n<meta name=\"description\" content=\"Kartonnage Joye ist ein fester Name im Bereich Papprollen. Gro\u00dfe Bandbreite an Durchmessern. Lieferung nach Ma\u00df. Schnelle Lieferung.\" \/>\n<meta name=\"robots\" content=\"index, follow, max-snippet:-1, max-image-preview:large, max-video-preview:-1\" \/>\n<link rel=\"canonical\" href=\"https:\/\/kartonnagejoye.be\/de\/kartonnage-joye\/\" \/>\n<meta property=\"og:locale\" content=\"de_DE\" \/>\n<meta property=\"og:type\" content=\"article\" \/>\n<meta property=\"og:title\" content=\"Kartonnage Joye: Papprollen und Kantenschutzpappen\" \/>\n<meta property=\"og:description\" content=\"Kartonnage Joye ist ein fester Name im Bereich Papprollen. Gro\u00dfe Bandbreite an Durchmessern. Lieferung nach Ma\u00df. Schnelle Lieferung.\" \/>\n<meta property=\"og:url\" content=\"https:\/\/kartonnagejoye.be\/de\/kartonnage-joye\/\" \/>\n<meta property=\"og:site_name\" content=\"Kartonnage Joye\" \/>\n<meta property=\"article:publisher\" content=\"https:\/\/www.facebook.com\/kartonnagejoye\/\" \/>\n<meta property=\"article:modified_time\" content=\"2023-11-28T11:36:44+00:00\" \/>\n<meta name=\"twitter:card\" content=\"summary_large_image\" \/>\n<meta name=\"twitter:label1\" content=\"Gesch\u00e4tzte Lesezeit\" \/>\n\t<meta name=\"twitter:data1\" content=\"3\u00a0Minuten\" \/>\n<script type=\"application\/ld+json\" class=\"yoast-schema-graph\">{\"@context\":\"https:\/\/schema.org\",\"@graph\":[{\"@type\":\"WebPage\",\"@id\":\"https:\/\/kartonnagejoye.be\/de\/kartonnage-joye\/\",\"url\":\"https:\/\/kartonnagejoye.be\/de\/kartonnage-joye\/\",\"name\":\"Kartonnage Joye: Papprollen und Kantenschutzpappen\",\"isPartOf\":{\"@id\":\"https:\/\/kartonnagejoye.be\/#website\"},\"datePublished\":\"2016-02-14T15:02:34+00:00\",\"dateModified\":\"2023-11-28T11:36:44+00:00\",\"description\":\"Kartonnage Joye ist ein fester Name im Bereich Papprollen. Gro\u00dfe Bandbreite an Durchmessern. Lieferung nach Ma\u00df. Schnelle Lieferung.\",\"breadcrumb\":{\"@id\":\"https:\/\/kartonnagejoye.be\/de\/kartonnage-joye\/#breadcrumb\"},\"inLanguage\":\"de\",\"potentialAction\":[{\"@type\":\"ReadAction\",\"target\":[\"https:\/\/kartonnagejoye.be\/de\/kartonnage-joye\/\"]}]},{\"@type\":\"BreadcrumbList\",\"@id\":\"https:\/\/kartonnagejoye.be\/de\/kartonnage-joye\/#breadcrumb\",\"itemListElement\":[{\"@type\":\"ListItem\",\"position\":1,\"name\":\"Home\",\"item\":\"https:\/\/kartonnagejoye.be\/de\/\"},{\"@type\":\"ListItem\",\"position\":2,\"name\":\"Kartonnage Joye\"}]},{\"@type\":\"WebSite\",\"@id\":\"https:\/\/kartonnagejoye.be\/#website\",\"url\":\"https:\/\/kartonnagejoye.be\/\",\"name\":\"Kartonnage Joye\",\"description\":\"Verdeler van kartonnen kokers en hoekprofielen\",\"potentialAction\":[{\"@type\":\"SearchAction\",\"target\":{\"@type\":\"EntryPoint\",\"urlTemplate\":\"https:\/\/kartonnagejoye.be\/?s={search_term_string}\"},\"query-input\":{\"@type\":\"PropertyValueSpecification\",\"valueRequired\":true,\"valueName\":\"search_term_string\"}}],\"inLanguage\":\"de\"}]}<\/script>\n<!-- \/ Yoast SEO plugin. -->","yoast_head_json":{"title":"Kartonnage Joye: Papprollen und Kantenschutzpappen","description":"Kartonnage Joye ist ein fester Name im Bereich Papprollen. Gro\u00dfe Bandbreite an Durchmessern. Lieferung nach Ma\u00df. Schnelle Lieferung.","robots":{"index":"index","follow":"follow","max-snippet":"max-snippet:-1","max-image-preview":"max-image-preview:large","max-video-preview":"max-video-preview:-1"},"canonical":"https:\/\/kartonnagejoye.be\/de\/kartonnage-joye\/","og_locale":"de_DE","og_type":"article","og_title":"Kartonnage Joye: Papprollen und Kantenschutzpappen","og_description":"Kartonnage Joye ist ein fester Name im Bereich Papprollen. Gro\u00dfe Bandbreite an Durchmessern. Lieferung nach Ma\u00df. Schnelle Lieferung.","og_url":"https:\/\/kartonnagejoye.be\/de\/kartonnage-joye\/","og_site_name":"Kartonnage Joye","article_publisher":"https:\/\/www.facebook.com\/kartonnagejoye\/","article_modified_time":"2023-11-28T11:36:44+00:00","twitter_card":"summary_large_image","twitter_misc":{"Gesch\u00e4tzte Lesezeit":"3\u00a0Minuten"},"schema":{"@context":"https:\/\/schema.org","@graph":[{"@type":"WebPage","@id":"https:\/\/kartonnagejoye.be\/de\/kartonnage-joye\/","url":"https:\/\/kartonnagejoye.be\/de\/kartonnage-joye\/","name":"Kartonnage Joye: Papprollen und Kantenschutzpappen","isPartOf":{"@id":"https:\/\/kartonnagejoye.be\/#website"},"datePublished":"2016-02-14T15:02:34+00:00","dateModified":"2023-11-28T11:36:44+00:00","description":"Kartonnage Joye ist ein fester Name im Bereich Papprollen. Gro\u00dfe Bandbreite an Durchmessern. Lieferung nach Ma\u00df. Schnelle Lieferung.","breadcrumb":{"@id":"https:\/\/kartonnagejoye.be\/de\/kartonnage-joye\/#breadcrumb"},"inLanguage":"de","potentialAction":[{"@type":"ReadAction","target":["https:\/\/kartonnagejoye.be\/de\/kartonnage-joye\/"]}]},{"@type":"BreadcrumbList","@id":"https:\/\/kartonnagejoye.be\/de\/kartonnage-joye\/#breadcrumb","itemListElement":[{"@type":"ListItem","position":1,"name":"Home","item":"https:\/\/kartonnagejoye.be\/de\/"},{"@type":"ListItem","position":2,"name":"Kartonnage Joye"}]},{"@type":"WebSite","@id":"https:\/\/kartonnagejoye.be\/#website","url":"https:\/\/kartonnagejoye.be\/","name":"Kartonnage Joye","description":"Verdeler van kartonnen kokers en hoekprofielen","potentialAction":[{"@type":"SearchAction","target":{"@type":"EntryPoint","urlTemplate":"https:\/\/kartonnagejoye.be\/?s={search_term_string}"},"query-input":{"@type":"PropertyValueSpecification","valueRequired":true,"valueName":"search_term_string"}}],"inLanguage":"de"}]}},"_links":{"self":[{"href":"https:\/\/kartonnagejoye.be\/de\/wp-json\/wp\/v2\/pages\/748"}],"collection":[{"href":"https:\/\/kartonnagejoye.be\/de\/wp-json\/wp\/v2\/pages"}],"about":[{"href":"https:\/\/kartonnagejoye.be\/de\/wp-json\/wp\/v2\/types\/page"}],"author":[{"embeddable":true,"href":"https:\/\/kartonnagejoye.be\/de\/wp-json\/wp\/v2\/users\/1"}],"replies":[{"embeddable":true,"href":"https:\/\/kartonnagejoye.be\/de\/wp-json\/wp\/v2\/comments?post=748"}],"version-history":[{"count":19,"href":"https:\/\/kartonnagejoye.be\/de\/wp-json\/wp\/v2\/pages\/748\/revisions"}],"predecessor-version":[{"id":8362,"href":"https:\/\/kartonnagejoye.be\/de\/wp-json\/wp\/v2\/pages\/748\/revisions\/8362"}],"wp:attachment":[{"href":"https:\/\/kartonnagejoye.be\/de\/wp-json\/wp\/v2\/media?parent=748"}],"curies":[{"name":"wp","href":"https:\/\/api.w.org\/{rel}","templated":true}]}}