{"id":8073,"date":"2023-06-29T12:19:08","date_gmt":"2023-06-29T10:19:08","guid":{"rendered":"http:\/\/dev.kartonnagejoye.be\/kartonnen-kokers\/"},"modified":"2023-11-29T16:32:29","modified_gmt":"2023-11-29T15:32:29","slug":"papprollen","status":"publish","type":"page","link":"https:\/\/kartonnagejoye.be\/de\/papprollen\/","title":{"rendered":"Papprollen"},"content":{"rendered":"<div class=\"wpb-content-wrapper\"><p>[vc_row][vc_column]<div class=\"ind-title-wrap\"><h1 style=\"\" class=\"ind-title\">Papprollen<\/h1><\/div>[vc_empty_space height=&#8220;25px&#8220;][vc_single_image image=&#8220;8193&#8243; img_size=&#8220;586&#215;321&#8243; onclick=&#8220;img_link_large&#8220; img_link_target=&#8220;_blank&#8220; el_class=&#8220;img-cw&#8220;][vc_empty_space height=&#8220;30px&#8220;][vc_column_text]Bei <a href=\"https:\/\/kartonnagejoye.be\/de\/kartonnage-joye\/\" target=\"_blank\" rel=\"noopener\">Kartonnage Joye<\/a> erhalten Sie eine gro\u00dfe Bandbreite an <strong>Papprollen<\/strong> f\u00fcr alle Anforderungen und Anwendungen.<\/p>\n<p>Wir stellen zwei verschiedene Typen her, spiral- und parallelgewickelte Papprollen. Beide Typen eignen sich f\u00fcr eine Vielfalt von Anwendungsbereichen.<\/p>\n<p>Unsere Kunden kommen haupts\u00e4chlich aus der Stahl- und Textilindustrie, der Kunststoffverarbeitung und der Papier- und Kartonherstellung.[\/vc_column_text][vc_empty_space height=&#8220;30px&#8220;]<div class=\"ind-title-wrap\"><h2 style=\"\" class=\"ind-title\">\u00dcber 50 Jahre Erfahrung<\/h2><\/div>[vc_empty_space height=&#8220;15px&#8220;][vc_column_text]Kartonnage Joye verf\u00fcgt \u00fcber mehr als 50\u00a0Jahre Erfahrung im Bereich Papprollen. Wir sind <a href=\"http:\/\/kartonnagejoye.be\/wp-content\/uploads\/2023\/08\/ISO-DUI-geldig-van-20211022-tem-20241021.pdf\" target=\"_blank\" rel=\"noopener\">ISO-zertifiziert<\/a> und unser Unternehmen erf\u00fcllt alle relevanten Normen.<\/p>\n<p>Die <strong>Kernwerte<\/strong> unseres Unternehmens zielen stets auf eines ab, n\u00e4mlich auf Qualit\u00e4t und maximale Flexibilit\u00e4t, um einen schnellen Service und eine garantierte Lieferung just in time sicherstellen zu k\u00f6nnen. Unsere Lieferfrist betr\u00e4gt im Allgemeinen eine Woche, falls n\u00f6tig erhalten Sie Ihre Bestellung jedoch sogar innerhalb von 24\u00a0Stunden.<\/p>\n<p>Bei unseren vielseitigen und nach Ma\u00df gefertigten Papprollen (oft auch Kartonrollen oder Papph\u00fclsen genannt) k\u00f6nnen Sie sich ganz beruhigt zur\u00fccklehnen. Unsere fachkundigen Mitarbeiter und unsere modernen und innovativen Anlagen sorgen f\u00fcr eine garantiert gleichbleibend hohe Qualit\u00e4t.<\/p>\n<blockquote><p><em>Aufgrund eines optimalen Rohstoffeinsatzes mit minimalem Verschnitt k\u00f6nnen wir Ihnen besonders g\u00fcnstige Preise anbieten.<\/em><\/p><\/blockquote>\n<p>[\/vc_column_text][vc_empty_space height=&#8220;30px&#8220;]<div class=\"ind-title-wrap\"><h2 style=\"\" class=\"ind-title\">Papprollen nach Ma\u00df<\/h2><\/div>[vc_empty_space height=&#8220;15px&#8220;][vc_column_text]F\u00fcr Kartonnage Joye steht die Lieferung von Papprollen in h\u00f6chster Qualit\u00e4t stets an erster Stelle. Das ist unsere Mission, und darauf sind wir stolz. Wir bearbeiten jeden Auftrag mit der gr\u00f6\u00dftm\u00f6glichen Sorgfalt.<\/p>\n<p>Mit hochmodernen Maschinen und Robotern fertigen wir Papprollen nach Ma\u00df, stets angepasst an Ihre W\u00fcnsche und Bed\u00fcrfnisse. Dazu stellen wir nach Festlegung aller Spezifikationen zun\u00e4chst einen Prototypen her und testen ihnen auf seine Qualit\u00e4t, Oberfl\u00e4chenbeschaffenheit und Robustheit. Ihnen als Kunden lassen wir erstklassige Muster zukommen, damit Sie sie in Ihrer realen Produktionsumgebung ebenfalls testen k\u00f6nnen.<\/p>\n<blockquote><p><em>Bei der Entwicklung unserer Produkte bieten wir maximale Flexibilit\u00e4t im Hinblick auf Durchmesser, Wandst\u00e4rke und L\u00e4nge.<\/em><\/p><\/blockquote>\n<p>Die Erf\u00fcllung Ihrer Bed\u00fcrfnisse und Anforderungen ist dabei das Einzige, was z\u00e4hlt.[\/vc_column_text][vc_empty_space height=&#8220;30px&#8220;][\/vc_column][\/vc_row][vc_row][vc_column][vc_single_image image=&#8220;8185&#8243; img_size=&#8220;790&#215;450&#8243; alignment=&#8220;center&#8220; onclick=&#8220;img_link_large&#8220; img_link_target=&#8220;_blank&#8220; el_class=&#8220;img-cw&#8220;][\/vc_column][\/vc_row][vc_row][vc_column][vc_empty_space height=&#8220;50px&#8220;]<div class=\"ind-title-wrap\"><h2 style=\"\" class=\"ind-title\">Verschiedene Abmessungen<\/h2><\/div>[vc_empty_space height=&#8220;15px&#8220;][vc_column_text]<\/p>\n<h3>1.\u00a0\u00a0\u00a0 Durchmesser<\/h3>\n<p>Bei der Auswahl der passenden Papprolle ist der Innendurchmesser einer der wichtigsten Punkte. Wir bieten Papprollen in zahlreichen Durchmessern.<\/p>\n<p>Von besonders kleinen, nur 21\u00a0mm messenden Papprollen bis zur Riesenrolle mit einem Innendurchmesser von nicht weniger als 720\u00a0mm und nahezu allen Zwischengr\u00f6\u00dfen ist bei uns alles erh\u00e4ltlich. &#x1f60a;<\/p>\n<p>Was uns so au\u00dfergew\u00f6hnlich macht? Das au\u00dfergew\u00f6hnlich gute Preis-Leistungs-Verh\u00e4ltnis, unser hervorragender Service und unsere Flexibilit\u00e4t! Wir tun alles, um Ihnen als Kunden den bestm\u00f6glichen Service zu bieten.<\/p>\n<h3>2.\u00a0\u00a0\u00a0 Wandst\u00e4rke<\/h3>\n<p>Die Wahl der Wandst\u00e4rke Ihrer Papprolle h\u00e4ngt vom Verwendungszweck ab: Was soll verpackt oder aufgewickelt werden? Im Allgemeinen haben unsere Kartonrollen eine Wandst\u00e4rke zwischen 1,5 und 30\u00a0mm.<\/p>\n<p>Wenn eine geringere Stabilit\u00e4t ausreicht oder Gewicht eingespart werden soll, bietet sich eine geringere Wandst\u00e4rke an, was sich au\u00dferdem auch noch g\u00fcnstig auf den Preis auswirkt. Wir helfen Ihnen gerne dabei, die richtige Wahl zu treffen.<\/p>\n<h3>3.\u00a0\u00a0\u00a0 L\u00e4nge<\/h3>\n<p>Unsere Papprollen bzw. Papph\u00fclsen und Wickelkerne sind je nach Anwendungsfall und Kundenwunsch in ganz unterschiedlichen L\u00e4ngen erh\u00e4ltlich. Standardm\u00e4\u00dfig kann die L\u00e4nge bis zu 6\u00a0m betragen, aber falls n\u00f6tig, ist auch hier noch mehr m\u00f6glich.<\/p>\n<p>Wir beraten Sie gerne bei der Auswahl der richtigen L\u00e4nge f\u00fcr Ihre spezifische Anwendung.[\/vc_column_text][vc_empty_space height=&#8220;30px&#8220;]<div class=\"ind-title-wrap\"><h2 style=\"\" class=\"ind-title\">Genug Informationen \u00fcber unsere Papprollen?<\/h2><\/div>[vc_empty_space height=&#8220;15px&#8220;][vc_column_text]Vielleicht brauchen Sie auch <a href=\"https:\/\/kartonnagejoye.be\/de\/kantenschutzpappen\/\" target=\"_blank\" rel=\"noopener\"><span style=\"text-decoration: underline;\">Kantenschutzpappen<\/span><\/a>, um Ihre wertvollen Produkte zu sch\u00fctzen und sicher transportieren zu k\u00f6nnen? Dann hilft Ihnen unser Tochterunternehmen Kartonnage Joye in Polen gerne weiter.<\/p>\n<p><a href=\"https:\/\/kartonnagejoye.be\/de\/contact\/\" target=\"_blank\" rel=\"noopener\"><span style=\"text-decoration: underline;\">Nehmen Sie Kontakt zu uns auf<\/span><\/a>. Wir beantworten gerne alle Ihre Fragen.[\/vc_column_text][vc_empty_space height=&#8220;30px&#8220;][\/vc_column][\/vc_row]<\/p>\n<\/div>","protected":false},"excerpt":{"rendered":"<p>[vc_row][vc_column][vc_empty_space height=&#8220;25px&#8220;][vc_single_image image=&#8220;8193&#8243; img_size=&#8220;586&#215;321&#8243; onclick=&#8220;img_link_large&#8220; img_link_target=&#8220;_blank&#8220; el_class=&#8220;img-cw&#8220;][vc_empty_space height=&#8220;30px&#8220;][vc_column_text]Bei Kartonnage Joye erhalten Sie eine gro\u00dfe Bandbreite an Papprollen f\u00fcr alle Anforderungen und Anwendungen. Wir stellen zwei verschiedene Typen her, spiral- und parallelgewickelte Papprollen. Beide Typen eignen sich f\u00fcr eine Vielfalt von Anwendungsbereichen. Unsere Kunden kommen haupts\u00e4chlich aus der Stahl- und Textilindustrie, der Kunststoffverarbeitung und der Papier- [&hellip;]<\/p>\n","protected":false},"author":1,"featured_media":0,"parent":0,"menu_order":0,"comment_status":"closed","ping_status":"closed","template":"","meta":{"footnotes":""},"yoast_head":"<!-- This site is optimized with the Yoast SEO plugin v23.5 - https:\/\/yoast.com\/wordpress\/plugins\/seo\/ -->\n<title>Papprollen bis 720 mm Durchmesser | Kartonnage Joye<\/title>\n<meta name=\"description\" content=\"Bei uns erhalten Sie spiralgewickelte und parallelgewickelte Papprollen. Stets nachhaltig und nach Ma\u00df gefertigt. Schnelle Lieferung. Spitzenqualit\u00e4t.\" \/>\n<meta name=\"robots\" content=\"index, follow, max-snippet:-1, max-image-preview:large, max-video-preview:-1\" \/>\n<link rel=\"canonical\" href=\"https:\/\/kartonnagejoye.be\/de\/papprollen\/\" \/>\n<meta property=\"og:locale\" content=\"de_DE\" \/>\n<meta property=\"og:type\" content=\"article\" \/>\n<meta property=\"og:title\" content=\"Papprollen bis 720 mm Durchmesser | Kartonnage Joye\" \/>\n<meta property=\"og:description\" content=\"Bei uns erhalten Sie spiralgewickelte und parallelgewickelte Papprollen. Stets nachhaltig und nach Ma\u00df gefertigt. Schnelle Lieferung. Spitzenqualit\u00e4t.\" \/>\n<meta property=\"og:url\" content=\"https:\/\/kartonnagejoye.be\/de\/papprollen\/\" \/>\n<meta property=\"og:site_name\" content=\"Kartonnage Joye\" \/>\n<meta property=\"article:publisher\" content=\"https:\/\/www.facebook.com\/kartonnagejoye\/\" \/>\n<meta property=\"article:modified_time\" content=\"2023-11-29T15:32:29+00:00\" \/>\n<meta name=\"twitter:card\" content=\"summary_large_image\" \/>\n<meta name=\"twitter:label1\" content=\"Gesch\u00e4tzte Lesezeit\" \/>\n\t<meta name=\"twitter:data1\" content=\"3\u00a0Minuten\" \/>\n<script type=\"application\/ld+json\" class=\"yoast-schema-graph\">{\"@context\":\"https:\/\/schema.org\",\"@graph\":[{\"@type\":\"WebPage\",\"@id\":\"https:\/\/kartonnagejoye.be\/de\/papprollen\/\",\"url\":\"https:\/\/kartonnagejoye.be\/de\/papprollen\/\",\"name\":\"Papprollen bis 720 mm Durchmesser | Kartonnage Joye\",\"isPartOf\":{\"@id\":\"https:\/\/kartonnagejoye.be\/#website\"},\"datePublished\":\"2023-06-29T10:19:08+00:00\",\"dateModified\":\"2023-11-29T15:32:29+00:00\",\"description\":\"Bei uns erhalten Sie spiralgewickelte und parallelgewickelte Papprollen. Stets nachhaltig und nach Ma\u00df gefertigt. Schnelle Lieferung. Spitzenqualit\u00e4t.\",\"breadcrumb\":{\"@id\":\"https:\/\/kartonnagejoye.be\/de\/papprollen\/#breadcrumb\"},\"inLanguage\":\"de\",\"potentialAction\":[{\"@type\":\"ReadAction\",\"target\":[\"https:\/\/kartonnagejoye.be\/de\/papprollen\/\"]}]},{\"@type\":\"BreadcrumbList\",\"@id\":\"https:\/\/kartonnagejoye.be\/de\/papprollen\/#breadcrumb\",\"itemListElement\":[{\"@type\":\"ListItem\",\"position\":1,\"name\":\"Home\",\"item\":\"https:\/\/kartonnagejoye.be\/de\/\"},{\"@type\":\"ListItem\",\"position\":2,\"name\":\"Papprollen\"}]},{\"@type\":\"WebSite\",\"@id\":\"https:\/\/kartonnagejoye.be\/#website\",\"url\":\"https:\/\/kartonnagejoye.be\/\",\"name\":\"Kartonnage Joye\",\"description\":\"Verdeler van kartonnen kokers en hoekprofielen\",\"potentialAction\":[{\"@type\":\"SearchAction\",\"target\":{\"@type\":\"EntryPoint\",\"urlTemplate\":\"https:\/\/kartonnagejoye.be\/?s={search_term_string}\"},\"query-input\":{\"@type\":\"PropertyValueSpecification\",\"valueRequired\":true,\"valueName\":\"search_term_string\"}}],\"inLanguage\":\"de\"}]}<\/script>\n<!-- \/ Yoast SEO plugin. -->","yoast_head_json":{"title":"Papprollen bis 720 mm Durchmesser | Kartonnage Joye","description":"Bei uns erhalten Sie spiralgewickelte und parallelgewickelte Papprollen. Stets nachhaltig und nach Ma\u00df gefertigt. Schnelle Lieferung. Spitzenqualit\u00e4t.","robots":{"index":"index","follow":"follow","max-snippet":"max-snippet:-1","max-image-preview":"max-image-preview:large","max-video-preview":"max-video-preview:-1"},"canonical":"https:\/\/kartonnagejoye.be\/de\/papprollen\/","og_locale":"de_DE","og_type":"article","og_title":"Papprollen bis 720 mm Durchmesser | Kartonnage Joye","og_description":"Bei uns erhalten Sie spiralgewickelte und parallelgewickelte Papprollen. Stets nachhaltig und nach Ma\u00df gefertigt. Schnelle Lieferung. Spitzenqualit\u00e4t.","og_url":"https:\/\/kartonnagejoye.be\/de\/papprollen\/","og_site_name":"Kartonnage Joye","article_publisher":"https:\/\/www.facebook.com\/kartonnagejoye\/","article_modified_time":"2023-11-29T15:32:29+00:00","twitter_card":"summary_large_image","twitter_misc":{"Gesch\u00e4tzte Lesezeit":"3\u00a0Minuten"},"schema":{"@context":"https:\/\/schema.org","@graph":[{"@type":"WebPage","@id":"https:\/\/kartonnagejoye.be\/de\/papprollen\/","url":"https:\/\/kartonnagejoye.be\/de\/papprollen\/","name":"Papprollen bis 720 mm Durchmesser | Kartonnage Joye","isPartOf":{"@id":"https:\/\/kartonnagejoye.be\/#website"},"datePublished":"2023-06-29T10:19:08+00:00","dateModified":"2023-11-29T15:32:29+00:00","description":"Bei uns erhalten Sie spiralgewickelte und parallelgewickelte Papprollen. Stets nachhaltig und nach Ma\u00df gefertigt. Schnelle Lieferung. Spitzenqualit\u00e4t.","breadcrumb":{"@id":"https:\/\/kartonnagejoye.be\/de\/papprollen\/#breadcrumb"},"inLanguage":"de","potentialAction":[{"@type":"ReadAction","target":["https:\/\/kartonnagejoye.be\/de\/papprollen\/"]}]},{"@type":"BreadcrumbList","@id":"https:\/\/kartonnagejoye.be\/de\/papprollen\/#breadcrumb","itemListElement":[{"@type":"ListItem","position":1,"name":"Home","item":"https:\/\/kartonnagejoye.be\/de\/"},{"@type":"ListItem","position":2,"name":"Papprollen"}]},{"@type":"WebSite","@id":"https:\/\/kartonnagejoye.be\/#website","url":"https:\/\/kartonnagejoye.be\/","name":"Kartonnage Joye","description":"Verdeler van kartonnen kokers en hoekprofielen","potentialAction":[{"@type":"SearchAction","target":{"@type":"EntryPoint","urlTemplate":"https:\/\/kartonnagejoye.be\/?s={search_term_string}"},"query-input":{"@type":"PropertyValueSpecification","valueRequired":true,"valueName":"search_term_string"}}],"inLanguage":"de"}]}},"_links":{"self":[{"href":"https:\/\/kartonnagejoye.be\/de\/wp-json\/wp\/v2\/pages\/8073"}],"collection":[{"href":"https:\/\/kartonnagejoye.be\/de\/wp-json\/wp\/v2\/pages"}],"about":[{"href":"https:\/\/kartonnagejoye.be\/de\/wp-json\/wp\/v2\/types\/page"}],"author":[{"embeddable":true,"href":"https:\/\/kartonnagejoye.be\/de\/wp-json\/wp\/v2\/users\/1"}],"replies":[{"embeddable":true,"href":"https:\/\/kartonnagejoye.be\/de\/wp-json\/wp\/v2\/comments?post=8073"}],"version-history":[{"count":10,"href":"https:\/\/kartonnagejoye.be\/de\/wp-json\/wp\/v2\/pages\/8073\/revisions"}],"predecessor-version":[{"id":8392,"href":"https:\/\/kartonnagejoye.be\/de\/wp-json\/wp\/v2\/pages\/8073\/revisions\/8392"}],"wp:attachment":[{"href":"https:\/\/kartonnagejoye.be\/de\/wp-json\/wp\/v2\/media?parent=8073"}],"curies":[{"name":"wp","href":"https:\/\/api.w.org\/{rel}","templated":true}]}}