{"id":8079,"date":"2023-06-29T12:09:49","date_gmt":"2023-06-29T10:09:49","guid":{"rendered":"https:\/\/dev.kartonnagejoye.be\/kartonnen-hoekprofielen\/"},"modified":"2023-11-15T10:47:11","modified_gmt":"2023-11-15T09:47:11","slug":"kantenschutzpappen","status":"publish","type":"page","link":"https:\/\/kartonnagejoye.be\/de\/kantenschutzpappen\/","title":{"rendered":"Kantenschutzpappen"},"content":{"rendered":"<div class=\"wpb-content-wrapper\"><p>[vc_row][vc_column]<div class=\"ind-title-wrap\"><h1 style=\"\" class=\"ind-title\">Kantenschutzpappen<\/h1><\/div>[vc_empty_space height=&#8220;35px&#8220;][vc_single_image image=&#8220;8262&#8243; img_size=&#8220;full&#8220; onclick=&#8220;img_link_large&#8220; img_link_target=&#8220;_blank&#8220; el_class=&#8220;img-cw&#8220;][vc_empty_space height=&#8220;30px&#8220;][vc_column_text]<strong>Kantenschutzpappen<\/strong> sind ein unverzichtbarer Bestandteil jedes Logistiksystems f\u00fcr den Versand und die Lagerung von Fracht. Sie dienen dazu, die Ecken und Kanten der Ladung vor St\u00f6\u00dfen, Kratzern und sonstigen Besch\u00e4digungen zu sch\u00fctzen, die w\u00e4hrend des Transports und der Lagerung entstehen k\u00f6nnen.<\/p>\n<p>Kantenschutzpappen (auch unter Bezeichnungen wie Kantenschutzwinkel, Kantenschutzleisten oder Kantenschutzprofile bekannt) von <a href=\"https:\/\/kartonnagejoye.be\/de\/kartonnage-joye\/\" target=\"_blank\" rel=\"noopener\">Kartonnage Joye<\/a> bestehen aus <strong>Recyclingkarton.<\/strong> Damit sind sie umweltfreundlich und gleichzeitig stabil genug, auch st\u00e4rkere St\u00f6\u00dfe abzuwehren. Dar\u00fcber hinaus senken sie durch die Vermeidung von Transport- und Lagersch\u00e4den Ihre Kosten.<\/p>\n<p>Sie ben\u00f6tigen einen horizontalen oder vertikalen Schutz f\u00fcr Ihre Paletten oder Produkte? Dann sind unsere Kantenschutzpappen die L\u00f6sung. Unser Tochterunternehmen <a href=\"http:\/\/www.kartonnagejoye.pl\">Kartonnage Joye in Polen<\/a> liefert auch kurzfristig Kantenschutzpappen in jeder von Ihnen ben\u00f6tigten Breite, L\u00e4nge und Materialst\u00e4rke.[\/vc_column_text][vc_empty_space height=&#8220;30px&#8220;]<div class=\"ind-title-wrap\"><h2 style=\"\" class=\"ind-title\">Kantenschutzpappen sch\u00fctzen Ihre Produkte<\/h2><\/div>[vc_empty_space height=&#8220;15px&#8220;][vc_column_text]Kantenschutzpappen sind unverzichtbare Hilfsmittel, um Ihre Ladung w\u00e4hrend des Transports und der Lagerung zu sch\u00fctzen. Sie werden einfach auf empfindlichen Kanten und Ecken angebracht, wo sie zus\u00e4tzlichen Schutz bieten.<\/p>\n<ul>\n<li>Dar\u00fcber hinaus versteifen sie Paletten und machen sie so besser stapelbar.<\/li>\n<li>Durch die erh\u00f6hte Stabilit\u00e4t helfen sie, die Gefahr von Sch\u00e4den am Produkt w\u00e4hrend des Transports und Umschlags zu verringern.<\/li>\n<li>Sie verst\u00e4rken die Ecken von Versandkartons und sorgen so daf\u00fcr, dass sie auch bei starker Belastung intakt bleiben.<\/li>\n<\/ul>\n<p>Kantenschutzpappen sind nicht nur kosteng\u00fcnstig, sondern sie bieten durch den Schutz Ihrer Produkte vor verschiedensten Sch\u00e4den einen echten Mehrwert.<\/p>\n<p>Egal ob M\u00f6bel, empfindliches Glas oder andere zerbrechliche Gegenst\u00e4nde: Unsere Kantenschutzpappen sch\u00fctzen Ihre Ware bei Transport und Lagerung zuverl\u00e4ssig.[\/vc_column_text][vc_empty_space height=&#8220;30px&#8220;]<div class=\"ind-title-wrap\"><h2 style=\"\" class=\"ind-title\">Anpassungsm\u00f6glichkeiten<\/h2><\/div>[vc_empty_space height=&#8220;15px&#8220;][vc_column_text]Wir von Kartonnage Joye wissen, dass Ihre Anforderungen und Bed\u00fcrfnisse je nach Produkt ganz unterschiedlich sein k\u00f6nnen. Deshalb bieten wir f\u00fcr unsere Kantenschutzpappen verschiedene Anpassungsm\u00f6glichkeiten an. So k\u00f6nnen wir unter anderem Breite, L\u00e4nge und Materialst\u00e4rke unserer Produkte auf Ihre konkreten Anforderungen abstimmen. Durch entsprechende Perforationen, die das Abrei\u00dfen erleichtern, k\u00f6nnen Sie die ben\u00f6tigte L\u00e4nge sogar ganz individuell selbst bestimmen. Auch gestanzte Laschen sind m\u00f6glich.[\/vc_column_text][vc_empty_space height=&#8220;30px&#8220;][vc_empty_space height=&#8220;25px&#8220;][\/vc_column][\/vc_row][vc_row full_width=&#8220;stretch_row&#8220; css=&#8220;.vc_custom_1692631361178{padding-top: 35px !important;padding-bottom: 35px !important;background-color: #027859 !important;}&#8220;][vc_column][vc_single_image image=&#8220;7633&#8243; img_size=&#8220;full&#8220; onclick=&#8220;img_link_large&#8220; img_link_target=&#8220;_blank&#8220; el_class=&#8220;img-cw&#8220;][vc_empty_space height=&#8220;15px&#8220;][vc_single_image image=&#8220;7897&#8243; img_size=&#8220;2560&#215;869&#8243; onclick=&#8220;img_link_large&#8220; img_link_target=&#8220;_blank&#8220; el_class=&#8220;img-cw&#8220;][\/vc_column][\/vc_row][vc_row][vc_column][vc_empty_space height=&#8220;50px&#8220;]<div class=\"ind-title-wrap\"><h3 style=\"\" class=\"ind-title\">Sie m\u00f6chten mehr \u00fcber unsere Kantenschutzpappen erfahren?<\/h3><\/div>[vc_empty_space height=&#8220;15px&#8220;][vc_column_text]Oder interessieren Sie sich f\u00fcr unsere <u><a href=\"https:\/\/kartonnagejoye.be\/de\/papprollen\/\" target=\"_blank\" rel=\"noopener\">Papprollen<\/a>?<\/u><\/p>\n<p><a href=\"https:\/\/kartonnagejoye.be\/de\/contact\/\" target=\"_blank\" rel=\"noopener\">Dann nehmen Sie Kontakt zu uns auf!<\/a> Wir beantworten gerne alle Ihre Fragen.[\/vc_column_text][\/vc_column][\/vc_row]<\/p>\n<\/div>","protected":false},"excerpt":{"rendered":"<p>[vc_row][vc_column][vc_empty_space height=&#8220;35px&#8220;][vc_single_image image=&#8220;8262&#8243; img_size=&#8220;full&#8220; onclick=&#8220;img_link_large&#8220; img_link_target=&#8220;_blank&#8220; el_class=&#8220;img-cw&#8220;][vc_empty_space height=&#8220;30px&#8220;][vc_column_text]Kantenschutzpappen sind ein unverzichtbarer Bestandteil jedes Logistiksystems f\u00fcr den Versand und die Lagerung von Fracht. Sie dienen dazu, die Ecken und Kanten der Ladung vor St\u00f6\u00dfen, Kratzern und sonstigen Besch\u00e4digungen zu sch\u00fctzen, die w\u00e4hrend des Transports und der Lagerung entstehen k\u00f6nnen. Kantenschutzpappen (auch unter Bezeichnungen wie Kantenschutzwinkel, Kantenschutzleisten [&hellip;]<\/p>\n","protected":false},"author":1,"featured_media":0,"parent":0,"menu_order":0,"comment_status":"closed","ping_status":"closed","template":"","meta":{"footnotes":""},"yoast_head":"<!-- This site is optimized with the Yoast SEO plugin v23.5 - https:\/\/yoast.com\/wordpress\/plugins\/seo\/ -->\n<title>Kantenschutzpappen, garantiert sicherer Transport | Joye<\/title>\n<meta name=\"description\" content=\"Kantenschutzpappen sind unverzichtbar f\u00fcr Transport und Lagerung. Sie versteifen Paletten und machen sie besser stapelbar. Nachhaltige Produktion.\" \/>\n<meta name=\"robots\" content=\"index, follow, max-snippet:-1, max-image-preview:large, max-video-preview:-1\" \/>\n<link rel=\"canonical\" href=\"https:\/\/kartonnagejoye.be\/de\/kantenschutzpappen\/\" \/>\n<meta property=\"og:locale\" content=\"de_DE\" \/>\n<meta property=\"og:type\" content=\"article\" \/>\n<meta property=\"og:title\" content=\"Kantenschutzpappen, garantiert sicherer Transport | Joye\" \/>\n<meta property=\"og:description\" content=\"Kantenschutzpappen sind unverzichtbar f\u00fcr Transport und Lagerung. Sie versteifen Paletten und machen sie besser stapelbar. Nachhaltige Produktion.\" \/>\n<meta property=\"og:url\" content=\"https:\/\/kartonnagejoye.be\/de\/kantenschutzpappen\/\" \/>\n<meta property=\"og:site_name\" content=\"Kartonnage Joye\" \/>\n<meta property=\"article:publisher\" content=\"https:\/\/www.facebook.com\/kartonnagejoye\/\" \/>\n<meta property=\"article:modified_time\" content=\"2023-11-15T09:47:11+00:00\" \/>\n<meta name=\"twitter:card\" content=\"summary_large_image\" \/>\n<meta name=\"twitter:label1\" content=\"Gesch\u00e4tzte Lesezeit\" \/>\n\t<meta name=\"twitter:data1\" content=\"2\u00a0Minuten\" \/>\n<script type=\"application\/ld+json\" class=\"yoast-schema-graph\">{\"@context\":\"https:\/\/schema.org\",\"@graph\":[{\"@type\":\"WebPage\",\"@id\":\"https:\/\/kartonnagejoye.be\/de\/kantenschutzpappen\/\",\"url\":\"https:\/\/kartonnagejoye.be\/de\/kantenschutzpappen\/\",\"name\":\"Kantenschutzpappen, garantiert sicherer Transport | Joye\",\"isPartOf\":{\"@id\":\"https:\/\/kartonnagejoye.be\/#website\"},\"datePublished\":\"2023-06-29T10:09:49+00:00\",\"dateModified\":\"2023-11-15T09:47:11+00:00\",\"description\":\"Kantenschutzpappen sind unverzichtbar f\u00fcr Transport und Lagerung. Sie versteifen Paletten und machen sie besser stapelbar. Nachhaltige Produktion.\",\"breadcrumb\":{\"@id\":\"https:\/\/kartonnagejoye.be\/de\/kantenschutzpappen\/#breadcrumb\"},\"inLanguage\":\"de\",\"potentialAction\":[{\"@type\":\"ReadAction\",\"target\":[\"https:\/\/kartonnagejoye.be\/de\/kantenschutzpappen\/\"]}]},{\"@type\":\"BreadcrumbList\",\"@id\":\"https:\/\/kartonnagejoye.be\/de\/kantenschutzpappen\/#breadcrumb\",\"itemListElement\":[{\"@type\":\"ListItem\",\"position\":1,\"name\":\"Home\",\"item\":\"https:\/\/kartonnagejoye.be\/de\/\"},{\"@type\":\"ListItem\",\"position\":2,\"name\":\"Kantenschutzpappen\"}]},{\"@type\":\"WebSite\",\"@id\":\"https:\/\/kartonnagejoye.be\/#website\",\"url\":\"https:\/\/kartonnagejoye.be\/\",\"name\":\"Kartonnage Joye\",\"description\":\"Verdeler van kartonnen kokers en hoekprofielen\",\"potentialAction\":[{\"@type\":\"SearchAction\",\"target\":{\"@type\":\"EntryPoint\",\"urlTemplate\":\"https:\/\/kartonnagejoye.be\/?s={search_term_string}\"},\"query-input\":{\"@type\":\"PropertyValueSpecification\",\"valueRequired\":true,\"valueName\":\"search_term_string\"}}],\"inLanguage\":\"de\"}]}<\/script>\n<!-- \/ Yoast SEO plugin. -->","yoast_head_json":{"title":"Kantenschutzpappen, garantiert sicherer Transport | Joye","description":"Kantenschutzpappen sind unverzichtbar f\u00fcr Transport und Lagerung. Sie versteifen Paletten und machen sie besser stapelbar. Nachhaltige Produktion.","robots":{"index":"index","follow":"follow","max-snippet":"max-snippet:-1","max-image-preview":"max-image-preview:large","max-video-preview":"max-video-preview:-1"},"canonical":"https:\/\/kartonnagejoye.be\/de\/kantenschutzpappen\/","og_locale":"de_DE","og_type":"article","og_title":"Kantenschutzpappen, garantiert sicherer Transport | Joye","og_description":"Kantenschutzpappen sind unverzichtbar f\u00fcr Transport und Lagerung. Sie versteifen Paletten und machen sie besser stapelbar. Nachhaltige Produktion.","og_url":"https:\/\/kartonnagejoye.be\/de\/kantenschutzpappen\/","og_site_name":"Kartonnage Joye","article_publisher":"https:\/\/www.facebook.com\/kartonnagejoye\/","article_modified_time":"2023-11-15T09:47:11+00:00","twitter_card":"summary_large_image","twitter_misc":{"Gesch\u00e4tzte Lesezeit":"2\u00a0Minuten"},"schema":{"@context":"https:\/\/schema.org","@graph":[{"@type":"WebPage","@id":"https:\/\/kartonnagejoye.be\/de\/kantenschutzpappen\/","url":"https:\/\/kartonnagejoye.be\/de\/kantenschutzpappen\/","name":"Kantenschutzpappen, garantiert sicherer Transport | Joye","isPartOf":{"@id":"https:\/\/kartonnagejoye.be\/#website"},"datePublished":"2023-06-29T10:09:49+00:00","dateModified":"2023-11-15T09:47:11+00:00","description":"Kantenschutzpappen sind unverzichtbar f\u00fcr Transport und Lagerung. Sie versteifen Paletten und machen sie besser stapelbar. Nachhaltige Produktion.","breadcrumb":{"@id":"https:\/\/kartonnagejoye.be\/de\/kantenschutzpappen\/#breadcrumb"},"inLanguage":"de","potentialAction":[{"@type":"ReadAction","target":["https:\/\/kartonnagejoye.be\/de\/kantenschutzpappen\/"]}]},{"@type":"BreadcrumbList","@id":"https:\/\/kartonnagejoye.be\/de\/kantenschutzpappen\/#breadcrumb","itemListElement":[{"@type":"ListItem","position":1,"name":"Home","item":"https:\/\/kartonnagejoye.be\/de\/"},{"@type":"ListItem","position":2,"name":"Kantenschutzpappen"}]},{"@type":"WebSite","@id":"https:\/\/kartonnagejoye.be\/#website","url":"https:\/\/kartonnagejoye.be\/","name":"Kartonnage Joye","description":"Verdeler van kartonnen kokers en hoekprofielen","potentialAction":[{"@type":"SearchAction","target":{"@type":"EntryPoint","urlTemplate":"https:\/\/kartonnagejoye.be\/?s={search_term_string}"},"query-input":{"@type":"PropertyValueSpecification","valueRequired":true,"valueName":"search_term_string"}}],"inLanguage":"de"}]}},"_links":{"self":[{"href":"https:\/\/kartonnagejoye.be\/de\/wp-json\/wp\/v2\/pages\/8079"}],"collection":[{"href":"https:\/\/kartonnagejoye.be\/de\/wp-json\/wp\/v2\/pages"}],"about":[{"href":"https:\/\/kartonnagejoye.be\/de\/wp-json\/wp\/v2\/types\/page"}],"author":[{"embeddable":true,"href":"https:\/\/kartonnagejoye.be\/de\/wp-json\/wp\/v2\/users\/1"}],"replies":[{"embeddable":true,"href":"https:\/\/kartonnagejoye.be\/de\/wp-json\/wp\/v2\/comments?post=8079"}],"version-history":[{"count":8,"href":"https:\/\/kartonnagejoye.be\/de\/wp-json\/wp\/v2\/pages\/8079\/revisions"}],"predecessor-version":[{"id":8289,"href":"https:\/\/kartonnagejoye.be\/de\/wp-json\/wp\/v2\/pages\/8079\/revisions\/8289"}],"wp:attachment":[{"href":"https:\/\/kartonnagejoye.be\/de\/wp-json\/wp\/v2\/media?parent=8079"}],"curies":[{"name":"wp","href":"https:\/\/api.w.org\/{rel}","templated":true}]}}