{"id":818,"date":"2016-02-13T12:41:04","date_gmt":"2016-02-13T12:41:04","guid":{"rendered":"http:\/\/www.kartonnagejoye.be\/de\/joye-kartonnage-nv\/"},"modified":"2025-11-12T08:15:28","modified_gmt":"2025-11-12T07:15:28","slug":"joye-kartonnage-nv","status":"publish","type":"page","link":"https:\/\/kartonnagejoye.be\/de\/","title":{"rendered":"Joye Kartonnage NV"},"content":{"rendered":"<div class=\"wpb-content-wrapper\"><p>[vc_row][vc_column]<div class=\"ind-title-wrap\"><h1 style=\"\" class=\"ind-title\">Herstellung von Papprollen und Kantenschutzpappen<\/h1><\/div>[vc_empty_space height=&#8220;50px&#8220;][vc_single_image image=&#8220;8189&#8243; img_size=&#8220;795&#215;432&#8243; alignment=&#8220;center&#8220; onclick=&#8220;img_link_large&#8220; img_link_target=&#8220;_blank&#8220; el_class=&#8220;img-cw&#8220;][vc_empty_space height=&#8220;50px&#8220;][vc_column_text]Kartonnage Joye ist auf die <a href=\"https:\/\/kartonnagejoye.be\/de\/papprollen\/\" target=\"_blank\" rel=\"noopener\"><strong>Herstellung von parallel- und spiralgewickelten Papprollen<\/strong><\/a> in vielerlei Durchmessern und L\u00e4ngen spezialisiert.<\/p>\n<p>Dar\u00fcber hinaus betreiben wir eine eigene Produktionsst\u00e4tte f\u00fcr <strong><a href=\"https:\/\/kartonnagejoye.be\/de\/kantenschutzpappen\/\" target=\"_blank\" rel=\"noopener\">Kantenschutzpappen<\/a>,<\/strong> die auf Wunsch in unterschiedlichen Sonderausf\u00fchrungen erh\u00e4ltlich sind.<\/p>\n<p>Unsere erfahrenen Mitarbeiter helfen Ihnen gerne bei der Auswahl des f\u00fcr Ihre speziellen Anforderungen optimalen Produkts. Nat\u00fcrlich k\u00f6nnen Sie sich stets auf ein hervorragendes Preis-Leistungs-Verh\u00e4ltnis und kurze Lieferzeiten verlassen![\/vc_column_text][vc_empty_space height=&#8220;15px&#8220;][\/vc_column][\/vc_row][vc_row full_width=&#8220;stretch_row&#8220; css=&#8220;.vc_custom_1692623996401{margin-top: 50px !important;padding-top: 60px !important;padding-bottom: 60px !important;background-color: #027859 !important;}&#8220;][vc_column width=&#8220;1\/2&#8243;][vc_single_image image=&#8220;7873&#8243; img_size=&#8220;658&#215;573&#8243; onclick=&#8220;img_link_large&#8220; img_link_target=&#8220;_blank&#8220;][vc_empty_space height=&#8220;10px&#8220;][vc_column_text el_class=&#8220;gr-bg-txt&#8220;]Mehr \u00fcber unsere <u><a href=\"https:\/\/kartonnagejoye.be\/de\/kantenschutzpappen\/\" target=\"_blank\" rel=\"noopener\">Kantenschutzpappen<\/a><\/u>.[\/vc_column_text][\/vc_column][vc_column width=&#8220;1\/2&#8243;][vc_single_image image=&#8220;7877&#8243; img_size=&#8220;658&#215;573&#8243; onclick=&#8220;img_link_large&#8220; img_link_target=&#8220;_blank&#8220;][vc_empty_space height=&#8220;10px&#8220;][vc_column_text el_class=&#8220;gr-bg-txt&#8220;]Mehr \u00fcber unsere <u><a href=\"https:\/\/kartonnagejoye.be\/de\/papprollen\/\" target=\"_blank\" rel=\"noopener\">Papprollen<\/a><\/u>.[\/vc_column_text][\/vc_column][\/vc_row][vc_row css=&#8220;.vc_custom_1455404000946{margin-top: 50px !important;}&#8220;][vc_column][vc_empty_space height=&#8220;5px&#8220;][vc_single_image image=&#8220;8248&#8243; img_size=&#8220;full&#8220; alignment=&#8220;center&#8220; onclick=&#8220;img_link_large&#8220; img_link_target=&#8220;_blank&#8220; el_class=&#8220;img-cw&#8220;][vc_empty_space height=&#8220;50px&#8220;]<div class=\"ind-title-wrap\"><h4 style=\"\" class=\"ind-title\">Unser Service als Papprollen-Hersteller<\/h4><\/div>[\/vc_column][\/vc_row][vc_row css=&#8220;.vc_custom_1455651960186{margin-top: 30px !important;margin-bottom: 20px !important;}&#8220;][vc_column width=&#8220;1\/5&#8243;]\n\t<div class=\"service rxSkMAZKoq\" data-colors=\"rxSkMAZKoq|||#202020|#f1c40f\">\n\t\t<div class=\"service-icon-wrap\"><span class=\"flaticon-factory17\"><\/span><span class=\"service-icon-2 animation flaticon-factory17\"><\/span><\/div>\n\t\t<h5>PRODUKTION JUST IN TIME<\/h5>\n\t\t<p>Als Hersteller von Papprollen und Kantenschutzpappen garantieren wir eine schnelle Lieferung. Bei jeder neuen Anfrage nennen wir Ihnen den schnellstm\u00f6glichen Liefertermin.<\/p>\n\t\t\n\t<\/div>[\/vc_column][vc_column width=&#8220;1\/5&#8243;]\n\t<div class=\"service xHlFupKQKv\" data-colors=\"xHlFupKQKv|||#202020|#f1c40f\">\n\t\t<div class=\"service-icon-wrap\"><span class=\"flaticon-house157\"><\/span><span class=\"service-icon-2 animation flaticon-house157\"><\/span><\/div>\n\t\t<h5>LAGER<\/h5>\n\t\t<p>Dank unseres gro\u00dfen Lagers, in dem wir Produkte f\u00fcr einen Teil unserer Kunden bevorraten, k\u00f6nnen wir sehr schnell reagieren und Ihre Bestellung noch schneller ausf\u00fchren.<\/p>\n\t\t\n\t<\/div>[\/vc_column][vc_column width=&#8220;1\/5&#8243;]\n\t<div class=\"service NGnZygPyud\" data-colors=\"NGnZygPyud|||#202020|#f1c40f\">\n\t\t<div class=\"service-icon-wrap\"><span class=\"flaticon-truck62\"><\/span><span class=\"service-icon-2 animation flaticon-truck62\"><\/span><\/div>\n\t\t<h5>EIGENE SPEDITION<\/h5>\n\t\t<p>Neben einem hochmodernen Maschinenpark verf\u00fcgen wir auch \u00fcber eigene Lieferfahrzeuge und Fahrer, damit wir Sie so schnell wie m\u00f6glich beliefern k\u00f6nnen.<\/p>\n\t\t\n\t<\/div>[\/vc_column][vc_column width=&#8220;1\/5&#8243;]\n\t<div class=\"service WnUxBHCRWF\" data-colors=\"WnUxBHCRWF|||#202020|#f1c40f\">\n\t\t<div class=\"service-icon-wrap\"><span class=\"flaticon-transmission-tower\"><\/span><span class=\"service-icon-2 animation flaticon-transmission-tower\"><\/span><\/div>\n\t\t<h5>ISO-9001-ZERTIFIZIERT<\/h5>\n\t\t<p>Wir bem\u00fchen uns, stetig besser zu werden und sind nach ISO 9001 zertifiziert \u2013 ein Beleg f\u00fcr die hohe Qualit\u00e4t, die wir uns zum Vorteil unserer Kunden zum Ziel setzen. Um diese Zertifizierung fortf\u00fchren zu k\u00f6nnen, bewerten und optimieren wir kontinuierlich unsere Arbeitsmethoden und Produktionsprozesse.<\/p>\n\t\t<a href=\"http:\/\/kartonnagejoye.be\/wp-content\/uploads\/2024\/10\/Issue-5-BE-1026.QA_DE_final_dd_4.10.2024.pdf\" class=\"header-font read-more\">Laden Sie unser ISO 9001-Zertifikat herunter<\/a>\n\t<\/div>[\/vc_column][vc_column width=&#8220;1\/5&#8243;]\n\t<div class=\"service rVIsWNoRNf\" data-colors=\"rVIsWNoRNf|||#202020|#f1c40f\">\n\t\t<div class=\"service-icon-wrap\"><span class=\"flaticon-factory17\"><\/span><span class=\"service-icon-2 animation flaticon-factory17\"><\/span><\/div>\n\t\t<h5>FSC\u00ae-Zertifizierung<\/h5>\n\t\t<p>Wir haben das FSC\u00ae-Zertifikat (FSC-C205816) erhalten. Die f\u00fcr unsere Produkte verwendeten Materialien stammen aus FSC\u00ae-zertifizierten und anderen kontrollierten Quellen.<\/p>\n\t\t\n\t<\/div>[\/vc_column][\/vc_row]<\/p>\n<\/div>","protected":false},"excerpt":{"rendered":"<p>[vc_row][vc_column][vc_empty_space height=&#8220;50px&#8220;][vc_single_image image=&#8220;8189&#8243; img_size=&#8220;795&#215;432&#8243; alignment=&#8220;center&#8220; onclick=&#8220;img_link_large&#8220; img_link_target=&#8220;_blank&#8220; el_class=&#8220;img-cw&#8220;][vc_empty_space height=&#8220;50px&#8220;][vc_column_text]Kartonnage Joye ist auf die Herstellung von parallel- und spiralgewickelten Papprollen in vielerlei Durchmessern und L\u00e4ngen spezialisiert. Dar\u00fcber hinaus betreiben wir eine eigene Produktionsst\u00e4tte f\u00fcr Kantenschutzpappen, die auf Wunsch in unterschiedlichen Sonderausf\u00fchrungen erh\u00e4ltlich sind. Unsere erfahrenen Mitarbeiter helfen Ihnen gerne bei der Auswahl des f\u00fcr Ihre speziellen [&hellip;]<\/p>\n","protected":false},"author":1,"featured_media":0,"parent":0,"menu_order":0,"comment_status":"closed","ping_status":"closed","template":"","meta":{"footnotes":""},"yoast_head":"<!-- This site is optimized with the Yoast SEO plugin v23.5 - https:\/\/yoast.com\/wordpress\/plugins\/seo\/ -->\n<title>Hersteller von Papprollen: Ein fester Name | Kartonnage Joye<\/title>\n<meta name=\"description\" content=\"Kartonnage Joye stellt Papprollen und Kantenschutzpappen her, Produktion und Transport just in time, ISO-9001-Zertifizierung, Lagerhaltung m\u00f6glich.\" \/>\n<meta name=\"robots\" content=\"index, follow, max-snippet:-1, max-image-preview:large, max-video-preview:-1\" \/>\n<link rel=\"canonical\" href=\"https:\/\/kartonnagejoye.be\/de\/\" \/>\n<meta property=\"og:locale\" content=\"de_DE\" \/>\n<meta property=\"og:type\" content=\"article\" \/>\n<meta property=\"og:title\" content=\"Hersteller von Papprollen: Ein fester Name | Kartonnage Joye\" \/>\n<meta property=\"og:description\" content=\"Kartonnage Joye stellt Papprollen und Kantenschutzpappen her, Produktion und Transport just in time, ISO-9001-Zertifizierung, Lagerhaltung m\u00f6glich.\" \/>\n<meta property=\"og:url\" content=\"https:\/\/kartonnagejoye.be\/de\/\" \/>\n<meta property=\"og:site_name\" content=\"Kartonnage Joye\" \/>\n<meta property=\"article:publisher\" content=\"https:\/\/www.facebook.com\/kartonnagejoye\/\" \/>\n<meta property=\"article:modified_time\" content=\"2025-11-12T07:15:28+00:00\" \/>\n<meta name=\"twitter:card\" content=\"summary_large_image\" \/>\n<meta name=\"twitter:label1\" content=\"Gesch\u00e4tzte Lesezeit\" \/>\n\t<meta name=\"twitter:data1\" content=\"3\u00a0Minuten\" \/>\n<script type=\"application\/ld+json\" class=\"yoast-schema-graph\">{\"@context\":\"https:\/\/schema.org\",\"@graph\":[{\"@type\":\"WebPage\",\"@id\":\"https:\/\/kartonnagejoye.be\/de\/\",\"url\":\"https:\/\/kartonnagejoye.be\/de\/\",\"name\":\"Hersteller von Papprollen: Ein fester Name | Kartonnage Joye\",\"isPartOf\":{\"@id\":\"https:\/\/kartonnagejoye.be\/#website\"},\"datePublished\":\"2016-02-13T12:41:04+00:00\",\"dateModified\":\"2025-11-12T07:15:28+00:00\",\"description\":\"Kartonnage Joye stellt Papprollen und Kantenschutzpappen her, Produktion und Transport just in time, ISO-9001-Zertifizierung, Lagerhaltung m\u00f6glich.\",\"breadcrumb\":{\"@id\":\"https:\/\/kartonnagejoye.be\/de\/#breadcrumb\"},\"inLanguage\":\"de\",\"potentialAction\":[{\"@type\":\"ReadAction\",\"target\":[\"https:\/\/kartonnagejoye.be\/de\/\"]}]},{\"@type\":\"BreadcrumbList\",\"@id\":\"https:\/\/kartonnagejoye.be\/de\/#breadcrumb\",\"itemListElement\":[{\"@type\":\"ListItem\",\"position\":1,\"name\":\"Home\",\"item\":\"https:\/\/kartonnagejoye.be\/de\/\"},{\"@type\":\"ListItem\",\"position\":2,\"name\":\"Joye Kartonnage NV\"}]},{\"@type\":\"WebSite\",\"@id\":\"https:\/\/kartonnagejoye.be\/#website\",\"url\":\"https:\/\/kartonnagejoye.be\/\",\"name\":\"Kartonnage Joye\",\"description\":\"Verdeler van kartonnen kokers en hoekprofielen\",\"potentialAction\":[{\"@type\":\"SearchAction\",\"target\":{\"@type\":\"EntryPoint\",\"urlTemplate\":\"https:\/\/kartonnagejoye.be\/?s={search_term_string}\"},\"query-input\":{\"@type\":\"PropertyValueSpecification\",\"valueRequired\":true,\"valueName\":\"search_term_string\"}}],\"inLanguage\":\"de\"}]}<\/script>\n<!-- \/ Yoast SEO plugin. -->","yoast_head_json":{"title":"Hersteller von Papprollen: Ein fester Name | Kartonnage Joye","description":"Kartonnage Joye stellt Papprollen und Kantenschutzpappen her, Produktion und Transport just in time, ISO-9001-Zertifizierung, Lagerhaltung m\u00f6glich.","robots":{"index":"index","follow":"follow","max-snippet":"max-snippet:-1","max-image-preview":"max-image-preview:large","max-video-preview":"max-video-preview:-1"},"canonical":"https:\/\/kartonnagejoye.be\/de\/","og_locale":"de_DE","og_type":"article","og_title":"Hersteller von Papprollen: Ein fester Name | Kartonnage Joye","og_description":"Kartonnage Joye stellt Papprollen und Kantenschutzpappen her, Produktion und Transport just in time, ISO-9001-Zertifizierung, Lagerhaltung m\u00f6glich.","og_url":"https:\/\/kartonnagejoye.be\/de\/","og_site_name":"Kartonnage Joye","article_publisher":"https:\/\/www.facebook.com\/kartonnagejoye\/","article_modified_time":"2025-11-12T07:15:28+00:00","twitter_card":"summary_large_image","twitter_misc":{"Gesch\u00e4tzte Lesezeit":"3\u00a0Minuten"},"schema":{"@context":"https:\/\/schema.org","@graph":[{"@type":"WebPage","@id":"https:\/\/kartonnagejoye.be\/de\/","url":"https:\/\/kartonnagejoye.be\/de\/","name":"Hersteller von Papprollen: Ein fester Name | Kartonnage Joye","isPartOf":{"@id":"https:\/\/kartonnagejoye.be\/#website"},"datePublished":"2016-02-13T12:41:04+00:00","dateModified":"2025-11-12T07:15:28+00:00","description":"Kartonnage Joye stellt Papprollen und Kantenschutzpappen her, Produktion und Transport just in time, ISO-9001-Zertifizierung, Lagerhaltung m\u00f6glich.","breadcrumb":{"@id":"https:\/\/kartonnagejoye.be\/de\/#breadcrumb"},"inLanguage":"de","potentialAction":[{"@type":"ReadAction","target":["https:\/\/kartonnagejoye.be\/de\/"]}]},{"@type":"BreadcrumbList","@id":"https:\/\/kartonnagejoye.be\/de\/#breadcrumb","itemListElement":[{"@type":"ListItem","position":1,"name":"Home","item":"https:\/\/kartonnagejoye.be\/de\/"},{"@type":"ListItem","position":2,"name":"Joye Kartonnage NV"}]},{"@type":"WebSite","@id":"https:\/\/kartonnagejoye.be\/#website","url":"https:\/\/kartonnagejoye.be\/","name":"Kartonnage Joye","description":"Verdeler van kartonnen kokers en hoekprofielen","potentialAction":[{"@type":"SearchAction","target":{"@type":"EntryPoint","urlTemplate":"https:\/\/kartonnagejoye.be\/?s={search_term_string}"},"query-input":{"@type":"PropertyValueSpecification","valueRequired":true,"valueName":"search_term_string"}}],"inLanguage":"de"}]}},"_links":{"self":[{"href":"https:\/\/kartonnagejoye.be\/de\/wp-json\/wp\/v2\/pages\/818"}],"collection":[{"href":"https:\/\/kartonnagejoye.be\/de\/wp-json\/wp\/v2\/pages"}],"about":[{"href":"https:\/\/kartonnagejoye.be\/de\/wp-json\/wp\/v2\/types\/page"}],"author":[{"embeddable":true,"href":"https:\/\/kartonnagejoye.be\/de\/wp-json\/wp\/v2\/users\/1"}],"replies":[{"embeddable":true,"href":"https:\/\/kartonnagejoye.be\/de\/wp-json\/wp\/v2\/comments?post=818"}],"version-history":[{"count":62,"href":"https:\/\/kartonnagejoye.be\/de\/wp-json\/wp\/v2\/pages\/818\/revisions"}],"predecessor-version":[{"id":8435,"href":"https:\/\/kartonnagejoye.be\/de\/wp-json\/wp\/v2\/pages\/818\/revisions\/8435"}],"wp:attachment":[{"href":"https:\/\/kartonnagejoye.be\/de\/wp-json\/wp\/v2\/media?parent=818"}],"curies":[{"name":"wp","href":"https:\/\/api.w.org\/{rel}","templated":true}]}}