{"id":975,"date":"2016-12-19T09:27:18","date_gmt":"2016-12-19T08:27:18","guid":{"rendered":"http:\/\/www.kartonnagejoye.be\/de\/tender\/"},"modified":"2021-01-14T11:55:10","modified_gmt":"2021-01-14T10:55:10","slug":"tender","status":"publish","type":"page","link":"https:\/\/kartonnagejoye.be\/de\/tender\/","title":{"rendered":"Tender"},"content":{"rendered":"<div class=\"wpb-content-wrapper\"><p>[vc_row][vc_column][vc_single_image image=&#8220;1236&#8243; img_size=&#8220;large&#8220;][vc_empty_space height=&#8220;12&#8243;][vc_column_text]Szanowni Pa\u0144stwo<\/p>\n<p>Informujemy, \u017ce firma KARTONNAGE JOYE POLSKA SP. Z O.O. realizuje projekt w\u00a0ramach Regionalnego Programu Operacyjnego Wojew\u00f3dztwa \u015al\u0105skiego na lata 2014-2020, Osi Priorytetowej III. Konkurencyjno\u015b\u0107 M\u015aP, Dzia\u0142ania 3.2 Innowacje w M\u015aP pt. <strong><em>\u201eWdro\u017cenie innowacyjnych rozwi\u0105za\u0144 w\u00a0nowo tworzonym zak\u0142adzie produkcji k\u0105townik\u00f3w tekturowych do zabezpieczania towar\u00f3w w\u00a0transporcie\u201d.<\/em><\/strong><\/p>\n<p><strong>Celem przedmiotowego projektu<\/strong> jest podniesienie innowacyjno\u015bci i\u00a0konkurencyjno\u015bci przedsi\u0119biorstwa na rynku krajowym i mi\u0119dzynarodowym poprzez rozpocz\u0119cie produkcji i\u00a0wprowadzenie na rynek nowego innowacyjnego produktu &#8211; k\u0105townik\u00f3w zabezpieczaj\u0105cych z\u00a0autorskim systemem monta\u017cowym.<\/p>\n<p><strong>Planowany koszt projektu:<\/strong>\u00a0 2 591 600,00 PLN<\/p>\n<p><strong>Planowana kwota dofinansowania:<\/strong>\u00a0 1 166 220,00 PLN<\/p>\n<p><strong>KARTONNAGE JOYE POLSKA SP. Z O.O. <\/strong>realizuje projekt dofinansowany z Funduszy Europejskich pt. \u201cWdro\u017cenie innowacyjnych rozwi\u0105za\u0144 w nowo tworzonym zak\u0142adzie produkcji k\u0105townik\u00f3w tekturowych do zabezpieczania towar\u00f3w w transporcie\u201d<\/p>\n<p><strong>Cel projektu: <\/strong>podniesienie innowacyjno\u015bci i konkurencyjno\u015bci przedsi\u0119biorstwa na rynku krajowym i mi\u0119dzynarodowym poprzez rozpocz\u0119cie produkcji i wprowadzenie na rynek nowego innowacyjnego produktu &#8211; k\u0105townik\u00f3w zabezpieczaj\u0105cych z autorskim systemem monta\u017cowym.<\/p>\n<p><strong>Dofinansowanie projektu z UE: <\/strong>1 166 220,00 PLN[\/vc_column_text][\/vc_column][\/vc_row]<\/p>\n<\/div>","protected":false},"excerpt":{"rendered":"<p>[vc_row][vc_column][vc_single_image image=&#8220;1236&#8243; img_size=&#8220;large&#8220;][vc_empty_space height=&#8220;12&#8243;][vc_column_text]Szanowni Pa\u0144stwo Informujemy, \u017ce firma KARTONNAGE JOYE POLSKA SP. Z O.O. realizuje projekt w\u00a0ramach Regionalnego Programu Operacyjnego Wojew\u00f3dztwa \u015al\u0105skiego na lata 2014-2020, Osi Priorytetowej III. Konkurencyjno\u015b\u0107 M\u015aP, Dzia\u0142ania 3.2 Innowacje w M\u015aP pt. \u201eWdro\u017cenie innowacyjnych rozwi\u0105za\u0144 w\u00a0nowo tworzonym zak\u0142adzie produkcji k\u0105townik\u00f3w tekturowych do zabezpieczania towar\u00f3w w\u00a0transporcie\u201d. Celem przedmiotowego projektu jest podniesienie innowacyjno\u015bci [&hellip;]<\/p>\n","protected":false},"author":1,"featured_media":0,"parent":0,"menu_order":0,"comment_status":"closed","ping_status":"closed","template":"page-tpl_full_width.php","meta":{"footnotes":""},"yoast_head":"<!-- This site is optimized with the Yoast SEO plugin v23.5 - https:\/\/yoast.com\/wordpress\/plugins\/seo\/ -->\n<title>Tender &#8226; Kartonnage Joye<\/title>\n<meta name=\"robots\" content=\"index, follow, max-snippet:-1, max-image-preview:large, max-video-preview:-1\" \/>\n<link rel=\"canonical\" href=\"https:\/\/kartonnagejoye.be\/de\/tender\/\" \/>\n<meta property=\"og:locale\" content=\"de_DE\" \/>\n<meta property=\"og:type\" content=\"article\" \/>\n<meta property=\"og:title\" content=\"Tender &#8226; Kartonnage Joye\" \/>\n<meta property=\"og:description\" content=\"[vc_row][vc_column][vc_single_image image=&#8220;1236&#8243; img_size=&#8220;large&#8220;][vc_empty_space height=&#8220;12&#8243;][vc_column_text]Szanowni Pa\u0144stwo Informujemy, \u017ce firma KARTONNAGE JOYE POLSKA SP. Z O.O. realizuje projekt w\u00a0ramach Regionalnego Programu Operacyjnego Wojew\u00f3dztwa \u015al\u0105skiego na lata 2014-2020, Osi Priorytetowej III. Konkurencyjno\u015b\u0107 M\u015aP, Dzia\u0142ania 3.2 Innowacje w M\u015aP pt. \u201eWdro\u017cenie innowacyjnych rozwi\u0105za\u0144 w\u00a0nowo tworzonym zak\u0142adzie produkcji k\u0105townik\u00f3w tekturowych do zabezpieczania towar\u00f3w w\u00a0transporcie\u201d. Celem przedmiotowego projektu jest podniesienie innowacyjno\u015bci [&hellip;]\" \/>\n<meta property=\"og:url\" content=\"https:\/\/kartonnagejoye.be\/de\/tender\/\" \/>\n<meta property=\"og:site_name\" content=\"Kartonnage Joye\" \/>\n<meta property=\"article:publisher\" content=\"https:\/\/www.facebook.com\/kartonnagejoye\/\" \/>\n<meta property=\"article:modified_time\" content=\"2021-01-14T10:55:10+00:00\" \/>\n<meta name=\"twitter:card\" content=\"summary_large_image\" \/>\n<meta name=\"twitter:label1\" content=\"Gesch\u00e4tzte Lesezeit\" \/>\n\t<meta name=\"twitter:data1\" content=\"1\u00a0Minute\" \/>\n<script type=\"application\/ld+json\" class=\"yoast-schema-graph\">{\"@context\":\"https:\/\/schema.org\",\"@graph\":[{\"@type\":\"WebPage\",\"@id\":\"https:\/\/kartonnagejoye.be\/de\/tender\/\",\"url\":\"https:\/\/kartonnagejoye.be\/de\/tender\/\",\"name\":\"Tender &#8226; Kartonnage Joye\",\"isPartOf\":{\"@id\":\"https:\/\/kartonnagejoye.be\/#website\"},\"datePublished\":\"2016-12-19T08:27:18+00:00\",\"dateModified\":\"2021-01-14T10:55:10+00:00\",\"breadcrumb\":{\"@id\":\"https:\/\/kartonnagejoye.be\/de\/tender\/#breadcrumb\"},\"inLanguage\":\"de\",\"potentialAction\":[{\"@type\":\"ReadAction\",\"target\":[\"https:\/\/kartonnagejoye.be\/de\/tender\/\"]}]},{\"@type\":\"BreadcrumbList\",\"@id\":\"https:\/\/kartonnagejoye.be\/de\/tender\/#breadcrumb\",\"itemListElement\":[{\"@type\":\"ListItem\",\"position\":1,\"name\":\"Home\",\"item\":\"https:\/\/kartonnagejoye.be\/de\/\"},{\"@type\":\"ListItem\",\"position\":2,\"name\":\"Tender\"}]},{\"@type\":\"WebSite\",\"@id\":\"https:\/\/kartonnagejoye.be\/#website\",\"url\":\"https:\/\/kartonnagejoye.be\/\",\"name\":\"Kartonnage Joye\",\"description\":\"Verdeler van kartonnen kokers en hoekprofielen\",\"potentialAction\":[{\"@type\":\"SearchAction\",\"target\":{\"@type\":\"EntryPoint\",\"urlTemplate\":\"https:\/\/kartonnagejoye.be\/?s={search_term_string}\"},\"query-input\":{\"@type\":\"PropertyValueSpecification\",\"valueRequired\":true,\"valueName\":\"search_term_string\"}}],\"inLanguage\":\"de\"}]}<\/script>\n<!-- \/ Yoast SEO plugin. -->","yoast_head_json":{"title":"Tender &#8226; Kartonnage Joye","robots":{"index":"index","follow":"follow","max-snippet":"max-snippet:-1","max-image-preview":"max-image-preview:large","max-video-preview":"max-video-preview:-1"},"canonical":"https:\/\/kartonnagejoye.be\/de\/tender\/","og_locale":"de_DE","og_type":"article","og_title":"Tender &#8226; Kartonnage Joye","og_description":"[vc_row][vc_column][vc_single_image image=&#8220;1236&#8243; img_size=&#8220;large&#8220;][vc_empty_space height=&#8220;12&#8243;][vc_column_text]Szanowni Pa\u0144stwo Informujemy, \u017ce firma KARTONNAGE JOYE POLSKA SP. Z O.O. realizuje projekt w\u00a0ramach Regionalnego Programu Operacyjnego Wojew\u00f3dztwa \u015al\u0105skiego na lata 2014-2020, Osi Priorytetowej III. Konkurencyjno\u015b\u0107 M\u015aP, Dzia\u0142ania 3.2 Innowacje w M\u015aP pt. \u201eWdro\u017cenie innowacyjnych rozwi\u0105za\u0144 w\u00a0nowo tworzonym zak\u0142adzie produkcji k\u0105townik\u00f3w tekturowych do zabezpieczania towar\u00f3w w\u00a0transporcie\u201d. Celem przedmiotowego projektu jest podniesienie innowacyjno\u015bci [&hellip;]","og_url":"https:\/\/kartonnagejoye.be\/de\/tender\/","og_site_name":"Kartonnage Joye","article_publisher":"https:\/\/www.facebook.com\/kartonnagejoye\/","article_modified_time":"2021-01-14T10:55:10+00:00","twitter_card":"summary_large_image","twitter_misc":{"Gesch\u00e4tzte Lesezeit":"1\u00a0Minute"},"schema":{"@context":"https:\/\/schema.org","@graph":[{"@type":"WebPage","@id":"https:\/\/kartonnagejoye.be\/de\/tender\/","url":"https:\/\/kartonnagejoye.be\/de\/tender\/","name":"Tender &#8226; Kartonnage Joye","isPartOf":{"@id":"https:\/\/kartonnagejoye.be\/#website"},"datePublished":"2016-12-19T08:27:18+00:00","dateModified":"2021-01-14T10:55:10+00:00","breadcrumb":{"@id":"https:\/\/kartonnagejoye.be\/de\/tender\/#breadcrumb"},"inLanguage":"de","potentialAction":[{"@type":"ReadAction","target":["https:\/\/kartonnagejoye.be\/de\/tender\/"]}]},{"@type":"BreadcrumbList","@id":"https:\/\/kartonnagejoye.be\/de\/tender\/#breadcrumb","itemListElement":[{"@type":"ListItem","position":1,"name":"Home","item":"https:\/\/kartonnagejoye.be\/de\/"},{"@type":"ListItem","position":2,"name":"Tender"}]},{"@type":"WebSite","@id":"https:\/\/kartonnagejoye.be\/#website","url":"https:\/\/kartonnagejoye.be\/","name":"Kartonnage Joye","description":"Verdeler van kartonnen kokers en hoekprofielen","potentialAction":[{"@type":"SearchAction","target":{"@type":"EntryPoint","urlTemplate":"https:\/\/kartonnagejoye.be\/?s={search_term_string}"},"query-input":{"@type":"PropertyValueSpecification","valueRequired":true,"valueName":"search_term_string"}}],"inLanguage":"de"}]}},"_links":{"self":[{"href":"https:\/\/kartonnagejoye.be\/de\/wp-json\/wp\/v2\/pages\/975"}],"collection":[{"href":"https:\/\/kartonnagejoye.be\/de\/wp-json\/wp\/v2\/pages"}],"about":[{"href":"https:\/\/kartonnagejoye.be\/de\/wp-json\/wp\/v2\/types\/page"}],"author":[{"embeddable":true,"href":"https:\/\/kartonnagejoye.be\/de\/wp-json\/wp\/v2\/users\/1"}],"replies":[{"embeddable":true,"href":"https:\/\/kartonnagejoye.be\/de\/wp-json\/wp\/v2\/comments?post=975"}],"version-history":[{"count":12,"href":"https:\/\/kartonnagejoye.be\/de\/wp-json\/wp\/v2\/pages\/975\/revisions"}],"predecessor-version":[{"id":1239,"href":"https:\/\/kartonnagejoye.be\/de\/wp-json\/wp\/v2\/pages\/975\/revisions\/1239"}],"wp:attachment":[{"href":"https:\/\/kartonnagejoye.be\/de\/wp-json\/wp\/v2\/media?parent=975"}],"curies":[{"name":"wp","href":"https:\/\/api.w.org\/{rel}","templated":true}]}}