{"id":1034,"date":"2017-02-09T10:20:37","date_gmt":"2017-02-09T09:20:37","guid":{"rendered":"http:\/\/www.kartonnagejoye.be\/fr\/kartonnen-kokers\/"},"modified":"2017-02-17T12:56:44","modified_gmt":"2017-02-17T11:56:44","slug":"kartonnen-kokers","status":"publish","type":"page","link":"https:\/\/kartonnagejoye.be\/fr\/kartonnen-kokers\/","title":{"rendered":"Tubes en carton"},"content":{"rendered":"<div class=\"wpb-content-wrapper\"><p>[vc_row][vc_column width=\u00a0\u00bb1\/3&Prime;]<div class=\"page-item top-media\">\n\t\t\t\t<a href=\"https:\/\/kartonnagejoye.be\/fr\/?page_id=820\" class=\"page-media\"><img loading=\"lazy\" decoding=\"async\" width=\"360\" height=\"203\" src=\"https:\/\/kartonnagejoye.be\/wp-content\/uploads\/2016\/02\/SpiraalGewikkelde_Profielen_1-360x203.jpg\" class=\"attachment-industry-box-thumb size-industry-box-thumb wp-post-image\" alt=\"Kartonnage Joye is fabrikant kartonnen kokers en kartonnen hoekprofielen.\" \/><\/a>\n\t\t\t\t<div class=\"page-item-content\">\n\t\t\t\t\t<h5>Priv\u00e9\u00a0: Tube carton spiral\u00e9<\/h5>\n\t\t\t\t\t<p>Les tubes en carton spiral\u00e9s sont utilis\u00e9s dans divers secteurs en fonction de leur sp\u00e9cificit\u00e9 : industrie papier, film d\u2019emballage, textile, m\u00e9tallurgie\u2026<\/p>\n\t\t\t\t\t<a href=\"https:\/\/kartonnagejoye.be\/fr\/?page_id=820\" class=\"read-more header-font\">LA SUITE <\/a>\n\t\t\t\t<\/div>\n\t\t\t<\/div>[\/vc_column][vc_column width=\u00a0\u00bb1\/3&Prime;]<div class=\"page-item top-media\">\n\t\t\t\t<a href=\"https:\/\/kartonnagejoye.be\/fr\/?page_id=824\" class=\"page-media\"><img loading=\"lazy\" decoding=\"async\" width=\"360\" height=\"203\" src=\"https:\/\/kartonnagejoye.be\/wp-content\/uploads\/2016\/02\/SpiraalGewikkeldeProfielen-3-360x203.jpg\" class=\"attachment-industry-box-thumb size-industry-box-thumb wp-post-image\" alt=\"Kartonnen kokers koop je aan bij Kartonnage Joye. Supersterk, op maat en standaard binnen de week geleverd.\" \/><\/a>\n\t\t\t\t<div class=\"page-item-content\">\n\t\t\t\t\t<h5>Priv\u00e9\u00a0: Tube carton \u00e0 enroulement droit<\/h5>\n\t\t\t\t\t<p>Les tubes sont enroul\u00e9s \u00e0 partir d\u2019une bobine de papier de diff\u00e9rentes laizes, ce qui a l\u2019avantage d\u2019obtenir l\u2019\u00e9paisseur requise par le client \r\nLes tubes offrent une multitude de possibilit\u00e9s diff\u00e9rentes.<\/p>\n\t\t\t\t\t<a href=\"https:\/\/kartonnagejoye.be\/fr\/?page_id=824\" class=\"read-more header-font\">LA SUITE <\/a>\n\t\t\t\t<\/div>\n\t\t\t<\/div>[\/vc_column][vc_column width=\u00a0\u00bb1\/3&Prime;]<div class=\"page-item top-media\">\n\t\t\t\t<a href=\"https:\/\/kartonnagejoye.be\/fr\/?page_id=843\" class=\"page-media\"><img loading=\"lazy\" decoding=\"async\" width=\"360\" height=\"203\" src=\"https:\/\/kartonnagejoye.be\/wp-content\/uploads\/2016\/06\/verzendkoker-KY-360x203.jpg\" class=\"attachment-industry-box-thumb size-industry-box-thumb wp-post-image\" alt=\"Kartonnen kokers koop je aan bij Kartonnage Joye. Supersterk, op maat en standaard binnen de week geleverd.\" \/><\/a>\n\t\t\t\t<div class=\"page-item-content\">\n\t\t\t\t\t<h5>Priv\u00e9\u00a0: Tube d\u2019exp\u00e9dition<\/h5>\n\t\t\t\t\t<p>Les tubes d\u2019exp\u00e9dition sont des tubes ronds pour l\u2019envoi des documents, des affiches ou des applications sp\u00e9cifiques, par exemple : emballage pour parapluies\u2026<\/p>\n\t\t\t\t\t<a href=\"https:\/\/kartonnagejoye.be\/fr\/?page_id=843\" class=\"read-more header-font\">LA SUITE <\/a>\n\t\t\t\t<\/div>\n\t\t\t<\/div>[\/vc_column][\/vc_row]<\/p>\n<\/div>","protected":false},"excerpt":{"rendered":"<p>[vc_row][vc_column width=\u00a0\u00bb1\/3&Prime;][\/vc_column][vc_column width=\u00a0\u00bb1\/3&Prime;][\/vc_column][vc_column width=\u00a0\u00bb1\/3&Prime;][\/vc_column][\/vc_row]<\/p>\n","protected":false},"author":1,"featured_media":7524,"parent":0,"menu_order":0,"comment_status":"closed","ping_status":"closed","template":"page-tpl_full_width.php","meta":{"footnotes":""},"yoast_head":"<!-- This site is optimized with the Yoast SEO plugin v23.5 - https:\/\/yoast.com\/wordpress\/plugins\/seo\/ -->\n<title>Tubes en carton &#8226; Joye Kartonnage SA<\/title>\n<meta name=\"description\" content=\"Wij zijn specialist in alle soorten verpakkingskokers, verzendkokers en kernen.\" \/>\n<meta name=\"robots\" content=\"index, follow, max-snippet:-1, max-image-preview:large, max-video-preview:-1\" \/>\n<link rel=\"canonical\" href=\"https:\/\/kartonnagejoye.be\/fr\/kartonnen-kokers\/\" \/>\n<meta property=\"og:locale\" content=\"fr_FR\" \/>\n<meta property=\"og:type\" content=\"article\" \/>\n<meta property=\"og:title\" content=\"Tubes en carton &#8226; Joye Kartonnage SA\" \/>\n<meta property=\"og:description\" content=\"Wij zijn specialist in alle soorten verpakkingskokers, verzendkokers en kernen.\" \/>\n<meta property=\"og:url\" content=\"https:\/\/kartonnagejoye.be\/fr\/kartonnen-kokers\/\" \/>\n<meta property=\"og:site_name\" content=\"Joye Kartonnage SA\" \/>\n<meta property=\"article:publisher\" content=\"https:\/\/www.facebook.com\/kartonnagejoye\/\" \/>\n<meta property=\"article:modified_time\" content=\"2017-02-17T11:56:44+00:00\" \/>\n<meta property=\"og:image\" content=\"https:\/\/kartonnagejoye.be\/wp-content\/uploads\/2016\/02\/SpiraalGewikkelde_Profielen_1.jpg\" \/>\n\t<meta property=\"og:image:width\" content=\"409\" \/>\n\t<meta property=\"og:image:height\" content=\"273\" \/>\n\t<meta property=\"og:image:type\" content=\"image\/jpeg\" \/>\n<meta name=\"twitter:card\" content=\"summary_large_image\" \/>\n<script type=\"application\/ld+json\" class=\"yoast-schema-graph\">{\"@context\":\"https:\/\/schema.org\",\"@graph\":[{\"@type\":\"WebPage\",\"@id\":\"https:\/\/kartonnagejoye.be\/fr\/kartonnen-kokers\/\",\"url\":\"https:\/\/kartonnagejoye.be\/fr\/kartonnen-kokers\/\",\"name\":\"Tubes en carton &#8226; Joye Kartonnage SA\",\"isPartOf\":{\"@id\":\"https:\/\/kartonnagejoye.be\/#website\"},\"primaryImageOfPage\":{\"@id\":\"https:\/\/kartonnagejoye.be\/fr\/kartonnen-kokers\/#primaryimage\"},\"image\":{\"@id\":\"https:\/\/kartonnagejoye.be\/fr\/kartonnen-kokers\/#primaryimage\"},\"thumbnailUrl\":\"https:\/\/kartonnagejoye.be\/wp-content\/uploads\/2016\/02\/SpiraalGewikkelde_Profielen_1.jpg\",\"datePublished\":\"2017-02-09T09:20:37+00:00\",\"dateModified\":\"2017-02-17T11:56:44+00:00\",\"description\":\"Wij zijn specialist in alle soorten verpakkingskokers, verzendkokers en kernen.\",\"breadcrumb\":{\"@id\":\"https:\/\/kartonnagejoye.be\/fr\/kartonnen-kokers\/#breadcrumb\"},\"inLanguage\":\"fr-FR\",\"potentialAction\":[{\"@type\":\"ReadAction\",\"target\":[\"https:\/\/kartonnagejoye.be\/fr\/kartonnen-kokers\/\"]}]},{\"@type\":\"ImageObject\",\"inLanguage\":\"fr-FR\",\"@id\":\"https:\/\/kartonnagejoye.be\/fr\/kartonnen-kokers\/#primaryimage\",\"url\":\"https:\/\/kartonnagejoye.be\/wp-content\/uploads\/2016\/02\/SpiraalGewikkelde_Profielen_1.jpg\",\"contentUrl\":\"https:\/\/kartonnagejoye.be\/wp-content\/uploads\/2016\/02\/SpiraalGewikkelde_Profielen_1.jpg\",\"width\":409,\"height\":273,\"caption\":\"kartonnen kokers\"},{\"@type\":\"BreadcrumbList\",\"@id\":\"https:\/\/kartonnagejoye.be\/fr\/kartonnen-kokers\/#breadcrumb\",\"itemListElement\":[{\"@type\":\"ListItem\",\"position\":1,\"name\":\"Home\",\"item\":\"https:\/\/kartonnagejoye.be\/fr\/\"},{\"@type\":\"ListItem\",\"position\":2,\"name\":\"Tubes en carton\"}]},{\"@type\":\"WebSite\",\"@id\":\"https:\/\/kartonnagejoye.be\/#website\",\"url\":\"https:\/\/kartonnagejoye.be\/\",\"name\":\"Joye Kartonnage SA\",\"description\":\"Tubes et corni\u00e8res en carton \",\"potentialAction\":[{\"@type\":\"SearchAction\",\"target\":{\"@type\":\"EntryPoint\",\"urlTemplate\":\"https:\/\/kartonnagejoye.be\/?s={search_term_string}\"},\"query-input\":{\"@type\":\"PropertyValueSpecification\",\"valueRequired\":true,\"valueName\":\"search_term_string\"}}],\"inLanguage\":\"fr-FR\"}]}<\/script>\n<!-- \/ Yoast SEO plugin. -->","yoast_head_json":{"title":"Tubes en carton &#8226; Joye Kartonnage SA","description":"Wij zijn specialist in alle soorten verpakkingskokers, verzendkokers en kernen.","robots":{"index":"index","follow":"follow","max-snippet":"max-snippet:-1","max-image-preview":"max-image-preview:large","max-video-preview":"max-video-preview:-1"},"canonical":"https:\/\/kartonnagejoye.be\/fr\/kartonnen-kokers\/","og_locale":"fr_FR","og_type":"article","og_title":"Tubes en carton &#8226; Joye Kartonnage SA","og_description":"Wij zijn specialist in alle soorten verpakkingskokers, verzendkokers en kernen.","og_url":"https:\/\/kartonnagejoye.be\/fr\/kartonnen-kokers\/","og_site_name":"Joye Kartonnage SA","article_publisher":"https:\/\/www.facebook.com\/kartonnagejoye\/","article_modified_time":"2017-02-17T11:56:44+00:00","og_image":[{"width":409,"height":273,"url":"https:\/\/kartonnagejoye.be\/wp-content\/uploads\/2016\/02\/SpiraalGewikkelde_Profielen_1.jpg","type":"image\/jpeg"}],"twitter_card":"summary_large_image","schema":{"@context":"https:\/\/schema.org","@graph":[{"@type":"WebPage","@id":"https:\/\/kartonnagejoye.be\/fr\/kartonnen-kokers\/","url":"https:\/\/kartonnagejoye.be\/fr\/kartonnen-kokers\/","name":"Tubes en carton &#8226; Joye Kartonnage SA","isPartOf":{"@id":"https:\/\/kartonnagejoye.be\/#website"},"primaryImageOfPage":{"@id":"https:\/\/kartonnagejoye.be\/fr\/kartonnen-kokers\/#primaryimage"},"image":{"@id":"https:\/\/kartonnagejoye.be\/fr\/kartonnen-kokers\/#primaryimage"},"thumbnailUrl":"https:\/\/kartonnagejoye.be\/wp-content\/uploads\/2016\/02\/SpiraalGewikkelde_Profielen_1.jpg","datePublished":"2017-02-09T09:20:37+00:00","dateModified":"2017-02-17T11:56:44+00:00","description":"Wij zijn specialist in alle soorten verpakkingskokers, verzendkokers en kernen.","breadcrumb":{"@id":"https:\/\/kartonnagejoye.be\/fr\/kartonnen-kokers\/#breadcrumb"},"inLanguage":"fr-FR","potentialAction":[{"@type":"ReadAction","target":["https:\/\/kartonnagejoye.be\/fr\/kartonnen-kokers\/"]}]},{"@type":"ImageObject","inLanguage":"fr-FR","@id":"https:\/\/kartonnagejoye.be\/fr\/kartonnen-kokers\/#primaryimage","url":"https:\/\/kartonnagejoye.be\/wp-content\/uploads\/2016\/02\/SpiraalGewikkelde_Profielen_1.jpg","contentUrl":"https:\/\/kartonnagejoye.be\/wp-content\/uploads\/2016\/02\/SpiraalGewikkelde_Profielen_1.jpg","width":409,"height":273,"caption":"kartonnen kokers"},{"@type":"BreadcrumbList","@id":"https:\/\/kartonnagejoye.be\/fr\/kartonnen-kokers\/#breadcrumb","itemListElement":[{"@type":"ListItem","position":1,"name":"Home","item":"https:\/\/kartonnagejoye.be\/fr\/"},{"@type":"ListItem","position":2,"name":"Tubes en carton"}]},{"@type":"WebSite","@id":"https:\/\/kartonnagejoye.be\/#website","url":"https:\/\/kartonnagejoye.be\/","name":"Joye Kartonnage SA","description":"Tubes et corni\u00e8res en carton ","potentialAction":[{"@type":"SearchAction","target":{"@type":"EntryPoint","urlTemplate":"https:\/\/kartonnagejoye.be\/?s={search_term_string}"},"query-input":{"@type":"PropertyValueSpecification","valueRequired":true,"valueName":"search_term_string"}}],"inLanguage":"fr-FR"}]}},"_links":{"self":[{"href":"https:\/\/kartonnagejoye.be\/fr\/wp-json\/wp\/v2\/pages\/1034"}],"collection":[{"href":"https:\/\/kartonnagejoye.be\/fr\/wp-json\/wp\/v2\/pages"}],"about":[{"href":"https:\/\/kartonnagejoye.be\/fr\/wp-json\/wp\/v2\/types\/page"}],"author":[{"embeddable":true,"href":"https:\/\/kartonnagejoye.be\/fr\/wp-json\/wp\/v2\/users\/1"}],"replies":[{"embeddable":true,"href":"https:\/\/kartonnagejoye.be\/fr\/wp-json\/wp\/v2\/comments?post=1034"}],"version-history":[{"count":2,"href":"https:\/\/kartonnagejoye.be\/fr\/wp-json\/wp\/v2\/pages\/1034\/revisions"}],"predecessor-version":[{"id":1071,"href":"https:\/\/kartonnagejoye.be\/fr\/wp-json\/wp\/v2\/pages\/1034\/revisions\/1071"}],"wp:featuredmedia":[{"embeddable":true,"href":"https:\/\/kartonnagejoye.be\/fr\/wp-json\/wp\/v2\/media\/7524"}],"wp:attachment":[{"href":"https:\/\/kartonnagejoye.be\/fr\/wp-json\/wp\/v2\/media?parent=1034"}],"curies":[{"name":"wp","href":"https:\/\/api.w.org\/{rel}","templated":true}]}}