{"id":747,"date":"2016-02-14T15:02:34","date_gmt":"2016-02-14T15:02:34","guid":{"rendered":"http:\/\/site.kartonnagejoye.be\/about-us\/?lang=fr"},"modified":"2023-11-28T12:03:38","modified_gmt":"2023-11-28T11:03:38","slug":"kartonnage-joye","status":"publish","type":"page","link":"https:\/\/kartonnagejoye.be\/fr\/kartonnage-joye\/","title":{"rendered":"Kartonnage Joye"},"content":{"rendered":"<div class=\"wpb-content-wrapper\"><p>[vc_row][vc_column]<div class=\"ind-title-wrap\"><h1 style=\"\" class=\"ind-title\">\u00c0 propos de Kartonnage Joye<\/h1><\/div>[vc_empty_space height=\u00a0\u00bb50px\u00a0\u00bb][vc_single_image image=\u00a0\u00bb8208&Prime; img_size=\u00a0\u00bb794&#215;419&Prime; alignment=\u00a0\u00bbcenter\u00a0\u00bb onclick=\u00a0\u00bbimg_link_large\u00a0\u00bb img_link_target=\u00a0\u00bb_blank\u00a0\u00bb el_class=\u00a0\u00bbimg-cw\u00a0\u00bb][vc_empty_space height=\u00a0\u00bb50px\u00a0\u00bb][vc_column_text]Kartonnage Joye s\u2019est forg\u00e9 un nom dans le monde des tubes en carton. Nous vous fournirons avec plaisir toutes sortes de <a href=\"https:\/\/kartonnagejoye.be\/fr\/mandrins-carton\/\" target=\"_blank\" rel=\"noopener\"><u>mandrins carton<\/u><\/a> et de <a href=\"https:\/\/kartonnagejoye.be\/fr\/cornieres-carton\/\" target=\"_blank\" rel=\"noopener\"><u>corni\u00e8res carton<\/u><\/a> r\u00e9pondant aux besoins de votre secteur ainsi qu\u2019\u00e0 vos desiderata. Vous recevrez uniquement des produits de qualit\u00e9 fabriqu\u00e9s selon vos propres crit\u00e8res, soyez-en assur\u00e9.<\/p>\n<p>De notre site d\u2019une superficie de 11\u00a0000\u00a0m\u00b2 situ\u00e9 \u00e0 Renaix, en Belgique, sortent des tubes en carton spiral\u00e9s et \u00e0 enroulement parall\u00e8le. Notre filiale Kartonnage Joye Pologne produit des <a href=\"https:\/\/kartonnagejoye.be\/fr\/cornieres-carton\/\" target=\"_blank\" rel=\"noopener\"><u>corni\u00e8res carton<\/u><\/a> qui servent \u00e0 prot\u00e9ger vos produits pendant leur transport.[\/vc_column_text][vc_empty_space height=\u00a0\u00bb30px\u00a0\u00bb][vc_column_text]<\/p>\n<blockquote><p><em>Nous proposons une vaste gamme de mandrins carton d\u2019un diam\u00e8tre int\u00e9rieur allant de 21 \u00e0 720 mm, avec pratiquement toutes les dimensions interm\u00e9diaires possibles. Nous avons \u00e9galement toute une s\u00e9rie de corni\u00e8res carton dont le format va de 30&#215;30 \u00e0 100&#215;100 mm.<\/em><\/p><\/blockquote>\n<p>[\/vc_column_text][vc_empty_space height=\u00a0\u00bb30px\u00a0\u00bb]<div class=\"ind-title-wrap\"><h2 style=\"\" class=\"ind-title\">Kartonnage Joye, \u00e0 l\u2019\u0153uvre depuis plus d\u2019un demi-si\u00e8cle<\/h2><\/div>[vc_empty_space height=\u00a0\u00bb25px\u00a0\u00bb][\/vc_column][\/vc_row][vc_row full_width=\u00a0\u00bbstretch_row\u00a0\u00bb css=\u00a0\u00bb.vc_custom_1692630171913{padding-top: 15px !important;padding-bottom: 15px !important;background-color: #027859 !important;}\u00a0\u00bb][vc_column][vc_single_image image=\u00a0\u00bb8208&Prime; img_size=\u00a0\u00bb793&#215;447&Prime; alignment=\u00a0\u00bbcenter\u00a0\u00bb onclick=\u00a0\u00bbimg_link_large\u00a0\u00bb img_link_target=\u00a0\u00bb_blank\u00a0\u00bb el_class=\u00a0\u00bbimg-cw\u00a0\u00bb][\/vc_column][\/vc_row][vc_row][vc_column][vc_empty_space height=\u00a0\u00bb35px\u00a0\u00bb][vc_column_text]Kartonnage Joye op\u00e8re depuis plus de 50\u00a0ans dans le monde des tubes en carton. Cette longue exp\u00e9rience nous permet de comprendre mieux que quiconque les besoins de nos clients.<\/p>\n<p>Si nous sommes en mesure de livrer votre commande dans la semaine, c\u2019est gr\u00e2ce \u00e0 notre parc de machines ultramoderne, \u00e0 notre production interne, \u00e0 nos travailleurs qualifi\u00e9s et responsables qui assurent une production continue, \u00e0 notre vaste entrep\u00f4t et \u00e0 nos propres camions. En cas de besoin, nous pouvons m\u00eame livrer plus rapidement\u00a0!<\/p>\n<blockquote><p><em>Chaque commande est r\u00e9alis\u00e9e sur mesure\u00a0: vous nous dites ce qu\u2019il vous faut, et nous nous occupons de tout.<\/em><\/p><\/blockquote>\n<p>Nous sommes \u00e0 votre service \u00e0 toutes les phases de production des mandrins carton, de la conception \u00e0 la production de masse en passant par le prototype. Nous traitons chaque commande avec le plus grand soin. Et nous livrons toujours des mandrins et corni\u00e8res carton de la plus haute qualit\u00e9.[\/vc_column_text][vc_empty_space height=\u00a0\u00bb30px\u00a0\u00bb]<div class=\"ind-title-wrap\"><h2 style=\"\" class=\"ind-title\">Pourquoi choisir Kartonnage Joye?<\/h2><\/div>[vc_empty_space height=\u00a0\u00bb15px\u00a0\u00bb][vc_column_text]Nous mettons le plus grand soin dans la fabrication de nos commandes. Vous b\u00e9n\u00e9ficiez de <strong>r\u00e9ponses rapides<\/strong>, d\u2019une <strong>production tout aussi rapide<\/strong> et d&rsquo;un <strong>service \u00e0 la client\u00e8le de niveau sup\u00e9rieur, <\/strong>c\u2019est garanti.<\/p>\n<p>Vous travaillez avec une entreprise belge flexible, en \u00e9volution constante et qui ne cesse d\u2019am\u00e9liorer ses produits, ses processus et ses proc\u00e9dures.<\/p>\n<p>Nous ne nous contentons pas d\u2019\u0153uvrer en permanence \u00e0 l\u2019extension de notre entreprise, nous investissons aussi en continu dans le d\u00e9veloppement tant personnel que professionnel de nos collaborateurs, nous appliquons assid\u00fbment l\u2019\u00e9galit\u00e9 des chances et nous respectons chaque personne.<\/p>\n<blockquote><p><em>Sur le plan de l\u2019\u00e9thique et de l\u2019int\u00e9grit\u00e9, nous pla\u00e7ons la barre haut.<\/em><\/p><\/blockquote>\n<p>Notre promesse\u00a0: une approche directe, efficace, comp\u00e9tente et conviviale, et une communication ouverte et transparente.[\/vc_column_text][vc_empty_space height=\u00a0\u00bb30px\u00a0\u00bb]<div class=\"ind-title-wrap\"><h2 style=\"\" class=\"ind-title\">Chez Kartonnage Joye, la durabilit\u00e9 une est priorit\u00e9<\/h2><\/div>[vc_empty_space height=\u00a0\u00bb15px\u00a0\u00bb][vc_column_text]Nous avons progress\u00e9 sur de nombreux fronts ces cinquante derni\u00e8res ann\u00e9es, y compris dans le domaine de la durabilit\u00e9.<\/p>\n<p>Nous veillons \u00e0 ce que l\u2019int\u00e9gralit\u00e9 de notre cha\u00eene de production, d\u2019emballage et de transport soit la plus durable possible. Nos camions partent toujours la remorque pleine et empruntent des parcours optimis\u00e9s.<\/p>\n<blockquote><p><em>Nous n\u2019acceptons plus les palettes \u00e0 usage unique, nous fonctionnons exclusivement sur la base d\u2019un syst\u00e8me d\u2019\u00e9change de palettes. Et puis, nous avons \u00e9limin\u00e9 tous les emballages superflus.<\/em><\/p><\/blockquote>\n<p>Nous respectons aussi au maximum l\u2019environnement au niveau de la production. Par exemple, nous utilisons uniquement du carton recycl\u00e9 et de la colle \u00e0 base aqueuse pour fabriquer nos mandrins carton. Nous limitons au maximum les d\u00e9chets et nous les trions \u00e9videmment en vue de leur recyclage.<\/p>\n<p>Et puis, cerise sur le g\u00e2teau\u00a0: les 2\u00a0500 panneaux photovolta\u00efques install\u00e9s sur le toit de notre entreprise, qui nous permettent d\u00e9sormais de pourvoir nous-m\u00eames \u00e0 nos besoins en \u00e9lectricit\u00e9.[\/vc_column_text][vc_empty_space height=\u00a0\u00bb30px\u00a0\u00bb][\/vc_column][\/vc_row][vc_row][vc_column]<div class=\"ind-title-wrap\"><h2 style=\"\" class=\"ind-title\">L\u2019histoire de Kartonnage Joye en bref<\/h2><\/div>[vc_empty_space height=\u00a0\u00bb10px\u00a0\u00bb][vc_column_text]Notre entreprise telle qu\u2019elle \u00e9tait \u00e0 sa cr\u00e9ation dans les ann\u00e9es 1970 n\u2019a plus rien \u00e0 voir avec ce qu\u2019elle est aujourd\u2019hui. Cependant, ses fondements n\u2019ont pas chang\u00e9. Nous restons une entreprise qui allie des connaissances pointues \u00e0 des solutions pragmatiques et pour qui la qualit\u00e9 reste la priorit\u00e9.[\/vc_column_text][vc_empty_space height=\u00a0\u00bb30px\u00a0\u00bb]<div class=\"ind-title-wrap\"><h3 style=\"\" class=\"ind-title\">Qui sommes-nous?<\/h3><\/div>[\/vc_column][\/vc_row][vc_row css=\u00a0\u00bb.vc_custom_1688566980300{margin-top: 50px !important;}\u00a0\u00bb][vc_column][vc_single_image image=\u00a0\u00bb8337&Prime; img_size=\u00a0\u00bbfull\u00a0\u00bb alignment=\u00a0\u00bbcenter\u00a0\u00bb onclick=\u00a0\u00bbimg_link_large\u00a0\u00bb img_link_target=\u00a0\u00bb_blank\u00a0\u00bb el_class=\u00a0\u00bbimg-cw\u00a0\u00bb el_id=\u00a0\u00bbtijdlijn\u00a0\u00bb][vc_empty_space height=\u00a0\u00bb15px\u00a0\u00bb]<div class=\"ind-title-wrap\"><h3 style=\"\" class=\"ind-title\">Pouvons-nous faire quelque chose pour vous?<\/h3><\/div>[vc_empty_space height=\u00a0\u00bb15px\u00a0\u00bb][vc_column_text]<a href=\"https:\/\/dev.kartonnagejoye.be\/fr\/contact\/\" target=\"_blank\" rel=\"noopener\">Dans ce cas, contactez-nous<\/a>. Nous nous tenons \u00e0 votre disposition.[\/vc_column_text][vc_empty_space height=\u00a0\u00bb15px\u00a0\u00bb][\/vc_column][\/vc_row]<\/p>\n<\/div>","protected":false},"excerpt":{"rendered":"<p>[vc_row][vc_column][vc_empty_space height=\u00a0\u00bb50px\u00a0\u00bb][vc_single_image image=\u00a0\u00bb8208&Prime; img_size=\u00a0\u00bb794&#215;419&Prime; alignment=\u00a0\u00bbcenter\u00a0\u00bb onclick=\u00a0\u00bbimg_link_large\u00a0\u00bb img_link_target=\u00a0\u00bb_blank\u00a0\u00bb el_class=\u00a0\u00bbimg-cw\u00a0\u00bb][vc_empty_space height=\u00a0\u00bb50px\u00a0\u00bb][vc_column_text]Kartonnage Joye s\u2019est forg\u00e9 un nom dans le monde des tubes en carton. Nous vous fournirons avec plaisir toutes sortes de mandrins carton et de corni\u00e8res carton r\u00e9pondant aux besoins de votre secteur ainsi qu\u2019\u00e0 vos desiderata. Vous recevrez uniquement des produits de qualit\u00e9 fabriqu\u00e9s selon vos [&hellip;]<\/p>\n","protected":false},"author":1,"featured_media":0,"parent":0,"menu_order":0,"comment_status":"closed","ping_status":"closed","template":"","meta":{"footnotes":""},"yoast_head":"<!-- This site is optimized with the Yoast SEO plugin v23.5 - https:\/\/yoast.com\/wordpress\/plugins\/seo\/ -->\n<title>Kartonnage Joye, sp\u00e9cialiste des mandrins et corni\u00e8res<\/title>\n<meta name=\"description\" content=\"Kartonnage Joye est un sp\u00e9cialiste des mandrins carton. Large gamme de diam\u00e8tres au choix. Chaque commande est faite sur mesure. Livraison rapide.\" \/>\n<meta name=\"robots\" content=\"index, follow, max-snippet:-1, max-image-preview:large, max-video-preview:-1\" \/>\n<link rel=\"canonical\" href=\"https:\/\/kartonnagejoye.be\/fr\/kartonnage-joye\/\" \/>\n<meta property=\"og:locale\" content=\"fr_FR\" \/>\n<meta property=\"og:type\" content=\"article\" \/>\n<meta property=\"og:title\" content=\"Kartonnage Joye, sp\u00e9cialiste des mandrins et corni\u00e8res\" \/>\n<meta property=\"og:description\" content=\"Kartonnage Joye est un sp\u00e9cialiste des mandrins carton. Large gamme de diam\u00e8tres au choix. Chaque commande est faite sur mesure. Livraison rapide.\" \/>\n<meta property=\"og:url\" content=\"https:\/\/kartonnagejoye.be\/fr\/kartonnage-joye\/\" \/>\n<meta property=\"og:site_name\" content=\"Joye Kartonnage SA\" \/>\n<meta property=\"article:publisher\" content=\"https:\/\/www.facebook.com\/kartonnagejoye\/\" \/>\n<meta property=\"article:modified_time\" content=\"2023-11-28T11:03:38+00:00\" \/>\n<meta name=\"twitter:card\" content=\"summary_large_image\" \/>\n<meta name=\"twitter:label1\" content=\"Dur\u00e9e de lecture estim\u00e9e\" \/>\n\t<meta name=\"twitter:data1\" content=\"4 minutes\" \/>\n<script type=\"application\/ld+json\" class=\"yoast-schema-graph\">{\"@context\":\"https:\/\/schema.org\",\"@graph\":[{\"@type\":\"WebPage\",\"@id\":\"https:\/\/kartonnagejoye.be\/fr\/kartonnage-joye\/\",\"url\":\"https:\/\/kartonnagejoye.be\/fr\/kartonnage-joye\/\",\"name\":\"Kartonnage Joye, sp\u00e9cialiste des mandrins et corni\u00e8res\",\"isPartOf\":{\"@id\":\"https:\/\/kartonnagejoye.be\/#website\"},\"datePublished\":\"2016-02-14T15:02:34+00:00\",\"dateModified\":\"2023-11-28T11:03:38+00:00\",\"description\":\"Kartonnage Joye est un sp\u00e9cialiste des mandrins carton. Large gamme de diam\u00e8tres au choix. Chaque commande est faite sur mesure. Livraison rapide.\",\"breadcrumb\":{\"@id\":\"https:\/\/kartonnagejoye.be\/fr\/kartonnage-joye\/#breadcrumb\"},\"inLanguage\":\"fr-FR\",\"potentialAction\":[{\"@type\":\"ReadAction\",\"target\":[\"https:\/\/kartonnagejoye.be\/fr\/kartonnage-joye\/\"]}]},{\"@type\":\"BreadcrumbList\",\"@id\":\"https:\/\/kartonnagejoye.be\/fr\/kartonnage-joye\/#breadcrumb\",\"itemListElement\":[{\"@type\":\"ListItem\",\"position\":1,\"name\":\"Home\",\"item\":\"https:\/\/kartonnagejoye.be\/fr\/\"},{\"@type\":\"ListItem\",\"position\":2,\"name\":\"Kartonnage Joye\"}]},{\"@type\":\"WebSite\",\"@id\":\"https:\/\/kartonnagejoye.be\/#website\",\"url\":\"https:\/\/kartonnagejoye.be\/\",\"name\":\"Joye Kartonnage SA\",\"description\":\"Tubes et corni\u00e8res en carton \",\"potentialAction\":[{\"@type\":\"SearchAction\",\"target\":{\"@type\":\"EntryPoint\",\"urlTemplate\":\"https:\/\/kartonnagejoye.be\/?s={search_term_string}\"},\"query-input\":{\"@type\":\"PropertyValueSpecification\",\"valueRequired\":true,\"valueName\":\"search_term_string\"}}],\"inLanguage\":\"fr-FR\"}]}<\/script>\n<!-- \/ Yoast SEO plugin. -->","yoast_head_json":{"title":"Kartonnage Joye, sp\u00e9cialiste des mandrins et corni\u00e8res","description":"Kartonnage Joye est un sp\u00e9cialiste des mandrins carton. Large gamme de diam\u00e8tres au choix. Chaque commande est faite sur mesure. Livraison rapide.","robots":{"index":"index","follow":"follow","max-snippet":"max-snippet:-1","max-image-preview":"max-image-preview:large","max-video-preview":"max-video-preview:-1"},"canonical":"https:\/\/kartonnagejoye.be\/fr\/kartonnage-joye\/","og_locale":"fr_FR","og_type":"article","og_title":"Kartonnage Joye, sp\u00e9cialiste des mandrins et corni\u00e8res","og_description":"Kartonnage Joye est un sp\u00e9cialiste des mandrins carton. Large gamme de diam\u00e8tres au choix. Chaque commande est faite sur mesure. Livraison rapide.","og_url":"https:\/\/kartonnagejoye.be\/fr\/kartonnage-joye\/","og_site_name":"Joye Kartonnage SA","article_publisher":"https:\/\/www.facebook.com\/kartonnagejoye\/","article_modified_time":"2023-11-28T11:03:38+00:00","twitter_card":"summary_large_image","twitter_misc":{"Dur\u00e9e de lecture estim\u00e9e":"4 minutes"},"schema":{"@context":"https:\/\/schema.org","@graph":[{"@type":"WebPage","@id":"https:\/\/kartonnagejoye.be\/fr\/kartonnage-joye\/","url":"https:\/\/kartonnagejoye.be\/fr\/kartonnage-joye\/","name":"Kartonnage Joye, sp\u00e9cialiste des mandrins et corni\u00e8res","isPartOf":{"@id":"https:\/\/kartonnagejoye.be\/#website"},"datePublished":"2016-02-14T15:02:34+00:00","dateModified":"2023-11-28T11:03:38+00:00","description":"Kartonnage Joye est un sp\u00e9cialiste des mandrins carton. Large gamme de diam\u00e8tres au choix. Chaque commande est faite sur mesure. Livraison rapide.","breadcrumb":{"@id":"https:\/\/kartonnagejoye.be\/fr\/kartonnage-joye\/#breadcrumb"},"inLanguage":"fr-FR","potentialAction":[{"@type":"ReadAction","target":["https:\/\/kartonnagejoye.be\/fr\/kartonnage-joye\/"]}]},{"@type":"BreadcrumbList","@id":"https:\/\/kartonnagejoye.be\/fr\/kartonnage-joye\/#breadcrumb","itemListElement":[{"@type":"ListItem","position":1,"name":"Home","item":"https:\/\/kartonnagejoye.be\/fr\/"},{"@type":"ListItem","position":2,"name":"Kartonnage Joye"}]},{"@type":"WebSite","@id":"https:\/\/kartonnagejoye.be\/#website","url":"https:\/\/kartonnagejoye.be\/","name":"Joye Kartonnage SA","description":"Tubes et corni\u00e8res en carton ","potentialAction":[{"@type":"SearchAction","target":{"@type":"EntryPoint","urlTemplate":"https:\/\/kartonnagejoye.be\/?s={search_term_string}"},"query-input":{"@type":"PropertyValueSpecification","valueRequired":true,"valueName":"search_term_string"}}],"inLanguage":"fr-FR"}]}},"_links":{"self":[{"href":"https:\/\/kartonnagejoye.be\/fr\/wp-json\/wp\/v2\/pages\/747"}],"collection":[{"href":"https:\/\/kartonnagejoye.be\/fr\/wp-json\/wp\/v2\/pages"}],"about":[{"href":"https:\/\/kartonnagejoye.be\/fr\/wp-json\/wp\/v2\/types\/page"}],"author":[{"embeddable":true,"href":"https:\/\/kartonnagejoye.be\/fr\/wp-json\/wp\/v2\/users\/1"}],"replies":[{"embeddable":true,"href":"https:\/\/kartonnagejoye.be\/fr\/wp-json\/wp\/v2\/comments?post=747"}],"version-history":[{"count":25,"href":"https:\/\/kartonnagejoye.be\/fr\/wp-json\/wp\/v2\/pages\/747\/revisions"}],"predecessor-version":[{"id":8354,"href":"https:\/\/kartonnagejoye.be\/fr\/wp-json\/wp\/v2\/pages\/747\/revisions\/8354"}],"wp:attachment":[{"href":"https:\/\/kartonnagejoye.be\/fr\/wp-json\/wp\/v2\/media?parent=747"}],"curies":[{"name":"wp","href":"https:\/\/api.w.org\/{rel}","templated":true}]}}