{"id":8072,"date":"2023-06-29T12:19:08","date_gmt":"2023-06-29T10:19:08","guid":{"rendered":"http:\/\/dev.kartonnagejoye.be\/kartonnen-kokers-2\/"},"modified":"2023-11-24T10:52:43","modified_gmt":"2023-11-24T09:52:43","slug":"mandrins-carton","status":"publish","type":"page","link":"https:\/\/kartonnagejoye.be\/fr\/mandrins-carton\/","title":{"rendered":"Mandrins Carton"},"content":{"rendered":"<div class=\"wpb-content-wrapper\"><p>[vc_row][vc_column]<div class=\"ind-title-wrap\"><h1 style=\"\" class=\"ind-title\">Mandrins carton<\/h1><\/div>[vc_empty_space height=\u00a0\u00bb25px\u00a0\u00bb][vc_single_image image=\u00a0\u00bb8192&Prime; img_size=\u00a0\u00bb586&#215;321&Prime; onclick=\u00a0\u00bbimg_link_large\u00a0\u00bb img_link_target=\u00a0\u00bb_blank\u00a0\u00bb el_class=\u00a0\u00bbimg-cw\u00a0\u00bb][vc_empty_space height=\u00a0\u00bb30px\u00a0\u00bb][vc_column_text]<a href=\"https:\/\/kartonnagejoye.be\/fr\/kartonnage-joye\/\">Kartonnage Joye<\/a> peut vous procurer un large \u00e9ventail de <strong>mandrins carton<\/strong> 100\u00a0% conformes aux besoins de votre secteur et \u00e0 vos desiderata.<\/p>\n<p>Nous produisons des mandrins carton de deux types\u00a0: des tubes \u00e0 enroulement droit et des tubes spiral\u00e9s. Chaque type convient pour plusieurs applications.<\/p>\n<p>Nos principaux clients proviennent des secteurs de l\u2019aci\u00e9rie, du textile, du plastique et de la papeterie.[\/vc_column_text][vc_empty_space height=\u00a0\u00bb30px\u00a0\u00bb]<div class=\"ind-title-wrap\"><h2 style=\"\" class=\"ind-title\">Plus de 50 ans d\u2019exp\u00e9rience<\/h2><\/div>[vc_empty_space height=\u00a0\u00bb15px\u00a0\u00bb][vc_column_text]Kartonnage Joye fabrique des tubes en carton depuis plus de 50\u00a0ans. Notre entreprise poss\u00e8de la <a href=\"https:\/\/kartonnagejoye.be\/wp-content\/uploads\/2023\/08\/ISO-FR-geldig-van-20211022-tem-20241021.pdf\">certification ISO<\/a> et respecte les normes les plus courantes.<\/p>\n<p>Toutes les <strong>valeurs cl\u00e9s<\/strong> de notre entreprise visent le m\u00eame objectif, \u00e0 savoir offrir de la qualit\u00e9 assortie d\u2019une extr\u00eame flexibilit\u00e9. Il en r\u00e9sulte un service rapide et des livraisons garanties juste \u00e0 temps. Notre d\u00e9lai de livraison habituel est d\u2019une semaine. Cependant, en cas de besoin, vous pouvez d\u00e9j\u00e0 recevoir votre commande dans les 24 heures.<\/p>\n<p>Quoiqu\u2019il en soit, vous pouvez toujours dormir sur vos deux oreilles, car nous livrons des tubes ou mandrins carton polyvalents, r\u00e9alis\u00e9s sur mesure, mais sans la moindre concession au niveau de la qualit\u00e9. Nos collaborateurs tr\u00e8s qualifi\u00e9s s\u2019en portent garants. \u00c0 l\u2019aide d\u2019\u00e9quipements hautement innovants et \u00e0 la pointe de la modernit\u00e9, ils fabriquent sur mesure des mandrins r\u00e9pondant \u00e0 vos besoins personnels.<\/p>\n<blockquote><p><em>Si nous parvenons \u00e0 appliquer des prix concurrentiels, c\u2019est gr\u00e2ce \u00e0 notre usage optimis\u00e9 des mati\u00e8res premi\u00e8res et \u00e0 notre r\u00e9duction maximale du gaspillage.<\/em><\/p><\/blockquote>\n<p>[\/vc_column_text][vc_empty_space height=\u00a0\u00bb30px\u00a0\u00bb]<div class=\"ind-title-wrap\"><h2 style=\"\" class=\"ind-title\">Des mandrins carton sur mesure<\/h2><\/div>[vc_empty_space height=\u00a0\u00bb15px\u00a0\u00bb][vc_column_text]Kartonnage Joye met un point d\u2019honneur \u00e0 toujours fournir des mandrins carton de la plus haute qualit\u00e9. Nous en faisons notre mission, et l\u2019accomplissons avec fiert\u00e9. Nous traitons toutes les commandes\u00a0\u2013 la v\u00f4tre comprise\u00a0\u2013 avec le plus grand soin.<\/p>\n<p>Aid\u00e9s par des machines et une robotique \u00e0 la pointe de la modernit\u00e9, nous fabriquons des tubes en carton sur mesure, en fonction des d\u00e9sirs et des applications de nos clients, c\u2019est-\u00e0-dire vous. Une fois que toutes les sp\u00e9cifications sont exactes, nous r\u00e9alisons un prototype que nous soumettons \u00e0 une batterie de tests portant sur la qualit\u00e9, la finition et la solidit\u00e9. En dernier lieu, nous vous remettons quelques \u00e9chantillons afin que vous puissiez vous aussi les tester dans votre environnement de production r\u00e9el.<\/p>\n<blockquote><p><em>Nous nous montrons extr\u00eamement flexibles dans la conception de nos produits, au niveau du diam\u00e8tre, de l\u2019\u00e9paisseur et de la longueur.<\/em><\/p><\/blockquote>\n<p>Notre seule pr\u00e9occupation est qu\u2019ils soient conformes \u00e0 vos crit\u00e8res, vos souhaits et vos besoins.[\/vc_column_text][vc_empty_space height=\u00a0\u00bb30px\u00a0\u00bb][\/vc_column][\/vc_row][vc_row full_width=\u00a0\u00bbstretch_row\u00a0\u00bb css=\u00a0\u00bb.vc_custom_1692632117646{padding-top: 35px !important;padding-bottom: 35px !important;background-color: #027859 !important;}\u00a0\u00bb][vc_column][vc_single_image image=\u00a0\u00bb8184&Prime; img_size=\u00a0\u00bb790&#215;450&Prime; alignment=\u00a0\u00bbcenter\u00a0\u00bb onclick=\u00a0\u00bbimg_link_large\u00a0\u00bb img_link_target=\u00a0\u00bb_blank\u00a0\u00bb el_class=\u00a0\u00bbimg-cw\u00a0\u00bb][\/vc_column][\/vc_row][vc_row][vc_column][vc_empty_space height=\u00a0\u00bb50px\u00a0\u00bb]<div class=\"ind-title-wrap\"><h2 style=\"\" class=\"ind-title\">Plusieurs formats<\/h2><\/div>[vc_empty_space height=\u00a0\u00bb15px\u00a0\u00bb][vc_column_text]<\/p>\n<h3>1.\u00a0\u00a0\u00a0 Diam\u00e8tre<\/h3>\n<p>Dans la recherche du mandrin carton ad\u00e9quat, le diam\u00e8tre int\u00e9rieur constitue un facteur primordial. Nous pouvons fournir des mandrins carton de diam\u00e8tres tr\u00e8s divers,<\/p>\n<p>du plus petit, soit 21\u00a0mm, \u00e0 pas moins de 720\u00a0mm de section int\u00e9rieure. Plus pratiquement tous les formats interm\u00e9diaires.\u00a0&#x1f60a;<\/p>\n<p>Ce qui nous distingue de la concurrence\u00a0? Notre rapport qualit\u00e9\/prix exceptionnel, notre service et notre extr\u00eame flexibilit\u00e9. Nous nous coupons en quatre pour servir au mieux nos clients.<\/p>\n<h3>2.\u00a0\u00a0\u00a0 \u00c9paisseur<\/h3>\n<p>L\u2019\u00e9paisseur d\u2019un mandrin carton est dict\u00e9e par l\u2019usage que le client, soit vous, lui destine\u00a0: qu\u2019est-ce que nos mandrins doivent servir \u00e0 emballer ou \u00e0 enrouler\u00a0? En g\u00e9n\u00e9ral, l\u2019\u00e9paisseur de nos tubes varie entre 1,5 et 30\u00a0mm. Nous pouvons donc fabriquer des mandrins \u00e0 la paroi tr\u00e8s mince ou particuli\u00e8rement \u00e9paisse.<\/p>\n<p>Vous pouvez pr\u00e9voir une \u00e9paisseur moindre si la r\u00e9sistance n\u2019est pas essentielle ou si vous cherchez \u00e0 r\u00e9duire le poids, ce qui a naturellement une incidence sur le prix. Nous nous ferons un plaisir de vous aider \u00e0 trouver la bonne solution.<\/p>\n<h3>3.\u00a0\u00a0\u00a0 Longueur<\/h3>\n<p>En fonction des souhaits du client et de ce dont il a besoin, nous fournissons des tubes ou mandrins carton d\u2019une multitude de longueurs. Nos formats standard vont jusqu\u2019\u00e0 6\u00a0m, mais des exceptions sont possibles si cela est n\u00e9cessaire.<\/p>\n<p>\u00c0 vous de d\u00e9finir la longueur qu\u2019il vous faut sur la base de vos besoins sp\u00e9cifiques et en concertation avec nos conseillers.[\/vc_column_text][vc_empty_space height=\u00a0\u00bb30px\u00a0\u00bb]<div class=\"ind-title-wrap\"><h2 style=\"\" class=\"ind-title\">Plus de renseignements sur nos mandrins carton?<\/h2><\/div>[vc_empty_space height=\u00a0\u00bb15px\u00a0\u00bb][vc_column_text]Avez-vous aussi besoin de <a href=\"https:\/\/kartonnagejoye.be\/fr\/cornieres-carton\/\" target=\"_blank\" rel=\"noopener\"><u>corni\u00e8res carton<\/u><\/a> pour prot\u00e9ger vos articles de valeur afin d\u2019assurer la s\u00e9curit\u00e9 de leur transport\u00a0? Dans ce cas, adressez-vous \u00e0 notre filiale Kartonnage Joye Pologne.<\/p>\n<p><a href=\"https:\/\/kartonnagejoye.be\/fr\/contact\/\" target=\"_blank\" rel=\"noopener\">Prenez contact avec nous<\/a>. Nous vous r\u00e9pondrons avec plaisir.[\/vc_column_text][vc_empty_space height=\u00a0\u00bb30px\u00a0\u00bb][\/vc_column][\/vc_row]<\/p>\n<\/div>","protected":false},"excerpt":{"rendered":"<p>[vc_row][vc_column][vc_empty_space height=\u00a0\u00bb25px\u00a0\u00bb][vc_single_image image=\u00a0\u00bb8192&Prime; img_size=\u00a0\u00bb586&#215;321&Prime; onclick=\u00a0\u00bbimg_link_large\u00a0\u00bb img_link_target=\u00a0\u00bb_blank\u00a0\u00bb el_class=\u00a0\u00bbimg-cw\u00a0\u00bb][vc_empty_space height=\u00a0\u00bb30px\u00a0\u00bb][vc_column_text]Kartonnage Joye peut vous procurer un large \u00e9ventail de mandrins carton 100\u00a0% conformes aux besoins de votre secteur et \u00e0 vos desiderata. Nous produisons des mandrins carton de deux types\u00a0: des tubes \u00e0 enroulement droit et des tubes spiral\u00e9s. Chaque type convient pour plusieurs applications. Nos principaux clients [&hellip;]<\/p>\n","protected":false},"author":1,"featured_media":0,"parent":0,"menu_order":0,"comment_status":"closed","ping_status":"closed","template":"","meta":{"footnotes":""},"yoast_head":"<!-- This site is optimized with the Yoast SEO plugin v23.5 - https:\/\/yoast.com\/wordpress\/plugins\/seo\/ -->\n<title>Mandrins carton de max. 720 mm \u00d8 | Kartonnage Joye<\/title>\n<meta name=\"description\" content=\"Nous fournissons des mandrins carton \u00e0 enroulement droit ou en spirale. Sur mesure et durables. Livraison rapide. Haute qualit\u00e9.\" \/>\n<meta name=\"robots\" content=\"index, follow, max-snippet:-1, max-image-preview:large, max-video-preview:-1\" \/>\n<link rel=\"canonical\" href=\"https:\/\/kartonnagejoye.be\/fr\/mandrins-carton\/\" \/>\n<meta property=\"og:locale\" content=\"fr_FR\" \/>\n<meta property=\"og:type\" content=\"article\" \/>\n<meta property=\"og:title\" content=\"Mandrins carton de max. 720 mm \u00d8 | Kartonnage Joye\" \/>\n<meta property=\"og:description\" content=\"Nous fournissons des mandrins carton \u00e0 enroulement droit ou en spirale. Sur mesure et durables. Livraison rapide. Haute qualit\u00e9.\" \/>\n<meta property=\"og:url\" content=\"https:\/\/kartonnagejoye.be\/fr\/mandrins-carton\/\" \/>\n<meta property=\"og:site_name\" content=\"Joye Kartonnage SA\" \/>\n<meta property=\"article:publisher\" content=\"https:\/\/www.facebook.com\/kartonnagejoye\/\" \/>\n<meta property=\"article:modified_time\" content=\"2023-11-24T09:52:43+00:00\" \/>\n<meta name=\"twitter:card\" content=\"summary_large_image\" \/>\n<meta name=\"twitter:label1\" content=\"Dur\u00e9e de lecture estim\u00e9e\" \/>\n\t<meta name=\"twitter:data1\" content=\"4 minutes\" \/>\n<script type=\"application\/ld+json\" class=\"yoast-schema-graph\">{\"@context\":\"https:\/\/schema.org\",\"@graph\":[{\"@type\":\"WebPage\",\"@id\":\"https:\/\/kartonnagejoye.be\/fr\/mandrins-carton\/\",\"url\":\"https:\/\/kartonnagejoye.be\/fr\/mandrins-carton\/\",\"name\":\"Mandrins carton de max. 720 mm \u00d8 | Kartonnage Joye\",\"isPartOf\":{\"@id\":\"https:\/\/kartonnagejoye.be\/#website\"},\"datePublished\":\"2023-06-29T10:19:08+00:00\",\"dateModified\":\"2023-11-24T09:52:43+00:00\",\"description\":\"Nous fournissons des mandrins carton \u00e0 enroulement droit ou en spirale. Sur mesure et durables. Livraison rapide. Haute qualit\u00e9.\",\"breadcrumb\":{\"@id\":\"https:\/\/kartonnagejoye.be\/fr\/mandrins-carton\/#breadcrumb\"},\"inLanguage\":\"fr-FR\",\"potentialAction\":[{\"@type\":\"ReadAction\",\"target\":[\"https:\/\/kartonnagejoye.be\/fr\/mandrins-carton\/\"]}]},{\"@type\":\"BreadcrumbList\",\"@id\":\"https:\/\/kartonnagejoye.be\/fr\/mandrins-carton\/#breadcrumb\",\"itemListElement\":[{\"@type\":\"ListItem\",\"position\":1,\"name\":\"Home\",\"item\":\"https:\/\/kartonnagejoye.be\/fr\/\"},{\"@type\":\"ListItem\",\"position\":2,\"name\":\"Mandrins Carton\"}]},{\"@type\":\"WebSite\",\"@id\":\"https:\/\/kartonnagejoye.be\/#website\",\"url\":\"https:\/\/kartonnagejoye.be\/\",\"name\":\"Joye Kartonnage SA\",\"description\":\"Tubes et corni\u00e8res en carton \",\"potentialAction\":[{\"@type\":\"SearchAction\",\"target\":{\"@type\":\"EntryPoint\",\"urlTemplate\":\"https:\/\/kartonnagejoye.be\/?s={search_term_string}\"},\"query-input\":{\"@type\":\"PropertyValueSpecification\",\"valueRequired\":true,\"valueName\":\"search_term_string\"}}],\"inLanguage\":\"fr-FR\"}]}<\/script>\n<!-- \/ Yoast SEO plugin. -->","yoast_head_json":{"title":"Mandrins carton de max. 720 mm \u00d8 | Kartonnage Joye","description":"Nous fournissons des mandrins carton \u00e0 enroulement droit ou en spirale. Sur mesure et durables. Livraison rapide. Haute qualit\u00e9.","robots":{"index":"index","follow":"follow","max-snippet":"max-snippet:-1","max-image-preview":"max-image-preview:large","max-video-preview":"max-video-preview:-1"},"canonical":"https:\/\/kartonnagejoye.be\/fr\/mandrins-carton\/","og_locale":"fr_FR","og_type":"article","og_title":"Mandrins carton de max. 720 mm \u00d8 | Kartonnage Joye","og_description":"Nous fournissons des mandrins carton \u00e0 enroulement droit ou en spirale. Sur mesure et durables. Livraison rapide. Haute qualit\u00e9.","og_url":"https:\/\/kartonnagejoye.be\/fr\/mandrins-carton\/","og_site_name":"Joye Kartonnage SA","article_publisher":"https:\/\/www.facebook.com\/kartonnagejoye\/","article_modified_time":"2023-11-24T09:52:43+00:00","twitter_card":"summary_large_image","twitter_misc":{"Dur\u00e9e de lecture estim\u00e9e":"4 minutes"},"schema":{"@context":"https:\/\/schema.org","@graph":[{"@type":"WebPage","@id":"https:\/\/kartonnagejoye.be\/fr\/mandrins-carton\/","url":"https:\/\/kartonnagejoye.be\/fr\/mandrins-carton\/","name":"Mandrins carton de max. 720 mm \u00d8 | Kartonnage Joye","isPartOf":{"@id":"https:\/\/kartonnagejoye.be\/#website"},"datePublished":"2023-06-29T10:19:08+00:00","dateModified":"2023-11-24T09:52:43+00:00","description":"Nous fournissons des mandrins carton \u00e0 enroulement droit ou en spirale. Sur mesure et durables. Livraison rapide. Haute qualit\u00e9.","breadcrumb":{"@id":"https:\/\/kartonnagejoye.be\/fr\/mandrins-carton\/#breadcrumb"},"inLanguage":"fr-FR","potentialAction":[{"@type":"ReadAction","target":["https:\/\/kartonnagejoye.be\/fr\/mandrins-carton\/"]}]},{"@type":"BreadcrumbList","@id":"https:\/\/kartonnagejoye.be\/fr\/mandrins-carton\/#breadcrumb","itemListElement":[{"@type":"ListItem","position":1,"name":"Home","item":"https:\/\/kartonnagejoye.be\/fr\/"},{"@type":"ListItem","position":2,"name":"Mandrins Carton"}]},{"@type":"WebSite","@id":"https:\/\/kartonnagejoye.be\/#website","url":"https:\/\/kartonnagejoye.be\/","name":"Joye Kartonnage SA","description":"Tubes et corni\u00e8res en carton ","potentialAction":[{"@type":"SearchAction","target":{"@type":"EntryPoint","urlTemplate":"https:\/\/kartonnagejoye.be\/?s={search_term_string}"},"query-input":{"@type":"PropertyValueSpecification","valueRequired":true,"valueName":"search_term_string"}}],"inLanguage":"fr-FR"}]}},"_links":{"self":[{"href":"https:\/\/kartonnagejoye.be\/fr\/wp-json\/wp\/v2\/pages\/8072"}],"collection":[{"href":"https:\/\/kartonnagejoye.be\/fr\/wp-json\/wp\/v2\/pages"}],"about":[{"href":"https:\/\/kartonnagejoye.be\/fr\/wp-json\/wp\/v2\/types\/page"}],"author":[{"embeddable":true,"href":"https:\/\/kartonnagejoye.be\/fr\/wp-json\/wp\/v2\/users\/1"}],"replies":[{"embeddable":true,"href":"https:\/\/kartonnagejoye.be\/fr\/wp-json\/wp\/v2\/comments?post=8072"}],"version-history":[{"count":9,"href":"https:\/\/kartonnagejoye.be\/fr\/wp-json\/wp\/v2\/pages\/8072\/revisions"}],"predecessor-version":[{"id":8323,"href":"https:\/\/kartonnagejoye.be\/fr\/wp-json\/wp\/v2\/pages\/8072\/revisions\/8323"}],"wp:attachment":[{"href":"https:\/\/kartonnagejoye.be\/fr\/wp-json\/wp\/v2\/media?parent=8072"}],"curies":[{"name":"wp","href":"https:\/\/api.w.org\/{rel}","templated":true}]}}