{"id":8078,"date":"2023-06-29T12:09:49","date_gmt":"2023-06-29T10:09:49","guid":{"rendered":"https:\/\/dev.kartonnagejoye.be\/kartonnen-hoekprofielen\/"},"modified":"2023-11-15T10:46:41","modified_gmt":"2023-11-15T09:46:41","slug":"cornieres-carton","status":"publish","type":"page","link":"https:\/\/kartonnagejoye.be\/fr\/cornieres-carton\/","title":{"rendered":"Corni\u00e8res carton"},"content":{"rendered":"<div class=\"wpb-content-wrapper\"><p>[vc_row][vc_column]<div class=\"ind-title-wrap\"><h1 style=\"\" class=\"ind-title\">Corni\u00e8res carton<\/h1><\/div>[vc_empty_space height=\u00a0\u00bb35px\u00a0\u00bb][vc_single_image image=\u00a0\u00bb8261&Prime; img_size=\u00a0\u00bbfull\u00a0\u00bb onclick=\u00a0\u00bbimg_link_large\u00a0\u00bb img_link_target=\u00a0\u00bb_blank\u00a0\u00bb el_class=\u00a0\u00bbimg-cw\u00a0\u00bb][vc_empty_space height=\u00a0\u00bb30px\u00a0\u00bb][vc_column_text]Les <strong>corni\u00e8res carton<\/strong> sont un \u00e9l\u00e9ment incontournable et fondamental de tout service logistique, qui sert pour le transport et le stockage de chargements. Leur but est de prot\u00e9ger les bords et les angles de votre chargement contre les chocs, les griffes et tout autre dommage pouvant survenir lors du transport ou de l\u2019entreposage.<\/p>\n<p>Les corni\u00e8res carton de <a href=\"https:\/\/kartonnagejoye.be\/fr\/kartonnage-joye\/\" target=\"_blank\" rel=\"noopener\">Kartonnage Joye<\/a>\u00a0\u2013 \u00e9galement appel\u00e9es profil\u00e9s ou coins de protection\u00a0\u2013 sont fabriqu\u00e9es en <strong>carton recycl\u00e9<\/strong>. Elles respectent donc l\u2019environnement, tout en \u00e9tant suffisamment durables pour r\u00e9sister aux chocs. Elles sont \u00e9galement rentables parce qu\u2019elles vous \u00e9vitent des frais inutiles dus \u00e0 d\u2019\u00e9ventuels dommages.<\/p>\n<p>Vous aimeriez trouver une protection horizontale ou verticale pour vos produits ou vos palettes\u00a0? Dans ce cas, nos corni\u00e8res sont la solution\u00a0! Notre filiale <a href=\"http:\/\/www.kartonnagejoye.pl\">Kartonnage Joye Pologne<\/a> vous les fournira dans les meilleurs d\u00e9lais, dans la largeur, la longueur et l\u2019\u00e9paisseur que vous souhaitez.[\/vc_column_text][vc_empty_space height=\u00a0\u00bb30px\u00a0\u00bb]<div class=\"ind-title-wrap\"><h2 style=\"\" class=\"ind-title\">Vos produits prot\u00e9g\u00e9s gr\u00e2ce \u00e0 nos corni\u00e8res carton<\/h2><\/div>[vc_empty_space height=\u00a0\u00bb15px\u00a0\u00bb][vc_column_text]Les corni\u00e8res carton constituent l\u2019accessoire indispensable pour renforcer la durabilit\u00e9 et la s\u00e9curit\u00e9 de votre chargement pendant son transport et son stockage. Placez-les sur les angles et les ar\u00eates \u00e0 risque de votre chargement pour le prot\u00e9ger davantage.<\/p>\n<ul>\n<li>Elles consolident les palettes pour que celles-ci s\u2019empilent mieux.<\/li>\n<li>La stabilit\u00e9 des articles pr\u00e9sents sur vos palettes s\u2019en trouve am\u00e9lior\u00e9e, ce qui r\u00e9duit le risque qu\u2019ils soient endommag\u00e9s en cours de transport et de manutention.<\/li>\n<li>Elles renforcent les coins de vos bo\u00eetes, les rendant ainsi plus robustes pour qu\u2019elles aient plus de chances de demeurer intactes, m\u00eame si elles subissent des charges importantes.<\/li>\n<\/ul>\n<p>Outre leur caract\u00e8re rentable, les corni\u00e8res ajoutent aussi une plus-value en prot\u00e9geant vos pr\u00e9cieuses marchandises d\u2019\u00e9ventuels dommages.<\/p>\n<p>Que vous transportiez des meubles fragiles, de d\u00e9licats ouvrages en verre ou d\u2019autres objets susceptibles de casser, nos corni\u00e8res les prot\u00e9geront pendant leur transport et leur entreposage.[\/vc_column_text][vc_empty_space height=\u00a0\u00bb30px\u00a0\u00bb]<div class=\"ind-title-wrap\"><h2 style=\"\" class=\"ind-title\">Sur mesure<\/h2><\/div>[vc_empty_space height=\u00a0\u00bb15px\u00a0\u00bb][vc_column_text]Vos besoins peuvent diff\u00e9rer en fonction du produit\u00a0: chez Kartonnage Joye, nous le comprenons bien. C\u2019est pourquoi nous proposons diff\u00e9rents formats pour nos corni\u00e8res carton. Nous pouvons adapter la longueur, la largeur et l\u2019\u00e9paisseur de nos profil\u00e9s, selon vos besoins. Nous pouvons aussi r\u00e9aliser des coins \u00e0 d\u00e9chirer, en appliquant des perforations. \u00c0 vous de choisir quelle longueur vous convient. Autre possibilit\u00e9\u00a0: des bavettes d\u00e9coup\u00e9es.[\/vc_column_text][vc_empty_space height=\u00a0\u00bb30px\u00a0\u00bb][vc_empty_space height=\u00a0\u00bb25px\u00a0\u00bb][\/vc_column][\/vc_row][vc_row full_width=\u00a0\u00bbstretch_row\u00a0\u00bb css=\u00a0\u00bb.vc_custom_1692631361178{padding-top: 35px !important;padding-bottom: 35px !important;background-color: #027859 !important;}\u00a0\u00bb][vc_column][vc_single_image image=\u00a0\u00bb7632&Prime; img_size=\u00a0\u00bbfull\u00a0\u00bb onclick=\u00a0\u00bbimg_link_large\u00a0\u00bb img_link_target=\u00a0\u00bb_blank\u00a0\u00bb el_class=\u00a0\u00bbimg-cw\u00a0\u00bb][vc_empty_space height=\u00a0\u00bb15px\u00a0\u00bb][vc_single_image image=\u00a0\u00bb7896&Prime; img_size=\u00a0\u00bb2560&#215;869&Prime; onclick=\u00a0\u00bbimg_link_large\u00a0\u00bb img_link_target=\u00a0\u00bb_blank\u00a0\u00bb el_class=\u00a0\u00bbimg-cw\u00a0\u00bb][\/vc_column][\/vc_row][vc_row][vc_column][vc_empty_space height=\u00a0\u00bb50px\u00a0\u00bb]<div class=\"ind-title-wrap\"><h3 style=\"\" class=\"ind-title\">Plus de renseignements sur nos corni\u00e8res carton?<\/h3><\/div>[vc_empty_space height=\u00a0\u00bb15px\u00a0\u00bb][vc_column_text]Ou vous aimeriez en savoir plus sur les <a href=\"https:\/\/kartonnagejoye.be\/fr\/mandrins-carton\/\" target=\"_blank\" rel=\"noopener\"><u>mandrins carton<\/u><\/a> que nous fabriquons aussi?<\/p>\n<p><a href=\"https:\/\/kartonnagejoye.be\/fr\/contact\/\" target=\"_blank\" rel=\"noopener\">Prenez contact avec nous<\/a>. Nous vous r\u00e9pondrons avec plaisir.[\/vc_column_text][\/vc_column][\/vc_row]<\/p>\n<\/div>","protected":false},"excerpt":{"rendered":"<p>[vc_row][vc_column][vc_empty_space height=\u00a0\u00bb35px\u00a0\u00bb][vc_single_image image=\u00a0\u00bb8261&Prime; img_size=\u00a0\u00bbfull\u00a0\u00bb onclick=\u00a0\u00bbimg_link_large\u00a0\u00bb img_link_target=\u00a0\u00bb_blank\u00a0\u00bb el_class=\u00a0\u00bbimg-cw\u00a0\u00bb][vc_empty_space height=\u00a0\u00bb30px\u00a0\u00bb][vc_column_text]Les corni\u00e8res carton sont un \u00e9l\u00e9ment incontournable et fondamental de tout service logistique, qui sert pour le transport et le stockage de chargements. Leur but est de prot\u00e9ger les bords et les angles de votre chargement contre les chocs, les griffes et tout autre dommage pouvant survenir lors [&hellip;]<\/p>\n","protected":false},"author":1,"featured_media":0,"parent":0,"menu_order":0,"comment_status":"closed","ping_status":"closed","template":"","meta":{"footnotes":""},"yoast_head":"<!-- This site is optimized with the Yoast SEO plugin v23.5 - https:\/\/yoast.com\/wordpress\/plugins\/seo\/ -->\n<title>Corni\u00e8res carton, pour un transport s\u00fbr garanti | Joye<\/title>\n<meta name=\"description\" content=\"Les corni\u00e8res carton sont des pi\u00e8ces essentielles du transport et du stockage. Elles consolident les palettes, qui s\u2019empilent mieux, et sont durables.\" \/>\n<meta name=\"robots\" content=\"index, follow, max-snippet:-1, max-image-preview:large, max-video-preview:-1\" \/>\n<link rel=\"canonical\" href=\"https:\/\/kartonnagejoye.be\/fr\/cornieres-carton\/\" \/>\n<meta property=\"og:locale\" content=\"fr_FR\" \/>\n<meta property=\"og:type\" content=\"article\" \/>\n<meta property=\"og:title\" content=\"Corni\u00e8res carton, pour un transport s\u00fbr garanti | Joye\" \/>\n<meta property=\"og:description\" content=\"Les corni\u00e8res carton sont des pi\u00e8ces essentielles du transport et du stockage. Elles consolident les palettes, qui s\u2019empilent mieux, et sont durables.\" \/>\n<meta property=\"og:url\" content=\"https:\/\/kartonnagejoye.be\/fr\/cornieres-carton\/\" \/>\n<meta property=\"og:site_name\" content=\"Joye Kartonnage SA\" \/>\n<meta property=\"article:publisher\" content=\"https:\/\/www.facebook.com\/kartonnagejoye\/\" \/>\n<meta property=\"article:modified_time\" content=\"2023-11-15T09:46:41+00:00\" \/>\n<meta name=\"twitter:card\" content=\"summary_large_image\" \/>\n<meta name=\"twitter:label1\" content=\"Dur\u00e9e de lecture estim\u00e9e\" \/>\n\t<meta name=\"twitter:data1\" content=\"3 minutes\" \/>\n<script type=\"application\/ld+json\" class=\"yoast-schema-graph\">{\"@context\":\"https:\/\/schema.org\",\"@graph\":[{\"@type\":\"WebPage\",\"@id\":\"https:\/\/kartonnagejoye.be\/fr\/cornieres-carton\/\",\"url\":\"https:\/\/kartonnagejoye.be\/fr\/cornieres-carton\/\",\"name\":\"Corni\u00e8res carton, pour un transport s\u00fbr garanti | Joye\",\"isPartOf\":{\"@id\":\"https:\/\/kartonnagejoye.be\/#website\"},\"datePublished\":\"2023-06-29T10:09:49+00:00\",\"dateModified\":\"2023-11-15T09:46:41+00:00\",\"description\":\"Les corni\u00e8res carton sont des pi\u00e8ces essentielles du transport et du stockage. Elles consolident les palettes, qui s\u2019empilent mieux, et sont durables.\",\"breadcrumb\":{\"@id\":\"https:\/\/kartonnagejoye.be\/fr\/cornieres-carton\/#breadcrumb\"},\"inLanguage\":\"fr-FR\",\"potentialAction\":[{\"@type\":\"ReadAction\",\"target\":[\"https:\/\/kartonnagejoye.be\/fr\/cornieres-carton\/\"]}]},{\"@type\":\"BreadcrumbList\",\"@id\":\"https:\/\/kartonnagejoye.be\/fr\/cornieres-carton\/#breadcrumb\",\"itemListElement\":[{\"@type\":\"ListItem\",\"position\":1,\"name\":\"Home\",\"item\":\"https:\/\/kartonnagejoye.be\/fr\/\"},{\"@type\":\"ListItem\",\"position\":2,\"name\":\"Corni\u00e8res carton\"}]},{\"@type\":\"WebSite\",\"@id\":\"https:\/\/kartonnagejoye.be\/#website\",\"url\":\"https:\/\/kartonnagejoye.be\/\",\"name\":\"Joye Kartonnage SA\",\"description\":\"Tubes et corni\u00e8res en carton \",\"potentialAction\":[{\"@type\":\"SearchAction\",\"target\":{\"@type\":\"EntryPoint\",\"urlTemplate\":\"https:\/\/kartonnagejoye.be\/?s={search_term_string}\"},\"query-input\":{\"@type\":\"PropertyValueSpecification\",\"valueRequired\":true,\"valueName\":\"search_term_string\"}}],\"inLanguage\":\"fr-FR\"}]}<\/script>\n<!-- \/ Yoast SEO plugin. -->","yoast_head_json":{"title":"Corni\u00e8res carton, pour un transport s\u00fbr garanti | Joye","description":"Les corni\u00e8res carton sont des pi\u00e8ces essentielles du transport et du stockage. Elles consolident les palettes, qui s\u2019empilent mieux, et sont durables.","robots":{"index":"index","follow":"follow","max-snippet":"max-snippet:-1","max-image-preview":"max-image-preview:large","max-video-preview":"max-video-preview:-1"},"canonical":"https:\/\/kartonnagejoye.be\/fr\/cornieres-carton\/","og_locale":"fr_FR","og_type":"article","og_title":"Corni\u00e8res carton, pour un transport s\u00fbr garanti | Joye","og_description":"Les corni\u00e8res carton sont des pi\u00e8ces essentielles du transport et du stockage. Elles consolident les palettes, qui s\u2019empilent mieux, et sont durables.","og_url":"https:\/\/kartonnagejoye.be\/fr\/cornieres-carton\/","og_site_name":"Joye Kartonnage SA","article_publisher":"https:\/\/www.facebook.com\/kartonnagejoye\/","article_modified_time":"2023-11-15T09:46:41+00:00","twitter_card":"summary_large_image","twitter_misc":{"Dur\u00e9e de lecture estim\u00e9e":"3 minutes"},"schema":{"@context":"https:\/\/schema.org","@graph":[{"@type":"WebPage","@id":"https:\/\/kartonnagejoye.be\/fr\/cornieres-carton\/","url":"https:\/\/kartonnagejoye.be\/fr\/cornieres-carton\/","name":"Corni\u00e8res carton, pour un transport s\u00fbr garanti | Joye","isPartOf":{"@id":"https:\/\/kartonnagejoye.be\/#website"},"datePublished":"2023-06-29T10:09:49+00:00","dateModified":"2023-11-15T09:46:41+00:00","description":"Les corni\u00e8res carton sont des pi\u00e8ces essentielles du transport et du stockage. Elles consolident les palettes, qui s\u2019empilent mieux, et sont durables.","breadcrumb":{"@id":"https:\/\/kartonnagejoye.be\/fr\/cornieres-carton\/#breadcrumb"},"inLanguage":"fr-FR","potentialAction":[{"@type":"ReadAction","target":["https:\/\/kartonnagejoye.be\/fr\/cornieres-carton\/"]}]},{"@type":"BreadcrumbList","@id":"https:\/\/kartonnagejoye.be\/fr\/cornieres-carton\/#breadcrumb","itemListElement":[{"@type":"ListItem","position":1,"name":"Home","item":"https:\/\/kartonnagejoye.be\/fr\/"},{"@type":"ListItem","position":2,"name":"Corni\u00e8res carton"}]},{"@type":"WebSite","@id":"https:\/\/kartonnagejoye.be\/#website","url":"https:\/\/kartonnagejoye.be\/","name":"Joye Kartonnage SA","description":"Tubes et corni\u00e8res en carton ","potentialAction":[{"@type":"SearchAction","target":{"@type":"EntryPoint","urlTemplate":"https:\/\/kartonnagejoye.be\/?s={search_term_string}"},"query-input":{"@type":"PropertyValueSpecification","valueRequired":true,"valueName":"search_term_string"}}],"inLanguage":"fr-FR"}]}},"_links":{"self":[{"href":"https:\/\/kartonnagejoye.be\/fr\/wp-json\/wp\/v2\/pages\/8078"}],"collection":[{"href":"https:\/\/kartonnagejoye.be\/fr\/wp-json\/wp\/v2\/pages"}],"about":[{"href":"https:\/\/kartonnagejoye.be\/fr\/wp-json\/wp\/v2\/types\/page"}],"author":[{"embeddable":true,"href":"https:\/\/kartonnagejoye.be\/fr\/wp-json\/wp\/v2\/users\/1"}],"replies":[{"embeddable":true,"href":"https:\/\/kartonnagejoye.be\/fr\/wp-json\/wp\/v2\/comments?post=8078"}],"version-history":[{"count":7,"href":"https:\/\/kartonnagejoye.be\/fr\/wp-json\/wp\/v2\/pages\/8078\/revisions"}],"predecessor-version":[{"id":8155,"href":"https:\/\/kartonnagejoye.be\/fr\/wp-json\/wp\/v2\/pages\/8078\/revisions\/8155"}],"wp:attachment":[{"href":"https:\/\/kartonnagejoye.be\/fr\/wp-json\/wp\/v2\/media?parent=8078"}],"curies":[{"name":"wp","href":"https:\/\/api.w.org\/{rel}","templated":true}]}}