{"id":817,"date":"2016-02-13T12:41:04","date_gmt":"2016-02-13T12:41:04","guid":{"rendered":"http:\/\/www.kartonnagejoye.be\/fr\/joye-kartonnage-nv\/"},"modified":"2025-11-12T08:14:29","modified_gmt":"2025-11-12T07:14:29","slug":"joye-kartonnage-nv","status":"publish","type":"page","link":"https:\/\/kartonnagejoye.be\/fr\/","title":{"rendered":"HOME"},"content":{"rendered":"<div class=\"wpb-content-wrapper\"><p>[vc_row][vc_column]<div class=\"ind-title-wrap\"><h1 style=\"\" class=\"ind-title\">Fabricant de mandrins et corni\u00e8res carton<\/h1><\/div>[vc_empty_space height=\u00a0\u00bb50px\u00a0\u00bb][vc_single_image image=\u00a0\u00bb8188&Prime; img_size=\u00a0\u00bb795&#215;432&Prime; alignment=\u00a0\u00bbcenter\u00a0\u00bb onclick=\u00a0\u00bbimg_link_large\u00a0\u00bb img_link_target=\u00a0\u00bb_blank\u00a0\u00bb el_class=\u00a0\u00bbimg-cw\u00a0\u00bb][vc_empty_space height=\u00a0\u00bb50px\u00a0\u00bb][vc_column_text]En sa qualit\u00e9 de <a href=\"https:\/\/kartonnagejoye.be\/fr\/mandrins-carton\/\" target=\"_blank\" rel=\"noopener\"><strong>fabricant de mandrins carton<\/strong><\/a>, Kartonnage Joye est sp\u00e9cialiste de la production de tubes en carton \u00e0 enroulement droit ou en spirale, qui se d\u00e9clinent dans toutes sortes de longueurs et de diam\u00e8tres.<\/p>\n<p>De plus, l&rsquo;entreprise poss\u00e8de une unit\u00e9 de production sp\u00e9cifiquement d\u00e9di\u00e9e aux <a href=\"https:\/\/kartonnagejoye.be\/fr\/cornieres-carton\/\" target=\"_blank\" rel=\"noopener\"><strong>corni\u00e8res carton<\/strong><\/a>, qui propose plusieurs finitions sp\u00e9ciales sur demande.<\/p>\n<p>Nos collaborateurs qualifi\u00e9s vous aideront volontiers \u00e0 trouver la solution la mieux adapt\u00e9e \u00e0 votre demande. En se souciant toujours du rapport prix\/qualit\u00e9\/d\u00e9lai de livraison.[\/vc_column_text][vc_empty_space height=\u00a0\u00bb15px\u00a0\u00bb][\/vc_column][\/vc_row][vc_row full_width=\u00a0\u00bbstretch_row\u00a0\u00bb css=\u00a0\u00bb.vc_custom_1696863710425{margin-top: 50px !important;padding-top: 60px !important;padding-bottom: 60px !important;background-color: #027859 !important;}\u00a0\u00bb][vc_column width=\u00a0\u00bb1\/2&Prime;][vc_single_image image=\u00a0\u00bb7872&Prime; img_size=\u00a0\u00bb658&#215;573&Prime; onclick=\u00a0\u00bbimg_link_large\u00a0\u00bb img_link_target=\u00a0\u00bb_blank\u00a0\u00bb][vc_empty_space height=\u00a0\u00bb10px\u00a0\u00bb][vc_column_text el_class=\u00a0\u00bbgr-bg-txt\u00a0\u00bb]En savoir plus sur nos <a href=\"https:\/\/kartonnagejoye.be\/fr\/cornieres-carton\/\" target=\"_blank\" rel=\"noopener\"><u>corni\u00e8res carton<\/u><\/a>.[\/vc_column_text][\/vc_column][vc_column width=\u00a0\u00bb1\/2&Prime;][vc_single_image image=\u00a0\u00bb7876&Prime; img_size=\u00a0\u00bb658&#215;573&Prime; onclick=\u00a0\u00bbimg_link_large\u00a0\u00bb img_link_target=\u00a0\u00bb_blank\u00a0\u00bb][vc_empty_space height=\u00a0\u00bb10px\u00a0\u00bb][vc_column_text el_class=\u00a0\u00bbgr-bg-txt\u00a0\u00bb]En savoir plus sur nos <a href=\"https:\/\/kartonnagejoye.be\/fr\/mandrins-carton\/\" target=\"_blank\" rel=\"noopener\"><u>mandrins carton<\/u><\/a>.[\/vc_column_text][\/vc_column][\/vc_row][vc_row css=\u00a0\u00bb.vc_custom_1455404000946{margin-top: 50px !important;}\u00a0\u00bb][vc_column][vc_empty_space height=\u00a0\u00bb5px\u00a0\u00bb][vc_single_image image=\u00a0\u00bb8251&Prime; img_size=\u00a0\u00bbfull\u00a0\u00bb alignment=\u00a0\u00bbcenter\u00a0\u00bb onclick=\u00a0\u00bbimg_link_large\u00a0\u00bb img_link_target=\u00a0\u00bb_blank\u00a0\u00bb el_class=\u00a0\u00bbimg-cw\u00a0\u00bb][vc_empty_space height=\u00a0\u00bb50px\u00a0\u00bb]<div class=\"ind-title-wrap\"><h4 style=\"\" class=\"ind-title\">Quels services offrons-nous en tant que fabricant de mandrins carton ?<\/h4><\/div>[\/vc_column][\/vc_row][vc_row css=\u00a0\u00bb.vc_custom_1455651960186{margin-top: 30px !important;margin-bottom: 20px !important;}\u00a0\u00bb][vc_column width=\u00a0\u00bb1\/5&Prime;]\n\t<div class=\"service GFAJPDtasw\" data-colors=\"GFAJPDtasw|||#202020|#f1c40f\">\n\t\t<div class=\"service-icon-wrap\"><span class=\"flaticon-factory17\"><\/span><span class=\"service-icon-2 animation flaticon-factory17\"><\/span><\/div>\n\t\t<h5>UNE PRODUCTION JUSTE \u00c0 TEMPS<\/h5>\n\t\t<p>En notre qualit\u00e9 de fabricant de mandrins et corni\u00e8res carton, nous garantissons des livraisons rapides et sans souci. Nous calculons le d\u00e9lai de livraison le plus court \u00e0 chaque demande.<\/p>\n\t\t\n\t<\/div>[\/vc_column][vc_column width=\u00a0\u00bb1\/5&Prime;]\n\t<div class=\"service wNmgUlmkVC\" data-colors=\"wNmgUlmkVC|||#202020|#f1c40f\">\n\t\t<div class=\"service-icon-wrap\"><span class=\"flaticon-house157\"><\/span><span class=\"service-icon-2 animation flaticon-house157\"><\/span><\/div>\n\t\t<h5>STOCKAGE<\/h5>\n\t\t<p>Nous poss\u00e9dons un tr\u00e8s grand entrep\u00f4t qui est actuellement utilis\u00e9 pour une partie de nos clients. Cela nous permet de r\u00e9agir tr\u00e8s rapidement afin de pouvoir vous servir au plus vite.<\/p>\n\t\t\n\t<\/div>[\/vc_column][vc_column width=\u00a0\u00bb1\/5&Prime;]\n\t<div class=\"service LUIPsEulTw\" data-colors=\"LUIPsEulTw|||#202020|#f1c40f\">\n\t\t<div class=\"service-icon-wrap\"><span class=\"flaticon-truck62\"><\/span><span class=\"service-icon-2 animation flaticon-truck62\"><\/span><\/div>\n\t\t<h5>NOS PROPRES CAMIONS<\/h5>\n\t\t<p>Outre notre parc machines \u00e0 la pointe de la technologie, nous disposons \u00e9galement de nos propres camions et de nos chauffeurs pour que vos marchandises vous parviennent dans les meilleurs d\u00e9lais.<\/p>\n\t\t\n\t<\/div>[\/vc_column][vc_column width=\u00a0\u00bb1\/5&Prime;]\n\t<div class=\"service yHXeVJWlhv\" data-colors=\"yHXeVJWlhv|||#202020|#f1c40f\">\n\t\t<div class=\"service-icon-wrap\"><span class=\"flaticon-transmission-tower\"><\/span><span class=\"service-icon-2 animation flaticon-transmission-tower\"><\/span><\/div>\n\t\t<h5>CERTIFICATION ISO 9001<\/h5>\n\t\t<p>Nous avons obtenu la certification ISO 9001, preuve de la qualit\u00e9 que nous exigeons de nous-m\u00eames pour nos clients, dans le cadre de notre politique d\u2019am\u00e9lioration continue. Afin de pouvoir conserver ce certificat, nous \u00e9valuons en permanence nos m\u00e9thodes de travail et nos processus de production. Et nous les optimisons toujours, lorsque c\u2019est possible.<\/p>\n\t\t<a href=\"http:\/\/kartonnagejoye.be\/wp-content\/uploads\/2024\/10\/Issue-5-BE-1026.QA_FR_final_dd_4.10.2024.pdf\" class=\"header-font read-more\">T\u00e9l\u00e9chargez notre ISO 9001-certification<\/a>\n\t<\/div>[\/vc_column][vc_column width=\u00a0\u00bb1\/5&Prime;]\n\t<div class=\"service MWiBGXeLiY\" data-colors=\"MWiBGXeLiY|||#202020|#f1c40f\">\n\t\t<div class=\"service-icon-wrap\"><span class=\"flaticon-saw17\"><\/span><span class=\"service-icon-2 animation flaticon-saw17\"><\/span><\/div>\n\t\t<h5>Certification FSC\u00ae<\/h5>\n\t\t<p>Nous avons obtenu le certificat FSC\u00ae (FSC-C205816). Les mat\u00e9riaux utilis\u00e9s pour nos produits proviennent de sources certifi\u00e9es FSC\u00ae et d\u2019autres sources contr\u00f4l\u00e9es.<\/p>\n\t\t\n\t<\/div>[\/vc_column][\/vc_row]<\/p>\n<\/div>","protected":false},"excerpt":{"rendered":"<p>[vc_row][vc_column][vc_empty_space height=\u00a0\u00bb50px\u00a0\u00bb][vc_single_image image=\u00a0\u00bb8188&Prime; img_size=\u00a0\u00bb795&#215;432&Prime; alignment=\u00a0\u00bbcenter\u00a0\u00bb onclick=\u00a0\u00bbimg_link_large\u00a0\u00bb img_link_target=\u00a0\u00bb_blank\u00a0\u00bb el_class=\u00a0\u00bbimg-cw\u00a0\u00bb][vc_empty_space height=\u00a0\u00bb50px\u00a0\u00bb][vc_column_text]En sa qualit\u00e9 de fabricant de mandrins carton, Kartonnage Joye est sp\u00e9cialiste de la production de tubes en carton \u00e0 enroulement droit ou en spirale, qui se d\u00e9clinent dans toutes sortes de longueurs et de diam\u00e8tres. De plus, l&rsquo;entreprise poss\u00e8de une unit\u00e9 de production sp\u00e9cifiquement d\u00e9di\u00e9e aux [&hellip;]<\/p>\n","protected":false},"author":1,"featured_media":0,"parent":0,"menu_order":0,"comment_status":"closed","ping_status":"closed","template":"","meta":{"footnotes":""},"yoast_head":"<!-- This site is optimized with the Yoast SEO plugin v23.5 - https:\/\/yoast.com\/wordpress\/plugins\/seo\/ -->\n<title>Fabricant de mandrins carton : l&#039;expert | Kartonnage Joye<\/title>\n<meta name=\"description\" content=\"Kartonnage Joye fabrique des mandrins et corni\u00e8res carton, applique la m\u00e9thode juste \u00e0 temps, est certifi\u00e9e ISO 9001 et propose le stockage.\" \/>\n<meta name=\"robots\" content=\"index, follow, max-snippet:-1, max-image-preview:large, max-video-preview:-1\" \/>\n<link rel=\"canonical\" href=\"https:\/\/kartonnagejoye.be\/fr\/\" \/>\n<meta property=\"og:locale\" content=\"fr_FR\" \/>\n<meta property=\"og:type\" content=\"article\" \/>\n<meta property=\"og:title\" content=\"Fabricant de mandrins carton : l&#039;expert | Kartonnage Joye\" \/>\n<meta property=\"og:description\" content=\"Kartonnage Joye fabrique des mandrins et corni\u00e8res carton, applique la m\u00e9thode juste \u00e0 temps, est certifi\u00e9e ISO 9001 et propose le stockage.\" \/>\n<meta property=\"og:url\" content=\"https:\/\/kartonnagejoye.be\/fr\/\" \/>\n<meta property=\"og:site_name\" content=\"Joye Kartonnage SA\" \/>\n<meta property=\"article:publisher\" content=\"https:\/\/www.facebook.com\/kartonnagejoye\/\" \/>\n<meta property=\"article:modified_time\" content=\"2025-11-12T07:14:29+00:00\" \/>\n<meta name=\"twitter:card\" content=\"summary_large_image\" \/>\n<meta name=\"twitter:label1\" content=\"Dur\u00e9e de lecture estim\u00e9e\" \/>\n\t<meta name=\"twitter:data1\" content=\"3 minutes\" \/>\n<script type=\"application\/ld+json\" class=\"yoast-schema-graph\">{\"@context\":\"https:\/\/schema.org\",\"@graph\":[{\"@type\":\"WebPage\",\"@id\":\"https:\/\/kartonnagejoye.be\/fr\/\",\"url\":\"https:\/\/kartonnagejoye.be\/fr\/\",\"name\":\"Fabricant de mandrins carton : l'expert | Kartonnage Joye\",\"isPartOf\":{\"@id\":\"https:\/\/kartonnagejoye.be\/#website\"},\"datePublished\":\"2016-02-13T12:41:04+00:00\",\"dateModified\":\"2025-11-12T07:14:29+00:00\",\"description\":\"Kartonnage Joye fabrique des mandrins et corni\u00e8res carton, applique la m\u00e9thode juste \u00e0 temps, est certifi\u00e9e ISO 9001 et propose le stockage.\",\"breadcrumb\":{\"@id\":\"https:\/\/kartonnagejoye.be\/fr\/#breadcrumb\"},\"inLanguage\":\"fr-FR\",\"potentialAction\":[{\"@type\":\"ReadAction\",\"target\":[\"https:\/\/kartonnagejoye.be\/fr\/\"]}]},{\"@type\":\"BreadcrumbList\",\"@id\":\"https:\/\/kartonnagejoye.be\/fr\/#breadcrumb\",\"itemListElement\":[{\"@type\":\"ListItem\",\"position\":1,\"name\":\"Home\",\"item\":\"https:\/\/kartonnagejoye.be\/fr\/\"},{\"@type\":\"ListItem\",\"position\":2,\"name\":\"HOME\"}]},{\"@type\":\"WebSite\",\"@id\":\"https:\/\/kartonnagejoye.be\/#website\",\"url\":\"https:\/\/kartonnagejoye.be\/\",\"name\":\"Joye Kartonnage SA\",\"description\":\"Tubes et corni\u00e8res en carton \",\"potentialAction\":[{\"@type\":\"SearchAction\",\"target\":{\"@type\":\"EntryPoint\",\"urlTemplate\":\"https:\/\/kartonnagejoye.be\/?s={search_term_string}\"},\"query-input\":{\"@type\":\"PropertyValueSpecification\",\"valueRequired\":true,\"valueName\":\"search_term_string\"}}],\"inLanguage\":\"fr-FR\"}]}<\/script>\n<!-- \/ Yoast SEO plugin. -->","yoast_head_json":{"title":"Fabricant de mandrins carton : l'expert | Kartonnage Joye","description":"Kartonnage Joye fabrique des mandrins et corni\u00e8res carton, applique la m\u00e9thode juste \u00e0 temps, est certifi\u00e9e ISO 9001 et propose le stockage.","robots":{"index":"index","follow":"follow","max-snippet":"max-snippet:-1","max-image-preview":"max-image-preview:large","max-video-preview":"max-video-preview:-1"},"canonical":"https:\/\/kartonnagejoye.be\/fr\/","og_locale":"fr_FR","og_type":"article","og_title":"Fabricant de mandrins carton : l'expert | Kartonnage Joye","og_description":"Kartonnage Joye fabrique des mandrins et corni\u00e8res carton, applique la m\u00e9thode juste \u00e0 temps, est certifi\u00e9e ISO 9001 et propose le stockage.","og_url":"https:\/\/kartonnagejoye.be\/fr\/","og_site_name":"Joye Kartonnage SA","article_publisher":"https:\/\/www.facebook.com\/kartonnagejoye\/","article_modified_time":"2025-11-12T07:14:29+00:00","twitter_card":"summary_large_image","twitter_misc":{"Dur\u00e9e de lecture estim\u00e9e":"3 minutes"},"schema":{"@context":"https:\/\/schema.org","@graph":[{"@type":"WebPage","@id":"https:\/\/kartonnagejoye.be\/fr\/","url":"https:\/\/kartonnagejoye.be\/fr\/","name":"Fabricant de mandrins carton : l'expert | Kartonnage Joye","isPartOf":{"@id":"https:\/\/kartonnagejoye.be\/#website"},"datePublished":"2016-02-13T12:41:04+00:00","dateModified":"2025-11-12T07:14:29+00:00","description":"Kartonnage Joye fabrique des mandrins et corni\u00e8res carton, applique la m\u00e9thode juste \u00e0 temps, est certifi\u00e9e ISO 9001 et propose le stockage.","breadcrumb":{"@id":"https:\/\/kartonnagejoye.be\/fr\/#breadcrumb"},"inLanguage":"fr-FR","potentialAction":[{"@type":"ReadAction","target":["https:\/\/kartonnagejoye.be\/fr\/"]}]},{"@type":"BreadcrumbList","@id":"https:\/\/kartonnagejoye.be\/fr\/#breadcrumb","itemListElement":[{"@type":"ListItem","position":1,"name":"Home","item":"https:\/\/kartonnagejoye.be\/fr\/"},{"@type":"ListItem","position":2,"name":"HOME"}]},{"@type":"WebSite","@id":"https:\/\/kartonnagejoye.be\/#website","url":"https:\/\/kartonnagejoye.be\/","name":"Joye Kartonnage SA","description":"Tubes et corni\u00e8res en carton ","potentialAction":[{"@type":"SearchAction","target":{"@type":"EntryPoint","urlTemplate":"https:\/\/kartonnagejoye.be\/?s={search_term_string}"},"query-input":{"@type":"PropertyValueSpecification","valueRequired":true,"valueName":"search_term_string"}}],"inLanguage":"fr-FR"}]}},"_links":{"self":[{"href":"https:\/\/kartonnagejoye.be\/fr\/wp-json\/wp\/v2\/pages\/817"}],"collection":[{"href":"https:\/\/kartonnagejoye.be\/fr\/wp-json\/wp\/v2\/pages"}],"about":[{"href":"https:\/\/kartonnagejoye.be\/fr\/wp-json\/wp\/v2\/types\/page"}],"author":[{"embeddable":true,"href":"https:\/\/kartonnagejoye.be\/fr\/wp-json\/wp\/v2\/users\/1"}],"replies":[{"embeddable":true,"href":"https:\/\/kartonnagejoye.be\/fr\/wp-json\/wp\/v2\/comments?post=817"}],"version-history":[{"count":28,"href":"https:\/\/kartonnagejoye.be\/fr\/wp-json\/wp\/v2\/pages\/817\/revisions"}],"predecessor-version":[{"id":8434,"href":"https:\/\/kartonnagejoye.be\/fr\/wp-json\/wp\/v2\/pages\/817\/revisions\/8434"}],"wp:attachment":[{"href":"https:\/\/kartonnagejoye.be\/fr\/wp-json\/wp\/v2\/media?parent=817"}],"curies":[{"name":"wp","href":"https:\/\/api.w.org\/{rel}","templated":true}]}}