{"id":829,"date":"2016-02-13T14:13:59","date_gmt":"2016-02-13T14:13:59","guid":{"rendered":"http:\/\/www.kartonnagejoye.be\/fr\/hoekprofielen\/"},"modified":"2017-02-22T10:17:07","modified_gmt":"2017-02-22T09:17:07","slug":"hoekprofielen","status":"publish","type":"page","link":"https:\/\/kartonnagejoye.be\/fr\/hoekprofielen\/","title":{"rendered":"Corni\u00e8res"},"content":{"rendered":"<div class=\"wpb-content-wrapper\"><p>[vc_row][vc_column width=\u00a0\u00bb1\/2&Prime;][vc_column_text]<img loading=\"lazy\" decoding=\"async\" class=\"aligncenter wp-image-607 size-full\" src=\"http:\/\/www.kartonnagejoye.be\/wp-content\/uploads\/2016\/02\/hoekprofiel_1.jpg\" alt=\"Hoekprofielen\" width=\"409\" height=\"273\" srcset=\"https:\/\/kartonnagejoye.be\/wp-content\/uploads\/2016\/02\/hoekprofiel_1.jpg 409w, https:\/\/kartonnagejoye.be\/wp-content\/uploads\/2016\/02\/hoekprofiel_1-300x200.jpg 300w\" sizes=\"(max-width: 409px) 100vw, 409px\" \/>[\/vc_column_text][\/vc_column][vc_column width=\u00a0\u00bb1\/2&Prime;][vc_column_text]<img loading=\"lazy\" decoding=\"async\" class=\"aligncenter wp-image-609 size-full\" src=\"http:\/\/www.kartonnagejoye.be\/wp-content\/uploads\/2016\/02\/hoekprofiel_2.jpg\" alt=\"Hoekprofielen\" width=\"409\" height=\"273\" srcset=\"https:\/\/kartonnagejoye.be\/wp-content\/uploads\/2016\/02\/hoekprofiel_2.jpg 409w, https:\/\/kartonnagejoye.be\/wp-content\/uploads\/2016\/02\/hoekprofiel_2-300x200.jpg 300w\" sizes=\"(max-width: 409px) 100vw, 409px\" \/>[\/vc_column_text][\/vc_column][\/vc_row][vc_row][vc_column][vc_empty_space][vc_column_text]<img loading=\"lazy\" decoding=\"async\" class=\"alignnone size-full wp-image-1048\" src=\"http:\/\/www.kartonnagejoye.be\/wp-content\/uploads\/2016\/02\/hoekprofiel_4.jpg\" alt=\"hoekprofiel_4\" width=\"849\" height=\"270\" srcset=\"https:\/\/kartonnagejoye.be\/wp-content\/uploads\/2016\/02\/hoekprofiel_4.jpg 849w, https:\/\/kartonnagejoye.be\/wp-content\/uploads\/2016\/02\/hoekprofiel_4-300x95.jpg 300w, https:\/\/kartonnagejoye.be\/wp-content\/uploads\/2016\/02\/hoekprofiel_4-768x244.jpg 768w, https:\/\/kartonnagejoye.be\/wp-content\/uploads\/2016\/02\/hoekprofiel_4-409x130.jpg 409w, https:\/\/kartonnagejoye.be\/wp-content\/uploads\/2016\/02\/hoekprofiel_4-555x177.jpg 555w, https:\/\/kartonnagejoye.be\/wp-content\/uploads\/2016\/02\/hoekprofiel_4-471x150.jpg 471w, https:\/\/kartonnagejoye.be\/wp-content\/uploads\/2016\/02\/hoekprofiel_4-653x208.jpg 653w\" sizes=\"(max-width: 849px) 100vw, 849px\" \/>[\/vc_column_text][\/vc_column][\/vc_row][vc_row css=\u00a0\u00bb.vc_custom_1455449294231{margin-top: 30px !important;}\u00a0\u00bb][vc_column][vc_column_text]<\/p>\n<h4>Corni\u00e8re<\/h4>\n<p>Les profils, coins, ou corni\u00e8res prot\u00e8gent contre les \u00e9ventuels dommages, caus\u00e9s durant le chargement et le transport..[\/vc_column_text][\/vc_column][\/vc_row]<\/p>\n<\/div>","protected":false},"excerpt":{"rendered":"<p>[vc_row][vc_column width=\u00a0\u00bb1\/2&Prime;][vc_column_text][\/vc_column_text][\/vc_column][vc_column width=\u00a0\u00bb1\/2&Prime;][vc_column_text][\/vc_column_text][\/vc_column][\/vc_row][vc_row][vc_column][vc_empty_space][vc_column_text][\/vc_column_text][\/vc_column][\/vc_row][vc_row css=\u00a0\u00bb.vc_custom_1455449294231{margin-top: 30px !important;}\u00a0\u00bb][vc_column][vc_column_text] Corni\u00e8re Les profils, coins, ou corni\u00e8res prot\u00e8gent contre les \u00e9ventuels dommages, caus\u00e9s durant le chargement et le transport..[\/vc_column_text][\/vc_column][\/vc_row]<\/p>\n","protected":false},"author":1,"featured_media":7509,"parent":0,"menu_order":0,"comment_status":"closed","ping_status":"closed","template":"page-tpl_left_sidebar.php","meta":{"footnotes":""},"yoast_head":"<!-- This site is optimized with the Yoast SEO plugin v23.5 - https:\/\/yoast.com\/wordpress\/plugins\/seo\/ -->\n<title>Corni\u00e8res &#8226; Joye Kartonnage SA<\/title>\n<meta name=\"description\" content=\"Hoekprofielen beschermen tegen potenti\u00eble schade, die veroorzaakt wordt tijdens het laden en vervoeren. Afmetingen afgestemd op de vereisten van de klant.\" \/>\n<meta name=\"robots\" content=\"index, follow, max-snippet:-1, max-image-preview:large, max-video-preview:-1\" \/>\n<link rel=\"canonical\" href=\"https:\/\/kartonnagejoye.be\/fr\/hoekprofielen\/\" \/>\n<meta property=\"og:locale\" content=\"fr_FR\" \/>\n<meta property=\"og:type\" content=\"article\" \/>\n<meta property=\"og:title\" content=\"Corni\u00e8res &#8226; Joye Kartonnage SA\" \/>\n<meta property=\"og:description\" content=\"Hoekprofielen beschermen tegen potenti\u00eble schade, die veroorzaakt wordt tijdens het laden en vervoeren. Afmetingen afgestemd op de vereisten van de klant.\" \/>\n<meta property=\"og:url\" content=\"https:\/\/kartonnagejoye.be\/fr\/hoekprofielen\/\" \/>\n<meta property=\"og:site_name\" content=\"Joye Kartonnage SA\" \/>\n<meta property=\"article:publisher\" content=\"https:\/\/www.facebook.com\/kartonnagejoye\/\" \/>\n<meta property=\"article:modified_time\" content=\"2017-02-22T09:17:07+00:00\" \/>\n<meta property=\"og:image\" content=\"https:\/\/kartonnagejoye.be\/wp-content\/uploads\/2016\/02\/hoekprofiel_2.jpg\" \/>\n\t<meta property=\"og:image:width\" content=\"409\" \/>\n\t<meta property=\"og:image:height\" content=\"273\" \/>\n\t<meta property=\"og:image:type\" content=\"image\/jpeg\" \/>\n<meta name=\"twitter:card\" content=\"summary_large_image\" \/>\n<script type=\"application\/ld+json\" class=\"yoast-schema-graph\">{\"@context\":\"https:\/\/schema.org\",\"@graph\":[{\"@type\":\"WebPage\",\"@id\":\"https:\/\/kartonnagejoye.be\/fr\/hoekprofielen\/\",\"url\":\"https:\/\/kartonnagejoye.be\/fr\/hoekprofielen\/\",\"name\":\"Corni\u00e8res &#8226; Joye Kartonnage SA\",\"isPartOf\":{\"@id\":\"https:\/\/kartonnagejoye.be\/#website\"},\"primaryImageOfPage\":{\"@id\":\"https:\/\/kartonnagejoye.be\/fr\/hoekprofielen\/#primaryimage\"},\"image\":{\"@id\":\"https:\/\/kartonnagejoye.be\/fr\/hoekprofielen\/#primaryimage\"},\"thumbnailUrl\":\"https:\/\/kartonnagejoye.be\/wp-content\/uploads\/2016\/02\/hoekprofiel_2.jpg\",\"datePublished\":\"2016-02-13T14:13:59+00:00\",\"dateModified\":\"2017-02-22T09:17:07+00:00\",\"description\":\"Hoekprofielen beschermen tegen potenti\u00eble schade, die veroorzaakt wordt tijdens het laden en vervoeren. Afmetingen afgestemd op de vereisten van de klant.\",\"breadcrumb\":{\"@id\":\"https:\/\/kartonnagejoye.be\/fr\/hoekprofielen\/#breadcrumb\"},\"inLanguage\":\"fr-FR\",\"potentialAction\":[{\"@type\":\"ReadAction\",\"target\":[\"https:\/\/kartonnagejoye.be\/fr\/hoekprofielen\/\"]}]},{\"@type\":\"ImageObject\",\"inLanguage\":\"fr-FR\",\"@id\":\"https:\/\/kartonnagejoye.be\/fr\/hoekprofielen\/#primaryimage\",\"url\":\"https:\/\/kartonnagejoye.be\/wp-content\/uploads\/2016\/02\/hoekprofiel_2.jpg\",\"contentUrl\":\"https:\/\/kartonnagejoye.be\/wp-content\/uploads\/2016\/02\/hoekprofiel_2.jpg\",\"width\":409,\"height\":273,\"caption\":\"Kartonnage Joye is fabrikant kartonnen kokers en kartonnen hoekprofielen.\"},{\"@type\":\"BreadcrumbList\",\"@id\":\"https:\/\/kartonnagejoye.be\/fr\/hoekprofielen\/#breadcrumb\",\"itemListElement\":[{\"@type\":\"ListItem\",\"position\":1,\"name\":\"Home\",\"item\":\"https:\/\/kartonnagejoye.be\/fr\/\"},{\"@type\":\"ListItem\",\"position\":2,\"name\":\"Corni\u00e8res\"}]},{\"@type\":\"WebSite\",\"@id\":\"https:\/\/kartonnagejoye.be\/#website\",\"url\":\"https:\/\/kartonnagejoye.be\/\",\"name\":\"Joye Kartonnage SA\",\"description\":\"Tubes et corni\u00e8res en carton \",\"potentialAction\":[{\"@type\":\"SearchAction\",\"target\":{\"@type\":\"EntryPoint\",\"urlTemplate\":\"https:\/\/kartonnagejoye.be\/?s={search_term_string}\"},\"query-input\":{\"@type\":\"PropertyValueSpecification\",\"valueRequired\":true,\"valueName\":\"search_term_string\"}}],\"inLanguage\":\"fr-FR\"}]}<\/script>\n<!-- \/ Yoast SEO plugin. -->","yoast_head_json":{"title":"Corni\u00e8res &#8226; Joye Kartonnage SA","description":"Hoekprofielen beschermen tegen potenti\u00eble schade, die veroorzaakt wordt tijdens het laden en vervoeren. Afmetingen afgestemd op de vereisten van de klant.","robots":{"index":"index","follow":"follow","max-snippet":"max-snippet:-1","max-image-preview":"max-image-preview:large","max-video-preview":"max-video-preview:-1"},"canonical":"https:\/\/kartonnagejoye.be\/fr\/hoekprofielen\/","og_locale":"fr_FR","og_type":"article","og_title":"Corni\u00e8res &#8226; Joye Kartonnage SA","og_description":"Hoekprofielen beschermen tegen potenti\u00eble schade, die veroorzaakt wordt tijdens het laden en vervoeren. Afmetingen afgestemd op de vereisten van de klant.","og_url":"https:\/\/kartonnagejoye.be\/fr\/hoekprofielen\/","og_site_name":"Joye Kartonnage SA","article_publisher":"https:\/\/www.facebook.com\/kartonnagejoye\/","article_modified_time":"2017-02-22T09:17:07+00:00","og_image":[{"width":409,"height":273,"url":"https:\/\/kartonnagejoye.be\/wp-content\/uploads\/2016\/02\/hoekprofiel_2.jpg","type":"image\/jpeg"}],"twitter_card":"summary_large_image","schema":{"@context":"https:\/\/schema.org","@graph":[{"@type":"WebPage","@id":"https:\/\/kartonnagejoye.be\/fr\/hoekprofielen\/","url":"https:\/\/kartonnagejoye.be\/fr\/hoekprofielen\/","name":"Corni\u00e8res &#8226; Joye Kartonnage SA","isPartOf":{"@id":"https:\/\/kartonnagejoye.be\/#website"},"primaryImageOfPage":{"@id":"https:\/\/kartonnagejoye.be\/fr\/hoekprofielen\/#primaryimage"},"image":{"@id":"https:\/\/kartonnagejoye.be\/fr\/hoekprofielen\/#primaryimage"},"thumbnailUrl":"https:\/\/kartonnagejoye.be\/wp-content\/uploads\/2016\/02\/hoekprofiel_2.jpg","datePublished":"2016-02-13T14:13:59+00:00","dateModified":"2017-02-22T09:17:07+00:00","description":"Hoekprofielen beschermen tegen potenti\u00eble schade, die veroorzaakt wordt tijdens het laden en vervoeren. Afmetingen afgestemd op de vereisten van de klant.","breadcrumb":{"@id":"https:\/\/kartonnagejoye.be\/fr\/hoekprofielen\/#breadcrumb"},"inLanguage":"fr-FR","potentialAction":[{"@type":"ReadAction","target":["https:\/\/kartonnagejoye.be\/fr\/hoekprofielen\/"]}]},{"@type":"ImageObject","inLanguage":"fr-FR","@id":"https:\/\/kartonnagejoye.be\/fr\/hoekprofielen\/#primaryimage","url":"https:\/\/kartonnagejoye.be\/wp-content\/uploads\/2016\/02\/hoekprofiel_2.jpg","contentUrl":"https:\/\/kartonnagejoye.be\/wp-content\/uploads\/2016\/02\/hoekprofiel_2.jpg","width":409,"height":273,"caption":"Kartonnage Joye is fabrikant kartonnen kokers en kartonnen hoekprofielen."},{"@type":"BreadcrumbList","@id":"https:\/\/kartonnagejoye.be\/fr\/hoekprofielen\/#breadcrumb","itemListElement":[{"@type":"ListItem","position":1,"name":"Home","item":"https:\/\/kartonnagejoye.be\/fr\/"},{"@type":"ListItem","position":2,"name":"Corni\u00e8res"}]},{"@type":"WebSite","@id":"https:\/\/kartonnagejoye.be\/#website","url":"https:\/\/kartonnagejoye.be\/","name":"Joye Kartonnage SA","description":"Tubes et corni\u00e8res en carton ","potentialAction":[{"@type":"SearchAction","target":{"@type":"EntryPoint","urlTemplate":"https:\/\/kartonnagejoye.be\/?s={search_term_string}"},"query-input":{"@type":"PropertyValueSpecification","valueRequired":true,"valueName":"search_term_string"}}],"inLanguage":"fr-FR"}]}},"_links":{"self":[{"href":"https:\/\/kartonnagejoye.be\/fr\/wp-json\/wp\/v2\/pages\/829"}],"collection":[{"href":"https:\/\/kartonnagejoye.be\/fr\/wp-json\/wp\/v2\/pages"}],"about":[{"href":"https:\/\/kartonnagejoye.be\/fr\/wp-json\/wp\/v2\/types\/page"}],"author":[{"embeddable":true,"href":"https:\/\/kartonnagejoye.be\/fr\/wp-json\/wp\/v2\/users\/1"}],"replies":[{"embeddable":true,"href":"https:\/\/kartonnagejoye.be\/fr\/wp-json\/wp\/v2\/comments?post=829"}],"version-history":[{"count":8,"href":"https:\/\/kartonnagejoye.be\/fr\/wp-json\/wp\/v2\/pages\/829\/revisions"}],"predecessor-version":[{"id":1155,"href":"https:\/\/kartonnagejoye.be\/fr\/wp-json\/wp\/v2\/pages\/829\/revisions\/1155"}],"wp:featuredmedia":[{"embeddable":true,"href":"https:\/\/kartonnagejoye.be\/fr\/wp-json\/wp\/v2\/media\/7509"}],"wp:attachment":[{"href":"https:\/\/kartonnagejoye.be\/fr\/wp-json\/wp\/v2\/media?parent=829"}],"curies":[{"name":"wp","href":"https:\/\/api.w.org\/{rel}","templated":true}]}}