{"id":883,"date":"2016-02-13T14:10:47","date_gmt":"2016-02-13T14:10:47","guid":{"rendered":"http:\/\/www.kartonnagejoye.be\/fr\/producten\/"},"modified":"2017-02-20T11:33:34","modified_gmt":"2017-02-20T10:33:34","slug":"producten","status":"publish","type":"page","link":"https:\/\/kartonnagejoye.be\/fr\/producten\/","title":{"rendered":"Produits"},"content":{"rendered":"<div class=\"wpb-content-wrapper\"><p>[vc_row][vc_column width=\u00a0\u00bb1\/2&Prime;]<div class=\"page-item top-media\">\n\t\t\t\t<a href=\"https:\/\/kartonnagejoye.be\/fr\/kartonnen-kokers\/\" class=\"page-media\"><img loading=\"lazy\" decoding=\"async\" width=\"360\" height=\"203\" src=\"https:\/\/kartonnagejoye.be\/wp-content\/uploads\/2016\/02\/SpiraalGewikkelde_Profielen_1-360x203.jpg\" class=\"attachment-industry-box-thumb size-industry-box-thumb wp-post-image\" alt=\"kartonnen kokers\" \/><\/a>\n\t\t\t\t<div class=\"page-item-content\">\n\t\t\t\t\t<h5>Tubes en carton<\/h5>\n\t\t\t\t\t<p>Nous sommes sp\u00e9cialis\u00e9s dans tous les types de tubes pour l\u2019emballage, tubes d\u2019exp\u00e9dition et des manchons. Notre personnel sera ravi de vous aider \u00e0 trouver la bonne solution \u00e0 votre probl\u00e8me sp\u00e9cifique avec prix\/qualit\u00e9\/livraison juste.<\/p>\n\t\t\t\t\t<a href=\"https:\/\/kartonnagejoye.be\/fr\/kartonnen-kokers\/\" class=\"read-more header-font\">LA SUITE <\/a>\n\t\t\t\t<\/div>\n\t\t\t<\/div>[vc_empty_space height=\u00a0\u00bb15px\u00a0\u00bb][\/vc_column][vc_column width=\u00a0\u00bb1\/2&Prime;]<div class=\"page-item top-media\">\n\t\t\t\t<a href=\"https:\/\/kartonnagejoye.be\/fr\/hoekprofielen\/\" class=\"page-media\"><img loading=\"lazy\" decoding=\"async\" width=\"360\" height=\"203\" src=\"https:\/\/kartonnagejoye.be\/wp-content\/uploads\/2016\/02\/hoekprofiel_2-360x203.jpg\" class=\"attachment-industry-box-thumb size-industry-box-thumb wp-post-image\" alt=\"Kartonnage Joye is fabrikant kartonnen kokers en kartonnen hoekprofielen.\" \/><\/a>\n\t\t\t\t<div class=\"page-item-content\">\n\t\t\t\t\t<h5>Corni\u00e8res<\/h5>\n\t\t\t\t\t<p>Les profils,coins, corni\u00e8res protegent contre les \u00e9ventuels dommages, caus\u00e9s durant le chargement et le transport.<\/p>\n\t\t\t\t\t<a href=\"https:\/\/kartonnagejoye.be\/fr\/hoekprofielen\/\" class=\"read-more header-font\">LA SUITE <\/a>\n\t\t\t\t<\/div>\n\t\t\t<\/div>[vc_empty_space height=\u00a0\u00bb15px\u00a0\u00bb][\/vc_column][\/vc_row]<\/p>\n<\/div>","protected":false},"excerpt":{"rendered":"<p>[vc_row][vc_column width=\u00a0\u00bb1\/2&Prime;][vc_empty_space height=\u00a0\u00bb15px\u00a0\u00bb][\/vc_column][vc_column width=\u00a0\u00bb1\/2&Prime;][vc_empty_space height=\u00a0\u00bb15px\u00a0\u00bb][\/vc_column][\/vc_row]<\/p>\n","protected":false},"author":1,"featured_media":0,"parent":0,"menu_order":0,"comment_status":"closed","ping_status":"closed","template":"page-tpl_full_width.php","meta":{"footnotes":""},"yoast_head":"<!-- This site is optimized with the Yoast SEO plugin v23.5 - https:\/\/yoast.com\/wordpress\/plugins\/seo\/ -->\n<title>Produits &#8226; Joye Kartonnage SA<\/title>\n<meta name=\"description\" content=\"Kartonnage Joye NV is verdeler van kartonnen kokers en hoekprofielen. Contacteer ons gerust voor meer informatie omtrent onze producten.\" \/>\n<meta name=\"robots\" content=\"index, follow, max-snippet:-1, max-image-preview:large, max-video-preview:-1\" \/>\n<link rel=\"canonical\" href=\"https:\/\/kartonnagejoye.be\/fr\/producten\/\" \/>\n<meta property=\"og:locale\" content=\"fr_FR\" \/>\n<meta property=\"og:type\" content=\"article\" \/>\n<meta property=\"og:title\" content=\"Produits &#8226; Joye Kartonnage SA\" \/>\n<meta property=\"og:description\" content=\"Kartonnage Joye NV is verdeler van kartonnen kokers en hoekprofielen. Contacteer ons gerust voor meer informatie omtrent onze producten.\" \/>\n<meta property=\"og:url\" content=\"https:\/\/kartonnagejoye.be\/fr\/producten\/\" \/>\n<meta property=\"og:site_name\" content=\"Joye Kartonnage SA\" \/>\n<meta property=\"article:publisher\" content=\"https:\/\/www.facebook.com\/kartonnagejoye\/\" \/>\n<meta property=\"article:modified_time\" content=\"2017-02-20T10:33:34+00:00\" \/>\n<meta name=\"twitter:card\" content=\"summary_large_image\" \/>\n<script type=\"application\/ld+json\" class=\"yoast-schema-graph\">{\"@context\":\"https:\/\/schema.org\",\"@graph\":[{\"@type\":\"WebPage\",\"@id\":\"https:\/\/kartonnagejoye.be\/fr\/producten\/\",\"url\":\"https:\/\/kartonnagejoye.be\/fr\/producten\/\",\"name\":\"Produits &#8226; Joye Kartonnage SA\",\"isPartOf\":{\"@id\":\"https:\/\/kartonnagejoye.be\/#website\"},\"datePublished\":\"2016-02-13T14:10:47+00:00\",\"dateModified\":\"2017-02-20T10:33:34+00:00\",\"description\":\"Kartonnage Joye NV is verdeler van kartonnen kokers en hoekprofielen. Contacteer ons gerust voor meer informatie omtrent onze producten.\",\"breadcrumb\":{\"@id\":\"https:\/\/kartonnagejoye.be\/fr\/producten\/#breadcrumb\"},\"inLanguage\":\"fr-FR\",\"potentialAction\":[{\"@type\":\"ReadAction\",\"target\":[\"https:\/\/kartonnagejoye.be\/fr\/producten\/\"]}]},{\"@type\":\"BreadcrumbList\",\"@id\":\"https:\/\/kartonnagejoye.be\/fr\/producten\/#breadcrumb\",\"itemListElement\":[{\"@type\":\"ListItem\",\"position\":1,\"name\":\"Home\",\"item\":\"https:\/\/kartonnagejoye.be\/fr\/\"},{\"@type\":\"ListItem\",\"position\":2,\"name\":\"Produits\"}]},{\"@type\":\"WebSite\",\"@id\":\"https:\/\/kartonnagejoye.be\/#website\",\"url\":\"https:\/\/kartonnagejoye.be\/\",\"name\":\"Joye Kartonnage SA\",\"description\":\"Tubes et corni\u00e8res en carton \",\"potentialAction\":[{\"@type\":\"SearchAction\",\"target\":{\"@type\":\"EntryPoint\",\"urlTemplate\":\"https:\/\/kartonnagejoye.be\/?s={search_term_string}\"},\"query-input\":{\"@type\":\"PropertyValueSpecification\",\"valueRequired\":true,\"valueName\":\"search_term_string\"}}],\"inLanguage\":\"fr-FR\"}]}<\/script>\n<!-- \/ Yoast SEO plugin. -->","yoast_head_json":{"title":"Produits &#8226; Joye Kartonnage SA","description":"Kartonnage Joye NV is verdeler van kartonnen kokers en hoekprofielen. Contacteer ons gerust voor meer informatie omtrent onze producten.","robots":{"index":"index","follow":"follow","max-snippet":"max-snippet:-1","max-image-preview":"max-image-preview:large","max-video-preview":"max-video-preview:-1"},"canonical":"https:\/\/kartonnagejoye.be\/fr\/producten\/","og_locale":"fr_FR","og_type":"article","og_title":"Produits &#8226; Joye Kartonnage SA","og_description":"Kartonnage Joye NV is verdeler van kartonnen kokers en hoekprofielen. Contacteer ons gerust voor meer informatie omtrent onze producten.","og_url":"https:\/\/kartonnagejoye.be\/fr\/producten\/","og_site_name":"Joye Kartonnage SA","article_publisher":"https:\/\/www.facebook.com\/kartonnagejoye\/","article_modified_time":"2017-02-20T10:33:34+00:00","twitter_card":"summary_large_image","schema":{"@context":"https:\/\/schema.org","@graph":[{"@type":"WebPage","@id":"https:\/\/kartonnagejoye.be\/fr\/producten\/","url":"https:\/\/kartonnagejoye.be\/fr\/producten\/","name":"Produits &#8226; Joye Kartonnage SA","isPartOf":{"@id":"https:\/\/kartonnagejoye.be\/#website"},"datePublished":"2016-02-13T14:10:47+00:00","dateModified":"2017-02-20T10:33:34+00:00","description":"Kartonnage Joye NV is verdeler van kartonnen kokers en hoekprofielen. Contacteer ons gerust voor meer informatie omtrent onze producten.","breadcrumb":{"@id":"https:\/\/kartonnagejoye.be\/fr\/producten\/#breadcrumb"},"inLanguage":"fr-FR","potentialAction":[{"@type":"ReadAction","target":["https:\/\/kartonnagejoye.be\/fr\/producten\/"]}]},{"@type":"BreadcrumbList","@id":"https:\/\/kartonnagejoye.be\/fr\/producten\/#breadcrumb","itemListElement":[{"@type":"ListItem","position":1,"name":"Home","item":"https:\/\/kartonnagejoye.be\/fr\/"},{"@type":"ListItem","position":2,"name":"Produits"}]},{"@type":"WebSite","@id":"https:\/\/kartonnagejoye.be\/#website","url":"https:\/\/kartonnagejoye.be\/","name":"Joye Kartonnage SA","description":"Tubes et corni\u00e8res en carton ","potentialAction":[{"@type":"SearchAction","target":{"@type":"EntryPoint","urlTemplate":"https:\/\/kartonnagejoye.be\/?s={search_term_string}"},"query-input":{"@type":"PropertyValueSpecification","valueRequired":true,"valueName":"search_term_string"}}],"inLanguage":"fr-FR"}]}},"_links":{"self":[{"href":"https:\/\/kartonnagejoye.be\/fr\/wp-json\/wp\/v2\/pages\/883"}],"collection":[{"href":"https:\/\/kartonnagejoye.be\/fr\/wp-json\/wp\/v2\/pages"}],"about":[{"href":"https:\/\/kartonnagejoye.be\/fr\/wp-json\/wp\/v2\/types\/page"}],"author":[{"embeddable":true,"href":"https:\/\/kartonnagejoye.be\/fr\/wp-json\/wp\/v2\/users\/1"}],"replies":[{"embeddable":true,"href":"https:\/\/kartonnagejoye.be\/fr\/wp-json\/wp\/v2\/comments?post=883"}],"version-history":[{"count":5,"href":"https:\/\/kartonnagejoye.be\/fr\/wp-json\/wp\/v2\/pages\/883\/revisions"}],"predecessor-version":[{"id":1078,"href":"https:\/\/kartonnagejoye.be\/fr\/wp-json\/wp\/v2\/pages\/883\/revisions\/1078"}],"wp:attachment":[{"href":"https:\/\/kartonnagejoye.be\/fr\/wp-json\/wp\/v2\/media?parent=883"}],"curies":[{"name":"wp","href":"https:\/\/api.w.org\/{rel}","templated":true}]}}